{"id":3921,"date":"2023-01-02T20:34:56","date_gmt":"2023-01-02T20:34:56","guid":{"rendered":"https:\/\/microbladingbyklaudia.al\/test\/test\/?page_id=3921"},"modified":"2026-01-20T21:13:40","modified_gmt":"2026-01-20T21:13:40","slug":"punimi-microblading-me-fije-powder-me-sfumim","status":"publish","type":"page","link":"https:\/\/microbladingbyklaudia.al\/?page_id=3921","title":{"rendered":"Punimi Microblading"},"content":{"rendered":"<div class=\"wpb-content-wrapper\"><p>[vc_row content_placement=&#8221;middle&#8221;][vc_column width=&#8221;1\/6&#8243;][\/vc_column][vc_column width=&#8221;2\/3&#8243;]<div class=\"mkdf-elements-holder   mkdf-one-column  mkdf-responsive-mode-768 \" ><div class=\"mkdf-eh-item   mkdf-horizontal-alignment-center \"  data-item-class=\"mkdf-eh-custom-9881\">\n\t<div class=\"mkdf-eh-item-inner\">\n\t\t<div class=\"mkdf-eh-item-content mkdf-eh-custom-9881\" >\n\t\t\t<div class=\"mkdf-image-gallery  mkdf-ig-carousel-type mkdf-three-columns mkdf-huge-space  \">\n\t<div class=\"mkdf-ig-slider mkdf-owl-slider\" data-number-of-items=\"1\" data-enable-loop=\"yes\" data-enable-autoplay=\"yes\" data-slider-speed=\"5000\" data-slider-speed-animation=\"600\" data-slider-padding=\"no\" data-enable-navigation=\"yes\" data-enable-pagination=\"yes\">\n\t\t\t\t\t<div class=\"mkdf-ig-image\">\n\t\t\t\t\t\t\t\t\t<img loading=\"lazy\" decoding=\"async\" width=\"1920\" height=\"2560\" src=\"https:\/\/microbladingbyklaudia.al\/wp-content\/uploads\/2023\/02\/IMG_9849-scaled.jpg\" class=\"attachment-full size-full\" alt=\"\" srcset=\"https:\/\/microbladingbyklaudia.al\/wp-content\/uploads\/2023\/02\/IMG_9849-scaled.jpg 1920w, https:\/\/microbladingbyklaudia.al\/wp-content\/uploads\/2023\/02\/IMG_9849-225x300.jpg 225w, https:\/\/microbladingbyklaudia.al\/wp-content\/uploads\/2023\/02\/IMG_9849-768x1024.jpg 768w, https:\/\/microbladingbyklaudia.al\/wp-content\/uploads\/2023\/02\/IMG_9849-1152x1536.jpg 1152w, https:\/\/microbladingbyklaudia.al\/wp-content\/uploads\/2023\/02\/IMG_9849-1536x2048.jpg 1536w, https:\/\/microbladingbyklaudia.al\/wp-content\/uploads\/2023\/02\/IMG_9849-600x800.jpg 600w\" sizes=\"auto, (max-width: 1920px) 100vw, 1920px\" \/>\t\t\t\t\t\t\t<\/div>\n\t\t\t\t\t<div class=\"mkdf-ig-image\">\n\t\t\t\t\t\t\t\t\t<img loading=\"lazy\" decoding=\"async\" width=\"1920\" height=\"2560\" src=\"https:\/\/microbladingbyklaudia.al\/wp-content\/uploads\/2023\/02\/IMG_8556-scaled.jpg\" class=\"attachment-full size-full\" alt=\"\" srcset=\"https:\/\/microbladingbyklaudia.al\/wp-content\/uploads\/2023\/02\/IMG_8556-scaled.jpg 1920w, https:\/\/microbladingbyklaudia.al\/wp-content\/uploads\/2023\/02\/IMG_8556-225x300.jpg 225w, https:\/\/microbladingbyklaudia.al\/wp-content\/uploads\/2023\/02\/IMG_8556-768x1024.jpg 768w, https:\/\/microbladingbyklaudia.al\/wp-content\/uploads\/2023\/02\/IMG_8556-1152x1536.jpg 1152w, https:\/\/microbladingbyklaudia.al\/wp-content\/uploads\/2023\/02\/IMG_8556-1536x2048.jpg 1536w, https:\/\/microbladingbyklaudia.al\/wp-content\/uploads\/2023\/02\/IMG_8556-600x800.jpg 600w\" sizes=\"auto, (max-width: 1920px) 100vw, 1920px\" \/>\t\t\t\t\t\t\t<\/div>\n\t\t\t\t\t<div class=\"mkdf-ig-image\">\n\t\t\t\t\t\t\t\t\t<img loading=\"lazy\" decoding=\"async\" width=\"1920\" height=\"2560\" src=\"https:\/\/microbladingbyklaudia.al\/wp-content\/uploads\/2023\/02\/IMG_8489-scaled.jpg\" class=\"attachment-full size-full\" alt=\"\" srcset=\"https:\/\/microbladingbyklaudia.al\/wp-content\/uploads\/2023\/02\/IMG_8489-scaled.jpg 1920w, https:\/\/microbladingbyklaudia.al\/wp-content\/uploads\/2023\/02\/IMG_8489-225x300.jpg 225w, https:\/\/microbladingbyklaudia.al\/wp-content\/uploads\/2023\/02\/IMG_8489-768x1024.jpg 768w, https:\/\/microbladingbyklaudia.al\/wp-content\/uploads\/2023\/02\/IMG_8489-1152x1536.jpg 1152w, https:\/\/microbladingbyklaudia.al\/wp-content\/uploads\/2023\/02\/IMG_8489-1536x2048.jpg 1536w, https:\/\/microbladingbyklaudia.al\/wp-content\/uploads\/2023\/02\/IMG_8489-600x800.jpg 600w\" sizes=\"auto, (max-width: 1920px) 100vw, 1920px\" \/>\t\t\t\t\t\t\t<\/div>\n\t\t\t\t\t<div class=\"mkdf-ig-image\">\n\t\t\t\t\t\t\t\t\t<img loading=\"lazy\" decoding=\"async\" width=\"2048\" height=\"2560\" src=\"https:\/\/microbladingbyklaudia.al\/wp-content\/uploads\/2023\/02\/F78ED154-A0CD-4900-B75E-9A520B1BE4CE-scaled.jpeg\" class=\"attachment-full size-full\" alt=\"\" srcset=\"https:\/\/microbladingbyklaudia.al\/wp-content\/uploads\/2023\/02\/F78ED154-A0CD-4900-B75E-9A520B1BE4CE-scaled.jpeg 2048w, https:\/\/microbladingbyklaudia.al\/wp-content\/uploads\/2023\/02\/F78ED154-A0CD-4900-B75E-9A520B1BE4CE-240x300.jpeg 240w, https:\/\/microbladingbyklaudia.al\/wp-content\/uploads\/2023\/02\/F78ED154-A0CD-4900-B75E-9A520B1BE4CE-819x1024.jpeg 819w, https:\/\/microbladingbyklaudia.al\/wp-content\/uploads\/2023\/02\/F78ED154-A0CD-4900-B75E-9A520B1BE4CE-768x960.jpeg 768w, https:\/\/microbladingbyklaudia.al\/wp-content\/uploads\/2023\/02\/F78ED154-A0CD-4900-B75E-9A520B1BE4CE-1229x1536.jpeg 1229w, https:\/\/microbladingbyklaudia.al\/wp-content\/uploads\/2023\/02\/F78ED154-A0CD-4900-B75E-9A520B1BE4CE-1638x2048.jpeg 1638w, https:\/\/microbladingbyklaudia.al\/wp-content\/uploads\/2023\/02\/F78ED154-A0CD-4900-B75E-9A520B1BE4CE-600x750.jpeg 600w\" sizes=\"auto, (max-width: 2048px) 100vw, 2048px\" \/>\t\t\t\t\t\t\t<\/div>\n\t\t\t\t\t<div class=\"mkdf-ig-image\">\n\t\t\t\t\t\t\t\t\t<img loading=\"lazy\" decoding=\"async\" width=\"2048\" height=\"2560\" src=\"https:\/\/microbladingbyklaudia.al\/wp-content\/uploads\/2023\/02\/A1E3CA91-F18B-4ADA-9ED7-FACE087BE1FC-scaled.jpeg\" class=\"attachment-full size-full\" alt=\"\" srcset=\"https:\/\/microbladingbyklaudia.al\/wp-content\/uploads\/2023\/02\/A1E3CA91-F18B-4ADA-9ED7-FACE087BE1FC-scaled.jpeg 2048w, https:\/\/microbladingbyklaudia.al\/wp-content\/uploads\/2023\/02\/A1E3CA91-F18B-4ADA-9ED7-FACE087BE1FC-240x300.jpeg 240w, https:\/\/microbladingbyklaudia.al\/wp-content\/uploads\/2023\/02\/A1E3CA91-F18B-4ADA-9ED7-FACE087BE1FC-819x1024.jpeg 819w, https:\/\/microbladingbyklaudia.al\/wp-content\/uploads\/2023\/02\/A1E3CA91-F18B-4ADA-9ED7-FACE087BE1FC-768x960.jpeg 768w, https:\/\/microbladingbyklaudia.al\/wp-content\/uploads\/2023\/02\/A1E3CA91-F18B-4ADA-9ED7-FACE087BE1FC-1229x1536.jpeg 1229w, https:\/\/microbladingbyklaudia.al\/wp-content\/uploads\/2023\/02\/A1E3CA91-F18B-4ADA-9ED7-FACE087BE1FC-1638x2048.jpeg 1638w, https:\/\/microbladingbyklaudia.al\/wp-content\/uploads\/2023\/02\/A1E3CA91-F18B-4ADA-9ED7-FACE087BE1FC-600x750.jpeg 600w\" sizes=\"auto, (max-width: 2048px) 100vw, 2048px\" \/>\t\t\t\t\t\t\t<\/div>\n\t\t\t\t\t<div class=\"mkdf-ig-image\">\n\t\t\t\t\t\t\t\t\t<img loading=\"lazy\" decoding=\"async\" width=\"2048\" height=\"2560\" src=\"https:\/\/microbladingbyklaudia.al\/wp-content\/uploads\/2023\/02\/9864AF08-C047-4E4D-AB49-AC1E37861A74-scaled.jpeg\" class=\"attachment-full size-full\" alt=\"\" srcset=\"https:\/\/microbladingbyklaudia.al\/wp-content\/uploads\/2023\/02\/9864AF08-C047-4E4D-AB49-AC1E37861A74-scaled.jpeg 2048w, https:\/\/microbladingbyklaudia.al\/wp-content\/uploads\/2023\/02\/9864AF08-C047-4E4D-AB49-AC1E37861A74-240x300.jpeg 240w, https:\/\/microbladingbyklaudia.al\/wp-content\/uploads\/2023\/02\/9864AF08-C047-4E4D-AB49-AC1E37861A74-819x1024.jpeg 819w, https:\/\/microbladingbyklaudia.al\/wp-content\/uploads\/2023\/02\/9864AF08-C047-4E4D-AB49-AC1E37861A74-768x960.jpeg 768w, https:\/\/microbladingbyklaudia.al\/wp-content\/uploads\/2023\/02\/9864AF08-C047-4E4D-AB49-AC1E37861A74-1229x1536.jpeg 1229w, https:\/\/microbladingbyklaudia.al\/wp-content\/uploads\/2023\/02\/9864AF08-C047-4E4D-AB49-AC1E37861A74-1638x2048.jpeg 1638w, https:\/\/microbladingbyklaudia.al\/wp-content\/uploads\/2023\/02\/9864AF08-C047-4E4D-AB49-AC1E37861A74-600x750.jpeg 600w\" sizes=\"auto, (max-width: 2048px) 100vw, 2048px\" \/>\t\t\t\t\t\t\t<\/div>\n\t\t\t\t\t<div class=\"mkdf-ig-image\">\n\t\t\t\t\t\t\t\t\t<img loading=\"lazy\" decoding=\"async\" width=\"2031\" height=\"2538\" src=\"https:\/\/microbladingbyklaudia.al\/wp-content\/uploads\/2023\/02\/66F1DBE3-A2AD-4B5E-977A-E8885F88155C.jpeg\" class=\"attachment-full size-full\" alt=\"\" srcset=\"https:\/\/microbladingbyklaudia.al\/wp-content\/uploads\/2023\/02\/66F1DBE3-A2AD-4B5E-977A-E8885F88155C.jpeg 2031w, https:\/\/microbladingbyklaudia.al\/wp-content\/uploads\/2023\/02\/66F1DBE3-A2AD-4B5E-977A-E8885F88155C-240x300.jpeg 240w, https:\/\/microbladingbyklaudia.al\/wp-content\/uploads\/2023\/02\/66F1DBE3-A2AD-4B5E-977A-E8885F88155C-819x1024.jpeg 819w, https:\/\/microbladingbyklaudia.al\/wp-content\/uploads\/2023\/02\/66F1DBE3-A2AD-4B5E-977A-E8885F88155C-768x960.jpeg 768w, https:\/\/microbladingbyklaudia.al\/wp-content\/uploads\/2023\/02\/66F1DBE3-A2AD-4B5E-977A-E8885F88155C-1229x1536.jpeg 1229w, https:\/\/microbladingbyklaudia.al\/wp-content\/uploads\/2023\/02\/66F1DBE3-A2AD-4B5E-977A-E8885F88155C-1639x2048.jpeg 1639w, https:\/\/microbladingbyklaudia.al\/wp-content\/uploads\/2023\/02\/66F1DBE3-A2AD-4B5E-977A-E8885F88155C-600x750.jpeg 600w\" sizes=\"auto, (max-width: 2031px) 100vw, 2031px\" \/>\t\t\t\t\t\t\t<\/div>\n\t\t\t<\/div>\n<\/div>\t\t<\/div>\n\t<\/div>\n<\/div><\/div>[vc_empty_space][vc_column_text]Ndryshe nga tatuazhi i rregullt, ky lloj trajtimi \u00ebsht\u00eb nj\u00eb form\u00eb e artit t\u00eb tatuazhit 3D\u00a0ku pigmenti i caktuar futet n\u00eb l\u00ebkur\u00eb me an\u00eb t\u00eb nj\u00eb mjeti manual. Leht\u00ebsisht vizatohen fijet e qimeve t\u00eb vetullave sipas drejtimit t\u00eb rritjes s\u00eb tyre, duke imituar k\u00ebshtu qimet natyrale t\u00eb vetullave.<\/p>\n<p>Procedura: Para dhe gjat\u00eb procedur\u00ebs me lidocaine krem<\/p>\n<p>Dhimbje: 1\/10<\/p>\n<p>Koh\u00ebzgjatja:1-5 vite, n\u00eb var\u00ebsi te l\u00ebkur\u00ebs<\/p>\n<p>Seancat: 2 seanca me distanc\u00eb 1 muaj minimalisht[\/vc_column_text][\/vc_column][vc_column width=&#8221;1\/6&#8243;][\/vc_column][\/vc_row][vc_row][vc_column width=&#8221;1\/6&#8243;][\/vc_column][vc_column width=&#8221;2\/3&#8243;][vc_empty_space][\/vc_column][vc_column width=&#8221;1\/6&#8243;][\/vc_column][\/vc_row]<\/p>\n<\/div>","protected":false},"excerpt":{"rendered":"<p>[vc_row content_placement=&#8221;middle&#8221;][vc_column width=&#8221;1\/6&#8243;][\/vc_column][vc_column width=&#8221;2\/3&#8243;][vc_empty_space][vc_column_text]Ndryshe nga tatuazhi i rregullt, ky lloj trajtimi \u00ebsht\u00eb nj\u00eb form\u00eb e artit t\u00eb tatuazhit 3D\u00a0ku pigmenti i caktuar futet n\u00eb l\u00ebkur\u00eb me an\u00eb t\u00eb nj\u00eb mjeti manual. Leht\u00ebsisht vizatohen fijet e qimeve t\u00eb vetullave sipas drejtimit [&hellip;]<\/p>\n","protected":false},"author":1,"featured_media":0,"parent":0,"menu_order":0,"comment_status":"closed","ping_status":"closed","template":"","meta":{"footnotes":""},"class_list":["post-3921","page","type-page","status-publish","hentry"],"yoast_head":"<!-- This site is optimized with the Yoast SEO plugin v27.3 - https:\/\/yoast.com\/product\/yoast-seo-wordpress\/ -->\n<title>Punimi Microblading - Microblading By Klaudia<\/title>\n<meta name=\"robots\" content=\"index, follow, max-snippet:-1, max-image-preview:large, max-video-preview:-1\" \/>\n<link rel=\"canonical\" href=\"https:\/\/microbladingbyklaudia.al\/?page_id=3921\" \/>\n<meta property=\"og:locale\" content=\"sq_AL\" \/>\n<meta property=\"og:type\" content=\"article\" \/>\n<meta property=\"og:title\" content=\"Punimi Microblading - Microblading By Klaudia\" \/>\n<meta property=\"og:description\" content=\"[vc_row content_placement=&#8221;middle&#8221;][vc_column width=&#8221;1\/6&#8243;][\/vc_column][vc_column width=&#8221;2\/3&#8243;][vc_empty_space][vc_column_text]Ndryshe nga tatuazhi i rregullt, ky lloj trajtimi \u00ebsht\u00eb nj\u00eb form\u00eb e artit t\u00eb tatuazhit 3D\u00a0ku pigmenti i caktuar futet n\u00eb l\u00ebkur\u00eb me an\u00eb t\u00eb nj\u00eb mjeti manual. Leht\u00ebsisht vizatohen fijet e qimeve t\u00eb vetullave sipas drejtimit [&hellip;]\" \/>\n<meta property=\"og:url\" content=\"https:\/\/microbladingbyklaudia.al\/?page_id=3921\" \/>\n<meta property=\"og:site_name\" content=\"Microblading By Klaudia\" \/>\n<meta property=\"article:publisher\" content=\"https:\/\/www.facebook.com\/klaudiasaesthetic\/\" \/>\n<meta property=\"article:modified_time\" content=\"2026-01-20T21:13:40+00:00\" \/>\n<meta name=\"twitter:card\" content=\"summary_large_image\" \/>\n<meta name=\"twitter:label1\" content=\"Est. reading time\" \/>\n\t<meta name=\"twitter:data1\" content=\"2 minutes\" \/>\n<script type=\"application\/ld+json\" class=\"yoast-schema-graph\">{\"@context\":\"https:\\\/\\\/schema.org\",\"@graph\":[{\"@type\":\"WebPage\",\"@id\":\"https:\\\/\\\/microbladingbyklaudia.al\\\/?page_id=3921\",\"url\":\"https:\\\/\\\/microbladingbyklaudia.al\\\/?page_id=3921\",\"name\":\"Punimi Microblading - Microblading By Klaudia\",\"isPartOf\":{\"@id\":\"https:\\\/\\\/microbladingbyklaudia.al\\\/#website\"},\"datePublished\":\"2023-01-02T20:34:56+00:00\",\"dateModified\":\"2026-01-20T21:13:40+00:00\",\"breadcrumb\":{\"@id\":\"https:\\\/\\\/microbladingbyklaudia.al\\\/?page_id=3921#breadcrumb\"},\"inLanguage\":\"sq-AL\",\"potentialAction\":[{\"@type\":\"ReadAction\",\"target\":[\"https:\\\/\\\/microbladingbyklaudia.al\\\/?page_id=3921\"]}]},{\"@type\":\"BreadcrumbList\",\"@id\":\"https:\\\/\\\/microbladingbyklaudia.al\\\/?page_id=3921#breadcrumb\",\"itemListElement\":[{\"@type\":\"ListItem\",\"position\":1,\"name\":\"Home\",\"item\":\"https:\\\/\\\/microbladingbyklaudia.al\\\/\"},{\"@type\":\"ListItem\",\"position\":2,\"name\":\"Punimi Microblading\"}]},{\"@type\":\"WebSite\",\"@id\":\"https:\\\/\\\/microbladingbyklaudia.al\\\/#website\",\"url\":\"https:\\\/\\\/microbladingbyklaudia.al\\\/\",\"name\":\"Klaudia's Aesthetics\",\"description\":\"Microblading By Klaudia\",\"publisher\":{\"@id\":\"https:\\\/\\\/microbladingbyklaudia.al\\\/#organization\"},\"potentialAction\":[{\"@type\":\"SearchAction\",\"target\":{\"@type\":\"EntryPoint\",\"urlTemplate\":\"https:\\\/\\\/microbladingbyklaudia.al\\\/?s={search_term_string}\"},\"query-input\":{\"@type\":\"PropertyValueSpecification\",\"valueRequired\":true,\"valueName\":\"search_term_string\"}}],\"inLanguage\":\"sq-AL\"},{\"@type\":\"Organization\",\"@id\":\"https:\\\/\\\/microbladingbyklaudia.al\\\/#organization\",\"name\":\"Klaudia's Aesthetics\",\"url\":\"https:\\\/\\\/microbladingbyklaudia.al\\\/\",\"logo\":{\"@type\":\"ImageObject\",\"inLanguage\":\"sq-AL\",\"@id\":\"https:\\\/\\\/microbladingbyklaudia.al\\\/#\\\/schema\\\/logo\\\/image\\\/\",\"url\":\"https:\\\/\\\/microbladingbyklaudia.al\\\/wp-content\\\/uploads\\\/2023\\\/02\\\/1-removebg-preview-e1676483562292.png\",\"contentUrl\":\"https:\\\/\\\/microbladingbyklaudia.al\\\/wp-content\\\/uploads\\\/2023\\\/02\\\/1-removebg-preview-e1676483562292.png\",\"width\":250,\"height\":250,\"caption\":\"Klaudia's Aesthetics\"},\"image\":{\"@id\":\"https:\\\/\\\/microbladingbyklaudia.al\\\/#\\\/schema\\\/logo\\\/image\\\/\"},\"sameAs\":[\"https:\\\/\\\/www.facebook.com\\\/klaudiasaesthetic\\\/\",\"https:\\\/\\\/www.instagram.com\\\/klaudias_aesthetic\\\/\"]}]}<\/script>\n<!-- \/ Yoast SEO plugin. -->","yoast_head_json":{"title":"Punimi Microblading - Microblading By Klaudia","robots":{"index":"index","follow":"follow","max-snippet":"max-snippet:-1","max-image-preview":"max-image-preview:large","max-video-preview":"max-video-preview:-1"},"canonical":"https:\/\/microbladingbyklaudia.al\/?page_id=3921","og_locale":"sq_AL","og_type":"article","og_title":"Punimi Microblading - Microblading By Klaudia","og_description":"[vc_row content_placement=&#8221;middle&#8221;][vc_column width=&#8221;1\/6&#8243;][\/vc_column][vc_column width=&#8221;2\/3&#8243;][vc_empty_space][vc_column_text]Ndryshe nga tatuazhi i rregullt, ky lloj trajtimi \u00ebsht\u00eb nj\u00eb form\u00eb e artit t\u00eb tatuazhit 3D\u00a0ku pigmenti i caktuar futet n\u00eb l\u00ebkur\u00eb me an\u00eb t\u00eb nj\u00eb mjeti manual. Leht\u00ebsisht vizatohen fijet e qimeve t\u00eb vetullave sipas drejtimit [&hellip;]","og_url":"https:\/\/microbladingbyklaudia.al\/?page_id=3921","og_site_name":"Microblading By Klaudia","article_publisher":"https:\/\/www.facebook.com\/klaudiasaesthetic\/","article_modified_time":"2026-01-20T21:13:40+00:00","twitter_card":"summary_large_image","twitter_misc":{"Est. reading time":"2 minutes"},"schema":{"@context":"https:\/\/schema.org","@graph":[{"@type":"WebPage","@id":"https:\/\/microbladingbyklaudia.al\/?page_id=3921","url":"https:\/\/microbladingbyklaudia.al\/?page_id=3921","name":"Punimi Microblading - Microblading By Klaudia","isPartOf":{"@id":"https:\/\/microbladingbyklaudia.al\/#website"},"datePublished":"2023-01-02T20:34:56+00:00","dateModified":"2026-01-20T21:13:40+00:00","breadcrumb":{"@id":"https:\/\/microbladingbyklaudia.al\/?page_id=3921#breadcrumb"},"inLanguage":"sq-AL","potentialAction":[{"@type":"ReadAction","target":["https:\/\/microbladingbyklaudia.al\/?page_id=3921"]}]},{"@type":"BreadcrumbList","@id":"https:\/\/microbladingbyklaudia.al\/?page_id=3921#breadcrumb","itemListElement":[{"@type":"ListItem","position":1,"name":"Home","item":"https:\/\/microbladingbyklaudia.al\/"},{"@type":"ListItem","position":2,"name":"Punimi Microblading"}]},{"@type":"WebSite","@id":"https:\/\/microbladingbyklaudia.al\/#website","url":"https:\/\/microbladingbyklaudia.al\/","name":"Klaudia's Aesthetics","description":"Microblading By Klaudia","publisher":{"@id":"https:\/\/microbladingbyklaudia.al\/#organization"},"potentialAction":[{"@type":"SearchAction","target":{"@type":"EntryPoint","urlTemplate":"https:\/\/microbladingbyklaudia.al\/?s={search_term_string}"},"query-input":{"@type":"PropertyValueSpecification","valueRequired":true,"valueName":"search_term_string"}}],"inLanguage":"sq-AL"},{"@type":"Organization","@id":"https:\/\/microbladingbyklaudia.al\/#organization","name":"Klaudia's Aesthetics","url":"https:\/\/microbladingbyklaudia.al\/","logo":{"@type":"ImageObject","inLanguage":"sq-AL","@id":"https:\/\/microbladingbyklaudia.al\/#\/schema\/logo\/image\/","url":"https:\/\/microbladingbyklaudia.al\/wp-content\/uploads\/2023\/02\/1-removebg-preview-e1676483562292.png","contentUrl":"https:\/\/microbladingbyklaudia.al\/wp-content\/uploads\/2023\/02\/1-removebg-preview-e1676483562292.png","width":250,"height":250,"caption":"Klaudia's Aesthetics"},"image":{"@id":"https:\/\/microbladingbyklaudia.al\/#\/schema\/logo\/image\/"},"sameAs":["https:\/\/www.facebook.com\/klaudiasaesthetic\/","https:\/\/www.instagram.com\/klaudias_aesthetic\/"]}]}},"_links":{"self":[{"href":"https:\/\/microbladingbyklaudia.al\/index.php?rest_route=\/wp\/v2\/pages\/3921","targetHints":{"allow":["GET"]}}],"collection":[{"href":"https:\/\/microbladingbyklaudia.al\/index.php?rest_route=\/wp\/v2\/pages"}],"about":[{"href":"https:\/\/microbladingbyklaudia.al\/index.php?rest_route=\/wp\/v2\/types\/page"}],"author":[{"embeddable":true,"href":"https:\/\/microbladingbyklaudia.al\/index.php?rest_route=\/wp\/v2\/users\/1"}],"replies":[{"embeddable":true,"href":"https:\/\/microbladingbyklaudia.al\/index.php?rest_route=%2Fwp%2Fv2%2Fcomments&post=3921"}],"version-history":[{"count":32,"href":"https:\/\/microbladingbyklaudia.al\/index.php?rest_route=\/wp\/v2\/pages\/3921\/revisions"}],"predecessor-version":[{"id":7012,"href":"https:\/\/microbladingbyklaudia.al\/index.php?rest_route=\/wp\/v2\/pages\/3921\/revisions\/7012"}],"wp:attachment":[{"href":"https:\/\/microbladingbyklaudia.al\/index.php?rest_route=%2Fwp%2Fv2%2Fmedia&parent=3921"}],"curies":[{"name":"wp","href":"https:\/\/api.w.org\/{rel}","templated":true}]}}