{"id":3960,"date":"2023-01-02T21:51:00","date_gmt":"2023-01-02T21:51:00","guid":{"rendered":"https:\/\/microbladingbyklaudia.al\/test\/test\/?page_id=3960"},"modified":"2024-04-13T10:15:51","modified_gmt":"2024-04-13T10:15:51","slug":"3960-2","status":"publish","type":"page","link":"https:\/\/microbladingbyklaudia.al\/?page_id=3960","title":{"rendered":"Eyelashes Extension"},"content":{"rendered":"<div class=\"wpb-content-wrapper\"><p>[vc_row][vc_column width=&#8221;1\/6&#8243;][\/vc_column][vc_column width=&#8221;2\/3&#8243;]<div class=\"mkdf-image-gallery  mkdf-ig-slider-type mkdf-three-columns mkdf-huge-space  \">\n\t<div class=\"mkdf-ig-slider mkdf-owl-slider\" data-number-of-items=\"1\" data-enable-loop=\"yes\" data-enable-autoplay=\"yes\" data-slider-speed=\"5000\" data-slider-speed-animation=\"600\" data-slider-padding=\"no\" data-enable-navigation=\"yes\" data-enable-pagination=\"yes\">\n\t\t\t\t\t<div class=\"mkdf-ig-image\">\n\t\t\t\t\t\t\t\t\t<img loading=\"lazy\" decoding=\"async\" width=\"1914\" height=\"2560\" src=\"https:\/\/microbladingbyklaudia.al\/wp-content\/uploads\/2023\/02\/IMG_8435-scaled.jpg\" class=\"attachment-full size-full\" alt=\"\" srcset=\"https:\/\/microbladingbyklaudia.al\/wp-content\/uploads\/2023\/02\/IMG_8435-scaled.jpg 1914w, https:\/\/microbladingbyklaudia.al\/wp-content\/uploads\/2023\/02\/IMG_8435-224x300.jpg 224w, https:\/\/microbladingbyklaudia.al\/wp-content\/uploads\/2023\/02\/IMG_8435-766x1024.jpg 766w, https:\/\/microbladingbyklaudia.al\/wp-content\/uploads\/2023\/02\/IMG_8435-768x1027.jpg 768w, https:\/\/microbladingbyklaudia.al\/wp-content\/uploads\/2023\/02\/IMG_8435-1148x1536.jpg 1148w, https:\/\/microbladingbyklaudia.al\/wp-content\/uploads\/2023\/02\/IMG_8435-1531x2048.jpg 1531w\" sizes=\"auto, (max-width: 1914px) 100vw, 1914px\" \/>\t\t\t\t\t\t\t<\/div>\n\t\t\t\t\t<div class=\"mkdf-ig-image\">\n\t\t\t\t\t\t\t\t\t<img loading=\"lazy\" decoding=\"async\" width=\"2070\" height=\"2560\" src=\"https:\/\/microbladingbyklaudia.al\/wp-content\/uploads\/2023\/02\/29BCC266-9368-41B2-864A-2F9FB99A4CD0-scaled.jpeg\" class=\"attachment-full size-full\" alt=\"\" srcset=\"https:\/\/microbladingbyklaudia.al\/wp-content\/uploads\/2023\/02\/29BCC266-9368-41B2-864A-2F9FB99A4CD0-scaled.jpeg 2070w, https:\/\/microbladingbyklaudia.al\/wp-content\/uploads\/2023\/02\/29BCC266-9368-41B2-864A-2F9FB99A4CD0-243x300.jpeg 243w, https:\/\/microbladingbyklaudia.al\/wp-content\/uploads\/2023\/02\/29BCC266-9368-41B2-864A-2F9FB99A4CD0-828x1024.jpeg 828w, https:\/\/microbladingbyklaudia.al\/wp-content\/uploads\/2023\/02\/29BCC266-9368-41B2-864A-2F9FB99A4CD0-768x950.jpeg 768w, https:\/\/microbladingbyklaudia.al\/wp-content\/uploads\/2023\/02\/29BCC266-9368-41B2-864A-2F9FB99A4CD0-1242x1536.jpeg 1242w, https:\/\/microbladingbyklaudia.al\/wp-content\/uploads\/2023\/02\/29BCC266-9368-41B2-864A-2F9FB99A4CD0-1656x2048.jpeg 1656w\" sizes=\"auto, (max-width: 2070px) 100vw, 2070px\" \/>\t\t\t\t\t\t\t<\/div>\n\t\t\t<\/div>\n<\/div>[vc_empty_space height=&#8221;64px&#8221;][vc_column_text]<\/p>\n<div class=\"title-services\">\n<h5>Eyelashes extentsion<\/h5>\n<\/div>\n<div class=\"blog-content\">\n<p>Lash extentsion jan\u00eb qerpik\u00eb sintetik\u00eb, por shum\u00eb natyral\u00eb: jan\u00eb t\u00eb but\u00eb dhe t\u00eb p\u00ebrkulsh\u00ebm si qerpik\u00ebt e v\u00ebrtet\u00eb dhe nuk kan\u00eb fare ngjashm\u00ebri me ato tufat e qerpik\u00ebve fallco q\u00eb p\u00ebrdoreshin n\u00eb t\u00eb kaluar\u00ebn. Ky trajtim n\u00ebnkupton zgjatjen e qerpik\u00ebve n\u00ebp\u00ebrmjet ngjitjes s\u00eb nj\u00eb numri extension p\u00ebr \u00e7do sy, q\u00eb nga 30 deri n\u00eb 100, n\u00eb baz\u00eb t\u00eb efektit q\u00eb duam t\u00eb kemi dhe t\u00eb \u00e7mimit q\u00eb mund t\u00eb paguajm\u00eb.<br \/>\nLash extension vendosen duke p\u00ebrdorur si baz\u00eb qerpik\u00ebt natyral\u00eb dhe ngjiten nj\u00eb nga nj\u00eb n\u00ebp\u00ebrmjet nj\u00eb pince t\u00eb vog\u00ebl dhe nj\u00eb ngjit\u00ebse joalergjike. Ekzistojn\u00eb extension p\u00ebr qerpik\u00ebt me ngjyra t\u00eb shum\u00ebllojshme, trash\u00ebsi dhe gjat\u00ebsi dhe p\u00ebrkulje nga m\u00eb t\u00eb ndryshmet, p\u00ebr t\u2019u p\u00ebrshtatur sa m\u00eb mir\u00eb me v\u00ebshtrimin tuaj.<\/p>\n<\/div>\n<p>[\/vc_column_text][vc_empty_space height=&#8221;64px&#8221;][\/vc_column][vc_column width=&#8221;1\/6&#8243;][\/vc_column][\/vc_row][vc_row][vc_column width=&#8221;1\/2&#8243;]<div class=\"mkdf-video-button-holder  mkdf-vb-has-img \">\n\t<div class=\"mkdf-video-button-image\">\n\t\t<img loading=\"lazy\" decoding=\"async\" width=\"1920\" height=\"620\" src=\"https:\/\/microbladingbyklaudia.al\/wp-content\/uploads\/2023\/02\/fotor_2023-2-26_22_31_37.jpg\" class=\"attachment-full size-full\" alt=\"\" srcset=\"https:\/\/microbladingbyklaudia.al\/wp-content\/uploads\/2023\/02\/fotor_2023-2-26_22_31_37.jpg 1920w, https:\/\/microbladingbyklaudia.al\/wp-content\/uploads\/2023\/02\/fotor_2023-2-26_22_31_37-300x97.jpg 300w, https:\/\/microbladingbyklaudia.al\/wp-content\/uploads\/2023\/02\/fotor_2023-2-26_22_31_37-1024x331.jpg 1024w, https:\/\/microbladingbyklaudia.al\/wp-content\/uploads\/2023\/02\/fotor_2023-2-26_22_31_37-768x248.jpg 768w, https:\/\/microbladingbyklaudia.al\/wp-content\/uploads\/2023\/02\/fotor_2023-2-26_22_31_37-1536x496.jpg 1536w\" sizes=\"auto, (max-width: 1920px) 100vw, 1920px\" \/>\t<\/div>\n\t\t\t<a class=\"mkdf-video-button-play\" href=\"https:\/\/microbladingbyklaudia.al\/wp-content\/uploads\/2024\/03\/20230812162827700.mp4\" data-rel=\"prettyPhoto[video_button_pretty_photo_396]\">\n\t\t\t<span class=\"mkdf-video-button-play-inner\">\n\t\t\t\t<span class=\"mkdf-video-button-play-bg\" >\n\t\t\t\t\t<span class=\"mkdf-video-button-play-icon icon-control-play\" ><\/span>\n\t\t\t\t<\/span>\n\t\t\t<\/span>\n\t\t<\/a>\n\t<\/div>[\/vc_column][vc_column width=&#8221;1\/2&#8243;]<div class=\"mkdf-video-button-holder  mkdf-vb-has-img \">\n\t<div class=\"mkdf-video-button-image\">\n\t\t<img loading=\"lazy\" decoding=\"async\" width=\"1920\" height=\"615\" src=\"https:\/\/microbladingbyklaudia.al\/wp-content\/uploads\/2023\/02\/fotor_2023-2-15_22_31_38.jpg\" class=\"attachment-full size-full\" alt=\"\" srcset=\"https:\/\/microbladingbyklaudia.al\/wp-content\/uploads\/2023\/02\/fotor_2023-2-15_22_31_38.jpg 1920w, https:\/\/microbladingbyklaudia.al\/wp-content\/uploads\/2023\/02\/fotor_2023-2-15_22_31_38-300x96.jpg 300w, https:\/\/microbladingbyklaudia.al\/wp-content\/uploads\/2023\/02\/fotor_2023-2-15_22_31_38-1024x328.jpg 1024w, https:\/\/microbladingbyklaudia.al\/wp-content\/uploads\/2023\/02\/fotor_2023-2-15_22_31_38-768x246.jpg 768w, https:\/\/microbladingbyklaudia.al\/wp-content\/uploads\/2023\/02\/fotor_2023-2-15_22_31_38-1536x492.jpg 1536w\" sizes=\"auto, (max-width: 1920px) 100vw, 1920px\" \/>\t<\/div>\n\t\t\t<a class=\"mkdf-video-button-play\" href=\"https:\/\/microbladingbyklaudia.al\/wp-content\/uploads\/2024\/03\/20230725212339498.mp4\" data-rel=\"prettyPhoto[video_button_pretty_photo_330]\">\n\t\t\t<span class=\"mkdf-video-button-play-inner\">\n\t\t\t\t<span class=\"mkdf-video-button-play-bg\" >\n\t\t\t\t\t<span class=\"mkdf-video-button-play-icon icon-control-play\" ><\/span>\n\t\t\t\t<\/span>\n\t\t\t<\/span>\n\t\t<\/a>\n\t<\/div>[\/vc_column][\/vc_row][vc_row][vc_column width=&#8221;1\/3&#8243;][\/vc_column][vc_column width=&#8221;1\/3&#8243;][vc_empty_space]<div class=\"mkdf-video-button-holder  mkdf-vb-has-img \">\n\t<div class=\"mkdf-video-button-image\">\n\t\t<img loading=\"lazy\" decoding=\"async\" width=\"1914\" height=\"2560\" src=\"https:\/\/microbladingbyklaudia.al\/wp-content\/uploads\/2023\/02\/IMG_8435-scaled.jpg\" class=\"attachment-full size-full\" alt=\"\" srcset=\"https:\/\/microbladingbyklaudia.al\/wp-content\/uploads\/2023\/02\/IMG_8435-scaled.jpg 1914w, https:\/\/microbladingbyklaudia.al\/wp-content\/uploads\/2023\/02\/IMG_8435-224x300.jpg 224w, https:\/\/microbladingbyklaudia.al\/wp-content\/uploads\/2023\/02\/IMG_8435-766x1024.jpg 766w, https:\/\/microbladingbyklaudia.al\/wp-content\/uploads\/2023\/02\/IMG_8435-768x1027.jpg 768w, https:\/\/microbladingbyklaudia.al\/wp-content\/uploads\/2023\/02\/IMG_8435-1148x1536.jpg 1148w, https:\/\/microbladingbyklaudia.al\/wp-content\/uploads\/2023\/02\/IMG_8435-1531x2048.jpg 1531w\" sizes=\"auto, (max-width: 1914px) 100vw, 1914px\" \/>\t<\/div>\n\t\t\t<a class=\"mkdf-video-button-play\" href=\"https:\/\/microbladingbyklaudia.al\/wp-content\/uploads\/2024\/04\/Lash-Extension.mp4\" data-rel=\"prettyPhoto[video_button_pretty_photo_802]\">\n\t\t\t<span class=\"mkdf-video-button-play-inner\">\n\t\t\t\t<span class=\"mkdf-video-button-play-bg\" >\n\t\t\t\t\t<span class=\"mkdf-video-button-play-icon icon-control-play\" ><\/span>\n\t\t\t\t<\/span>\n\t\t\t<\/span>\n\t\t<\/a>\n\t<\/div>[\/vc_column][vc_column width=&#8221;1\/3&#8243;][\/vc_column][\/vc_row]<\/p>\n<\/div>","protected":false},"excerpt":{"rendered":"<p>[vc_row][vc_column width=&#8221;1\/6&#8243;][\/vc_column][vc_column width=&#8221;2\/3&#8243;][vc_empty_space height=&#8221;64px&#8221;][vc_column_text] Eyelashes extentsion Lash extentsion jan\u00eb qerpik\u00eb sintetik\u00eb, por shum\u00eb natyral\u00eb: jan\u00eb t\u00eb but\u00eb dhe t\u00eb p\u00ebrkulsh\u00ebm si qerpik\u00ebt e v\u00ebrtet\u00eb dhe nuk kan\u00eb fare ngjashm\u00ebri me ato tufat e qerpik\u00ebve fallco q\u00eb p\u00ebrdoreshin n\u00eb t\u00eb kaluar\u00ebn. [&hellip;]<\/p>\n","protected":false},"author":1,"featured_media":0,"parent":0,"menu_order":0,"comment_status":"closed","ping_status":"closed","template":"","meta":{"footnotes":""},"class_list":["post-3960","page","type-page","status-publish","hentry"],"yoast_head":"<!-- This site is optimized with the Yoast SEO plugin v27.3 - https:\/\/yoast.com\/product\/yoast-seo-wordpress\/ -->\n<title>Eyelashes Extension - Microblading By Klaudia<\/title>\n<meta name=\"robots\" content=\"index, follow, max-snippet:-1, max-image-preview:large, max-video-preview:-1\" \/>\n<link rel=\"canonical\" href=\"https:\/\/microbladingbyklaudia.al\/?page_id=3960\" \/>\n<meta property=\"og:locale\" content=\"sq_AL\" \/>\n<meta property=\"og:type\" content=\"article\" \/>\n<meta property=\"og:title\" content=\"Eyelashes Extension - Microblading By Klaudia\" \/>\n<meta property=\"og:description\" content=\"[vc_row][vc_column width=&#8221;1\/6&#8243;][\/vc_column][vc_column width=&#8221;2\/3&#8243;][vc_empty_space height=&#8221;64px&#8221;][vc_column_text] Eyelashes extentsion Lash extentsion jan\u00eb qerpik\u00eb sintetik\u00eb, por shum\u00eb natyral\u00eb: jan\u00eb t\u00eb but\u00eb dhe t\u00eb p\u00ebrkulsh\u00ebm si qerpik\u00ebt e v\u00ebrtet\u00eb dhe nuk kan\u00eb fare ngjashm\u00ebri me ato tufat e qerpik\u00ebve fallco q\u00eb p\u00ebrdoreshin n\u00eb t\u00eb kaluar\u00ebn. [&hellip;]\" \/>\n<meta property=\"og:url\" content=\"https:\/\/microbladingbyklaudia.al\/?page_id=3960\" \/>\n<meta property=\"og:site_name\" content=\"Microblading By Klaudia\" \/>\n<meta property=\"article:publisher\" content=\"https:\/\/www.facebook.com\/klaudiasaesthetic\/\" \/>\n<meta property=\"article:modified_time\" content=\"2024-04-13T10:15:51+00:00\" \/>\n<meta name=\"twitter:card\" content=\"summary_large_image\" \/>\n<meta name=\"twitter:label1\" content=\"Est. reading time\" \/>\n\t<meta name=\"twitter:data1\" content=\"2 minutes\" \/>\n<script type=\"application\/ld+json\" class=\"yoast-schema-graph\">{\"@context\":\"https:\\\/\\\/schema.org\",\"@graph\":[{\"@type\":\"WebPage\",\"@id\":\"https:\\\/\\\/microbladingbyklaudia.al\\\/?page_id=3960\",\"url\":\"https:\\\/\\\/microbladingbyklaudia.al\\\/?page_id=3960\",\"name\":\"Eyelashes Extension - Microblading By Klaudia\",\"isPartOf\":{\"@id\":\"https:\\\/\\\/microbladingbyklaudia.al\\\/#website\"},\"datePublished\":\"2023-01-02T21:51:00+00:00\",\"dateModified\":\"2024-04-13T10:15:51+00:00\",\"breadcrumb\":{\"@id\":\"https:\\\/\\\/microbladingbyklaudia.al\\\/?page_id=3960#breadcrumb\"},\"inLanguage\":\"sq-AL\",\"potentialAction\":[{\"@type\":\"ReadAction\",\"target\":[\"https:\\\/\\\/microbladingbyklaudia.al\\\/?page_id=3960\"]}]},{\"@type\":\"BreadcrumbList\",\"@id\":\"https:\\\/\\\/microbladingbyklaudia.al\\\/?page_id=3960#breadcrumb\",\"itemListElement\":[{\"@type\":\"ListItem\",\"position\":1,\"name\":\"Home\",\"item\":\"https:\\\/\\\/microbladingbyklaudia.al\\\/\"},{\"@type\":\"ListItem\",\"position\":2,\"name\":\"Eyelashes Extension\"}]},{\"@type\":\"WebSite\",\"@id\":\"https:\\\/\\\/microbladingbyklaudia.al\\\/#website\",\"url\":\"https:\\\/\\\/microbladingbyklaudia.al\\\/\",\"name\":\"Klaudia's Aesthetics\",\"description\":\"Microblading By Klaudia\",\"publisher\":{\"@id\":\"https:\\\/\\\/microbladingbyklaudia.al\\\/#organization\"},\"potentialAction\":[{\"@type\":\"SearchAction\",\"target\":{\"@type\":\"EntryPoint\",\"urlTemplate\":\"https:\\\/\\\/microbladingbyklaudia.al\\\/?s={search_term_string}\"},\"query-input\":{\"@type\":\"PropertyValueSpecification\",\"valueRequired\":true,\"valueName\":\"search_term_string\"}}],\"inLanguage\":\"sq-AL\"},{\"@type\":\"Organization\",\"@id\":\"https:\\\/\\\/microbladingbyklaudia.al\\\/#organization\",\"name\":\"Klaudia's Aesthetics\",\"url\":\"https:\\\/\\\/microbladingbyklaudia.al\\\/\",\"logo\":{\"@type\":\"ImageObject\",\"inLanguage\":\"sq-AL\",\"@id\":\"https:\\\/\\\/microbladingbyklaudia.al\\\/#\\\/schema\\\/logo\\\/image\\\/\",\"url\":\"https:\\\/\\\/microbladingbyklaudia.al\\\/wp-content\\\/uploads\\\/2023\\\/02\\\/1-removebg-preview-e1676483562292.png\",\"contentUrl\":\"https:\\\/\\\/microbladingbyklaudia.al\\\/wp-content\\\/uploads\\\/2023\\\/02\\\/1-removebg-preview-e1676483562292.png\",\"width\":250,\"height\":250,\"caption\":\"Klaudia's Aesthetics\"},\"image\":{\"@id\":\"https:\\\/\\\/microbladingbyklaudia.al\\\/#\\\/schema\\\/logo\\\/image\\\/\"},\"sameAs\":[\"https:\\\/\\\/www.facebook.com\\\/klaudiasaesthetic\\\/\",\"https:\\\/\\\/www.instagram.com\\\/klaudias_aesthetic\\\/\"]}]}<\/script>\n<!-- \/ Yoast SEO plugin. -->","yoast_head_json":{"title":"Eyelashes Extension - Microblading By Klaudia","robots":{"index":"index","follow":"follow","max-snippet":"max-snippet:-1","max-image-preview":"max-image-preview:large","max-video-preview":"max-video-preview:-1"},"canonical":"https:\/\/microbladingbyklaudia.al\/?page_id=3960","og_locale":"sq_AL","og_type":"article","og_title":"Eyelashes Extension - Microblading By Klaudia","og_description":"[vc_row][vc_column width=&#8221;1\/6&#8243;][\/vc_column][vc_column width=&#8221;2\/3&#8243;][vc_empty_space height=&#8221;64px&#8221;][vc_column_text] Eyelashes extentsion Lash extentsion jan\u00eb qerpik\u00eb sintetik\u00eb, por shum\u00eb natyral\u00eb: jan\u00eb t\u00eb but\u00eb dhe t\u00eb p\u00ebrkulsh\u00ebm si qerpik\u00ebt e v\u00ebrtet\u00eb dhe nuk kan\u00eb fare ngjashm\u00ebri me ato tufat e qerpik\u00ebve fallco q\u00eb p\u00ebrdoreshin n\u00eb t\u00eb kaluar\u00ebn. [&hellip;]","og_url":"https:\/\/microbladingbyklaudia.al\/?page_id=3960","og_site_name":"Microblading By Klaudia","article_publisher":"https:\/\/www.facebook.com\/klaudiasaesthetic\/","article_modified_time":"2024-04-13T10:15:51+00:00","twitter_card":"summary_large_image","twitter_misc":{"Est. reading time":"2 minutes"},"schema":{"@context":"https:\/\/schema.org","@graph":[{"@type":"WebPage","@id":"https:\/\/microbladingbyklaudia.al\/?page_id=3960","url":"https:\/\/microbladingbyklaudia.al\/?page_id=3960","name":"Eyelashes Extension - Microblading By Klaudia","isPartOf":{"@id":"https:\/\/microbladingbyklaudia.al\/#website"},"datePublished":"2023-01-02T21:51:00+00:00","dateModified":"2024-04-13T10:15:51+00:00","breadcrumb":{"@id":"https:\/\/microbladingbyklaudia.al\/?page_id=3960#breadcrumb"},"inLanguage":"sq-AL","potentialAction":[{"@type":"ReadAction","target":["https:\/\/microbladingbyklaudia.al\/?page_id=3960"]}]},{"@type":"BreadcrumbList","@id":"https:\/\/microbladingbyklaudia.al\/?page_id=3960#breadcrumb","itemListElement":[{"@type":"ListItem","position":1,"name":"Home","item":"https:\/\/microbladingbyklaudia.al\/"},{"@type":"ListItem","position":2,"name":"Eyelashes Extension"}]},{"@type":"WebSite","@id":"https:\/\/microbladingbyklaudia.al\/#website","url":"https:\/\/microbladingbyklaudia.al\/","name":"Klaudia's Aesthetics","description":"Microblading By Klaudia","publisher":{"@id":"https:\/\/microbladingbyklaudia.al\/#organization"},"potentialAction":[{"@type":"SearchAction","target":{"@type":"EntryPoint","urlTemplate":"https:\/\/microbladingbyklaudia.al\/?s={search_term_string}"},"query-input":{"@type":"PropertyValueSpecification","valueRequired":true,"valueName":"search_term_string"}}],"inLanguage":"sq-AL"},{"@type":"Organization","@id":"https:\/\/microbladingbyklaudia.al\/#organization","name":"Klaudia's Aesthetics","url":"https:\/\/microbladingbyklaudia.al\/","logo":{"@type":"ImageObject","inLanguage":"sq-AL","@id":"https:\/\/microbladingbyklaudia.al\/#\/schema\/logo\/image\/","url":"https:\/\/microbladingbyklaudia.al\/wp-content\/uploads\/2023\/02\/1-removebg-preview-e1676483562292.png","contentUrl":"https:\/\/microbladingbyklaudia.al\/wp-content\/uploads\/2023\/02\/1-removebg-preview-e1676483562292.png","width":250,"height":250,"caption":"Klaudia's Aesthetics"},"image":{"@id":"https:\/\/microbladingbyklaudia.al\/#\/schema\/logo\/image\/"},"sameAs":["https:\/\/www.facebook.com\/klaudiasaesthetic\/","https:\/\/www.instagram.com\/klaudias_aesthetic\/"]}]}},"_links":{"self":[{"href":"https:\/\/microbladingbyklaudia.al\/index.php?rest_route=\/wp\/v2\/pages\/3960","targetHints":{"allow":["GET"]}}],"collection":[{"href":"https:\/\/microbladingbyklaudia.al\/index.php?rest_route=\/wp\/v2\/pages"}],"about":[{"href":"https:\/\/microbladingbyklaudia.al\/index.php?rest_route=\/wp\/v2\/types\/page"}],"author":[{"embeddable":true,"href":"https:\/\/microbladingbyklaudia.al\/index.php?rest_route=\/wp\/v2\/users\/1"}],"replies":[{"embeddable":true,"href":"https:\/\/microbladingbyklaudia.al\/index.php?rest_route=%2Fwp%2Fv2%2Fcomments&post=3960"}],"version-history":[{"count":11,"href":"https:\/\/microbladingbyklaudia.al\/index.php?rest_route=\/wp\/v2\/pages\/3960\/revisions"}],"predecessor-version":[{"id":6847,"href":"https:\/\/microbladingbyklaudia.al\/index.php?rest_route=\/wp\/v2\/pages\/3960\/revisions\/6847"}],"wp:attachment":[{"href":"https:\/\/microbladingbyklaudia.al\/index.php?rest_route=%2Fwp%2Fv2%2Fmedia&parent=3960"}],"curies":[{"name":"wp","href":"https:\/\/api.w.org\/{rel}","templated":true}]}}