{"id":5776,"date":"2023-01-29T16:57:14","date_gmt":"2023-01-29T16:57:14","guid":{"rendered":"https:\/\/microbladingbyklaudia.al\/?page_id=5776"},"modified":"2023-02-27T18:53:00","modified_gmt":"2023-02-27T18:53:00","slug":"mundesi-per-ju-2-2","status":"publish","type":"page","link":"https:\/\/microbladingbyklaudia.al\/?page_id=5776","title":{"rendered":"Trajnimi Phibrows"},"content":{"rendered":"<div class=\"wpb-content-wrapper\"><p>[vc_row][vc_column]<div class=\"mkdf-video-button-holder  mkdf-vb-has-img \">\n\t<div class=\"mkdf-video-button-image\">\n\t\t<img loading=\"lazy\" decoding=\"async\" width=\"1241\" height=\"1136\" src=\"https:\/\/microbladingbyklaudia.al\/wp-content\/uploads\/2023\/02\/Trajnimi-Phibrows-Video-Preview.png\" class=\"attachment-full size-full\" alt=\"\" srcset=\"https:\/\/microbladingbyklaudia.al\/wp-content\/uploads\/2023\/02\/Trajnimi-Phibrows-Video-Preview.png 1241w, https:\/\/microbladingbyklaudia.al\/wp-content\/uploads\/2023\/02\/Trajnimi-Phibrows-Video-Preview-300x275.png 300w, https:\/\/microbladingbyklaudia.al\/wp-content\/uploads\/2023\/02\/Trajnimi-Phibrows-Video-Preview-1024x937.png 1024w, https:\/\/microbladingbyklaudia.al\/wp-content\/uploads\/2023\/02\/Trajnimi-Phibrows-Video-Preview-768x703.png 768w\" sizes=\"auto, (max-width: 1241px) 100vw, 1241px\" \/>\t<\/div>\n\t\t\t<a class=\"mkdf-video-button-play\" href=\"https:\/\/microbladingbyklaudia.al\/wp-content\/uploads\/2023\/02\/Trajnimi-Phibrows.mp4\" data-rel=\"prettyPhoto[video_button_pretty_photo_582]\">\n\t\t\t<span class=\"mkdf-video-button-play-inner\">\n\t\t\t\t<span class=\"mkdf-video-button-play-bg\" >\n\t\t\t\t\t<span class=\"mkdf-video-button-play-icon icon-control-play\" ><\/span>\n\t\t\t\t<\/span>\n\t\t\t<\/span>\n\t\t<\/a>\n\t<\/div>[vc_empty_space height=&#8221;64px&#8221;][vc_column_text]<\/p>\n<div class=\"title-services\">\n<div>\n<div>Trajnimi Phibrows zgjat 2 dit\u00eb live<\/div>\n<div>dhe 4 muaj online me paket\u00ebn Standart Kit dhe 6 muaj online me Premium Kit Trajnimi p\u00ebrfshin:<\/div>\n<ul>\n<li>Trajnim live n\u00eb studio me m\u00ebsimin e teori, higjen\u00eb dhe gjith\u00e7ka mbi pigmentet dhe mjetet mbi trajtimin.<\/li>\n<li>Praktik\u00eb n\u00eb lekur\u00eb artificiale dhe n\u00eb modele real n\u00eb kujdesin dhe supervizimin \u00a0e Masterit<\/li>\n<li>CraftMaster application (libri juaj online) \u00a0me 12 nivele dhe video macro mbi procedur\u00ebn me detaje p\u00ebr 4 apo 6 muaj sipas modulit q\u00eb ju do zgjidhni,ku do t\u00eb ndiqeni nga masteri \u00e7do dit\u00eb p\u00ebr \u00e7do pyetje dhe problematik\u00eb.<\/li>\n<li>\u00c7ertifikat\u00eb pjes\u00ebmarrje \u00a0nga Phiacademy<\/li>\n<li>P\u00ebrfshir\u00eb Standart ose Premium Kit<\/li>\n<\/ul>\n<div>N\u00eb trajnim do p\u00ebrfshihet Falas:<\/div>\n<ul>\n<li>Hygiene Course<\/li>\n<li>Skin expert<\/li>\n<li>Get more clients<\/li>\n<li>First class service<\/li>\n<\/ul>\n<div><\/div>\n<ul>\n<li>Pas k\u00ebtij trajnimi do jeni zyrtarisht student t\u00eb Phiacademy dhe \u00e7ertifikata njihet n\u00eb mbar\u00eb boten<\/li>\n<li>Logo dhe num\u00ebr personal<\/li>\n<li>Ky trajnim vlen p\u00ebr personat q\u00eb jan\u00eb p\u00ebr her\u00eb t\u00eb par\u00eb n\u00eb k\u00ebt\u00eb fush\u00eb por gjithashtu p\u00ebr vajzat q\u00eb kan\u00eb b\u00ebr\u00eb nj\u00eb kurs dhe nuk ndihen n\u00eb nivelin e duhur dhe duan t\u00eb nisin nj\u00eb trajnim me standart dhe t\u00eb p\u00ebrmir\u00ebsojn\u00eb duksh\u00ebm pun\u00ebn n\u00eb klient.<\/li>\n<\/ul>\n<\/div>\n<\/div>\n<p>[\/vc_column_text][\/vc_column][\/vc_row][vc_row full_height=&#8221;yes&#8221; equal_height=&#8221;yes&#8221; content_placement=&#8221;middle&#8221;][vc_column]<div class=\"mkdf-image-gallery  mkdf-ig-slider-type mkdf-three-columns mkdf-huge-space  \">\n\t<div class=\"mkdf-ig-slider mkdf-owl-slider\" data-number-of-items=\"1\" data-enable-loop=\"yes\" data-enable-autoplay=\"yes\" data-slider-speed=\"5000\" data-slider-speed-animation=\"600\" data-slider-padding=\"no\" data-enable-navigation=\"yes\" data-enable-pagination=\"yes\">\n\t\t\t\t\t<div class=\"mkdf-ig-image\">\n\t\t\t\t\t\t\t\t\t<img loading=\"lazy\" decoding=\"async\" width=\"2560\" height=\"2378\" src=\"https:\/\/microbladingbyklaudia.al\/wp-content\/uploads\/2023\/01\/3E66AECD-46E7-405B-BFCF-6BF0518B4E3B-scaled.jpeg\" class=\"attachment-full size-full\" alt=\"\" srcset=\"https:\/\/microbladingbyklaudia.al\/wp-content\/uploads\/2023\/01\/3E66AECD-46E7-405B-BFCF-6BF0518B4E3B-scaled.jpeg 2560w, https:\/\/microbladingbyklaudia.al\/wp-content\/uploads\/2023\/01\/3E66AECD-46E7-405B-BFCF-6BF0518B4E3B-300x279.jpeg 300w, https:\/\/microbladingbyklaudia.al\/wp-content\/uploads\/2023\/01\/3E66AECD-46E7-405B-BFCF-6BF0518B4E3B-1024x951.jpeg 1024w, https:\/\/microbladingbyklaudia.al\/wp-content\/uploads\/2023\/01\/3E66AECD-46E7-405B-BFCF-6BF0518B4E3B-768x713.jpeg 768w, https:\/\/microbladingbyklaudia.al\/wp-content\/uploads\/2023\/01\/3E66AECD-46E7-405B-BFCF-6BF0518B4E3B-1536x1427.jpeg 1536w, https:\/\/microbladingbyklaudia.al\/wp-content\/uploads\/2023\/01\/3E66AECD-46E7-405B-BFCF-6BF0518B4E3B-600x557.jpeg 600w\" sizes=\"auto, (max-width: 2560px) 100vw, 2560px\" \/>\t\t\t\t\t\t\t<\/div>\n\t\t\t\t\t<div class=\"mkdf-ig-image\">\n\t\t\t\t\t\t\t\t\t<img loading=\"lazy\" decoding=\"async\" width=\"1600\" height=\"1200\" src=\"https:\/\/microbladingbyklaudia.al\/wp-content\/uploads\/2023\/01\/4ba29896-9bc6-48bf-90bd-e9c3f8c67e66.jpg\" class=\"attachment-full size-full\" alt=\"\" srcset=\"https:\/\/microbladingbyklaudia.al\/wp-content\/uploads\/2023\/01\/4ba29896-9bc6-48bf-90bd-e9c3f8c67e66.jpg 1600w, https:\/\/microbladingbyklaudia.al\/wp-content\/uploads\/2023\/01\/4ba29896-9bc6-48bf-90bd-e9c3f8c67e66-300x225.jpg 300w, https:\/\/microbladingbyklaudia.al\/wp-content\/uploads\/2023\/01\/4ba29896-9bc6-48bf-90bd-e9c3f8c67e66-1024x768.jpg 1024w, https:\/\/microbladingbyklaudia.al\/wp-content\/uploads\/2023\/01\/4ba29896-9bc6-48bf-90bd-e9c3f8c67e66-768x576.jpg 768w, https:\/\/microbladingbyklaudia.al\/wp-content\/uploads\/2023\/01\/4ba29896-9bc6-48bf-90bd-e9c3f8c67e66-1536x1152.jpg 1536w, https:\/\/microbladingbyklaudia.al\/wp-content\/uploads\/2023\/01\/4ba29896-9bc6-48bf-90bd-e9c3f8c67e66-600x450.jpg 600w\" sizes=\"auto, (max-width: 1600px) 100vw, 1600px\" \/>\t\t\t\t\t\t\t<\/div>\n\t\t\t\t\t<div class=\"mkdf-ig-image\">\n\t\t\t\t\t\t\t\t\t<img loading=\"lazy\" decoding=\"async\" width=\"1440\" height=\"1799\" src=\"https:\/\/microbladingbyklaudia.al\/wp-content\/uploads\/2023\/01\/269FCC4B-351C-44B8-9C4C-E7D82FD3C9A5.jpg\" class=\"attachment-full size-full\" alt=\"\" srcset=\"https:\/\/microbladingbyklaudia.al\/wp-content\/uploads\/2023\/01\/269FCC4B-351C-44B8-9C4C-E7D82FD3C9A5.jpg 1440w, https:\/\/microbladingbyklaudia.al\/wp-content\/uploads\/2023\/01\/269FCC4B-351C-44B8-9C4C-E7D82FD3C9A5-240x300.jpg 240w, https:\/\/microbladingbyklaudia.al\/wp-content\/uploads\/2023\/01\/269FCC4B-351C-44B8-9C4C-E7D82FD3C9A5-820x1024.jpg 820w, https:\/\/microbladingbyklaudia.al\/wp-content\/uploads\/2023\/01\/269FCC4B-351C-44B8-9C4C-E7D82FD3C9A5-768x959.jpg 768w, https:\/\/microbladingbyklaudia.al\/wp-content\/uploads\/2023\/01\/269FCC4B-351C-44B8-9C4C-E7D82FD3C9A5-1229x1536.jpg 1229w, https:\/\/microbladingbyklaudia.al\/wp-content\/uploads\/2023\/01\/269FCC4B-351C-44B8-9C4C-E7D82FD3C9A5-600x750.jpg 600w\" sizes=\"auto, (max-width: 1440px) 100vw, 1440px\" \/>\t\t\t\t\t\t\t<\/div>\n\t\t\t\t\t<div class=\"mkdf-ig-image\">\n\t\t\t\t\t\t\t\t\t<img loading=\"lazy\" decoding=\"async\" width=\"2560\" height=\"1440\" src=\"https:\/\/microbladingbyklaudia.al\/wp-content\/uploads\/2023\/01\/IMG_6921-scaled.jpg\" class=\"attachment-full size-full\" alt=\"\" srcset=\"https:\/\/microbladingbyklaudia.al\/wp-content\/uploads\/2023\/01\/IMG_6921-scaled.jpg 2560w, https:\/\/microbladingbyklaudia.al\/wp-content\/uploads\/2023\/01\/IMG_6921-300x169.jpg 300w, https:\/\/microbladingbyklaudia.al\/wp-content\/uploads\/2023\/01\/IMG_6921-1024x576.jpg 1024w, https:\/\/microbladingbyklaudia.al\/wp-content\/uploads\/2023\/01\/IMG_6921-768x432.jpg 768w, https:\/\/microbladingbyklaudia.al\/wp-content\/uploads\/2023\/01\/IMG_6921-1536x864.jpg 1536w, https:\/\/microbladingbyklaudia.al\/wp-content\/uploads\/2023\/01\/IMG_6921-600x338.jpg 600w\" sizes=\"auto, (max-width: 2560px) 100vw, 2560px\" \/>\t\t\t\t\t\t\t<\/div>\n\t\t\t\t\t<div class=\"mkdf-ig-image\">\n\t\t\t\t\t\t\t\t\t<img loading=\"lazy\" decoding=\"async\" width=\"1440\" height=\"1791\" src=\"https:\/\/microbladingbyklaudia.al\/wp-content\/uploads\/2023\/01\/DEE91565-87AF-476D-8875-3747033CDE5F.jpg\" class=\"attachment-full size-full\" alt=\"\" srcset=\"https:\/\/microbladingbyklaudia.al\/wp-content\/uploads\/2023\/01\/DEE91565-87AF-476D-8875-3747033CDE5F.jpg 1440w, https:\/\/microbladingbyklaudia.al\/wp-content\/uploads\/2023\/01\/DEE91565-87AF-476D-8875-3747033CDE5F-241x300.jpg 241w, https:\/\/microbladingbyklaudia.al\/wp-content\/uploads\/2023\/01\/DEE91565-87AF-476D-8875-3747033CDE5F-823x1024.jpg 823w, https:\/\/microbladingbyklaudia.al\/wp-content\/uploads\/2023\/01\/DEE91565-87AF-476D-8875-3747033CDE5F-768x955.jpg 768w, https:\/\/microbladingbyklaudia.al\/wp-content\/uploads\/2023\/01\/DEE91565-87AF-476D-8875-3747033CDE5F-1235x1536.jpg 1235w, https:\/\/microbladingbyklaudia.al\/wp-content\/uploads\/2023\/01\/DEE91565-87AF-476D-8875-3747033CDE5F-600x746.jpg 600w\" sizes=\"auto, (max-width: 1440px) 100vw, 1440px\" \/>\t\t\t\t\t\t\t<\/div>\n\t\t\t\t\t<div class=\"mkdf-ig-image\">\n\t\t\t\t\t\t\t\t\t<img loading=\"lazy\" decoding=\"async\" width=\"1440\" height=\"973\" src=\"https:\/\/microbladingbyklaudia.al\/wp-content\/uploads\/2023\/01\/CCC8FDAE-80E7-456E-B64F-08A474A1EBF0.jpg\" class=\"attachment-full size-full\" alt=\"\" srcset=\"https:\/\/microbladingbyklaudia.al\/wp-content\/uploads\/2023\/01\/CCC8FDAE-80E7-456E-B64F-08A474A1EBF0.jpg 1440w, https:\/\/microbladingbyklaudia.al\/wp-content\/uploads\/2023\/01\/CCC8FDAE-80E7-456E-B64F-08A474A1EBF0-300x203.jpg 300w, https:\/\/microbladingbyklaudia.al\/wp-content\/uploads\/2023\/01\/CCC8FDAE-80E7-456E-B64F-08A474A1EBF0-1024x692.jpg 1024w, https:\/\/microbladingbyklaudia.al\/wp-content\/uploads\/2023\/01\/CCC8FDAE-80E7-456E-B64F-08A474A1EBF0-768x519.jpg 768w, https:\/\/microbladingbyklaudia.al\/wp-content\/uploads\/2023\/01\/CCC8FDAE-80E7-456E-B64F-08A474A1EBF0-600x405.jpg 600w\" sizes=\"auto, (max-width: 1440px) 100vw, 1440px\" \/>\t\t\t\t\t\t\t<\/div>\n\t\t\t\t\t<div class=\"mkdf-ig-image\">\n\t\t\t\t\t\t\t\t\t<img loading=\"lazy\" decoding=\"async\" width=\"1284\" height=\"2282\" src=\"https:\/\/microbladingbyklaudia.al\/wp-content\/uploads\/2023\/01\/A7D747BE-8E20-4DC1-9F1A-54DC28D50DC2.jpg\" class=\"attachment-full size-full\" alt=\"\" srcset=\"https:\/\/microbladingbyklaudia.al\/wp-content\/uploads\/2023\/01\/A7D747BE-8E20-4DC1-9F1A-54DC28D50DC2.jpg 1284w, https:\/\/microbladingbyklaudia.al\/wp-content\/uploads\/2023\/01\/A7D747BE-8E20-4DC1-9F1A-54DC28D50DC2-169x300.jpg 169w, https:\/\/microbladingbyklaudia.al\/wp-content\/uploads\/2023\/01\/A7D747BE-8E20-4DC1-9F1A-54DC28D50DC2-576x1024.jpg 576w, https:\/\/microbladingbyklaudia.al\/wp-content\/uploads\/2023\/01\/A7D747BE-8E20-4DC1-9F1A-54DC28D50DC2-768x1365.jpg 768w, https:\/\/microbladingbyklaudia.al\/wp-content\/uploads\/2023\/01\/A7D747BE-8E20-4DC1-9F1A-54DC28D50DC2-864x1536.jpg 864w, https:\/\/microbladingbyklaudia.al\/wp-content\/uploads\/2023\/01\/A7D747BE-8E20-4DC1-9F1A-54DC28D50DC2-1152x2048.jpg 1152w, https:\/\/microbladingbyklaudia.al\/wp-content\/uploads\/2023\/01\/A7D747BE-8E20-4DC1-9F1A-54DC28D50DC2-600x1066.jpg 600w\" sizes=\"auto, (max-width: 1284px) 100vw, 1284px\" \/>\t\t\t\t\t\t\t<\/div>\n\t\t\t\t\t<div class=\"mkdf-ig-image\">\n\t\t\t\t\t\t\t\t\t<img loading=\"lazy\" decoding=\"async\" width=\"1024\" height=\"768\" src=\"https:\/\/microbladingbyklaudia.al\/wp-content\/uploads\/2023\/01\/7599c2f8-d9e3-48e9-9b6b-d0a9c70b31c8.jpg\" class=\"attachment-full size-full\" alt=\"\" srcset=\"https:\/\/microbladingbyklaudia.al\/wp-content\/uploads\/2023\/01\/7599c2f8-d9e3-48e9-9b6b-d0a9c70b31c8.jpg 1024w, https:\/\/microbladingbyklaudia.al\/wp-content\/uploads\/2023\/01\/7599c2f8-d9e3-48e9-9b6b-d0a9c70b31c8-300x225.jpg 300w, https:\/\/microbladingbyklaudia.al\/wp-content\/uploads\/2023\/01\/7599c2f8-d9e3-48e9-9b6b-d0a9c70b31c8-768x576.jpg 768w, https:\/\/microbladingbyklaudia.al\/wp-content\/uploads\/2023\/01\/7599c2f8-d9e3-48e9-9b6b-d0a9c70b31c8-600x450.jpg 600w\" sizes=\"auto, (max-width: 1024px) 100vw, 1024px\" \/>\t\t\t\t\t\t\t<\/div>\n\t\t\t<\/div>\n<\/div>[\/vc_column][\/vc_row]<\/p>\n<\/div>","protected":false},"excerpt":{"rendered":"<p>[vc_row][vc_column][vc_empty_space height=&#8221;64px&#8221;][vc_column_text] Trajnimi Phibrows zgjat 2 dit\u00eb live dhe 4 muaj online me paket\u00ebn Standart Kit dhe 6 muaj online me Premium Kit Trajnimi p\u00ebrfshin: Trajnim live n\u00eb studio me m\u00ebsimin e teori, higjen\u00eb dhe gjith\u00e7ka mbi pigmentet dhe mjetet [&hellip;]<\/p>\n","protected":false},"author":1,"featured_media":0,"parent":0,"menu_order":0,"comment_status":"closed","ping_status":"closed","template":"","meta":{"footnotes":""},"class_list":["post-5776","page","type-page","status-publish","hentry"],"yoast_head":"<!-- This site is optimized with the Yoast SEO plugin v27.3 - https:\/\/yoast.com\/product\/yoast-seo-wordpress\/ -->\n<title>Trajnimi Phibrows - Microblading By Klaudia<\/title>\n<meta name=\"robots\" content=\"index, follow, max-snippet:-1, max-image-preview:large, max-video-preview:-1\" \/>\n<link rel=\"canonical\" href=\"https:\/\/microbladingbyklaudia.al\/?page_id=5776\" \/>\n<meta property=\"og:locale\" content=\"sq_AL\" \/>\n<meta property=\"og:type\" content=\"article\" \/>\n<meta property=\"og:title\" content=\"Trajnimi Phibrows - Microblading By Klaudia\" \/>\n<meta property=\"og:description\" content=\"[vc_row][vc_column][vc_empty_space height=&#8221;64px&#8221;][vc_column_text] Trajnimi Phibrows zgjat 2 dit\u00eb live dhe 4 muaj online me paket\u00ebn Standart Kit dhe 6 muaj online me Premium Kit Trajnimi p\u00ebrfshin: Trajnim live n\u00eb studio me m\u00ebsimin e teori, higjen\u00eb dhe gjith\u00e7ka mbi pigmentet dhe mjetet [&hellip;]\" \/>\n<meta property=\"og:url\" content=\"https:\/\/microbladingbyklaudia.al\/?page_id=5776\" \/>\n<meta property=\"og:site_name\" content=\"Microblading By Klaudia\" \/>\n<meta property=\"article:publisher\" content=\"https:\/\/www.facebook.com\/klaudiasaesthetic\/\" \/>\n<meta property=\"article:modified_time\" content=\"2023-02-27T18:53:00+00:00\" \/>\n<meta name=\"twitter:card\" content=\"summary_large_image\" \/>\n<meta name=\"twitter:label1\" content=\"Est. reading time\" \/>\n\t<meta name=\"twitter:data1\" content=\"2 minutes\" \/>\n<script type=\"application\/ld+json\" class=\"yoast-schema-graph\">{\"@context\":\"https:\\\/\\\/schema.org\",\"@graph\":[{\"@type\":\"WebPage\",\"@id\":\"https:\\\/\\\/microbladingbyklaudia.al\\\/?page_id=5776\",\"url\":\"https:\\\/\\\/microbladingbyklaudia.al\\\/?page_id=5776\",\"name\":\"Trajnimi Phibrows - Microblading By Klaudia\",\"isPartOf\":{\"@id\":\"https:\\\/\\\/microbladingbyklaudia.al\\\/#website\"},\"datePublished\":\"2023-01-29T16:57:14+00:00\",\"dateModified\":\"2023-02-27T18:53:00+00:00\",\"breadcrumb\":{\"@id\":\"https:\\\/\\\/microbladingbyklaudia.al\\\/?page_id=5776#breadcrumb\"},\"inLanguage\":\"sq-AL\",\"potentialAction\":[{\"@type\":\"ReadAction\",\"target\":[\"https:\\\/\\\/microbladingbyklaudia.al\\\/?page_id=5776\"]}]},{\"@type\":\"BreadcrumbList\",\"@id\":\"https:\\\/\\\/microbladingbyklaudia.al\\\/?page_id=5776#breadcrumb\",\"itemListElement\":[{\"@type\":\"ListItem\",\"position\":1,\"name\":\"Home\",\"item\":\"https:\\\/\\\/microbladingbyklaudia.al\\\/\"},{\"@type\":\"ListItem\",\"position\":2,\"name\":\"Trajnimi Phibrows\"}]},{\"@type\":\"WebSite\",\"@id\":\"https:\\\/\\\/microbladingbyklaudia.al\\\/#website\",\"url\":\"https:\\\/\\\/microbladingbyklaudia.al\\\/\",\"name\":\"Klaudia's Aesthetics\",\"description\":\"Microblading By Klaudia\",\"publisher\":{\"@id\":\"https:\\\/\\\/microbladingbyklaudia.al\\\/#organization\"},\"potentialAction\":[{\"@type\":\"SearchAction\",\"target\":{\"@type\":\"EntryPoint\",\"urlTemplate\":\"https:\\\/\\\/microbladingbyklaudia.al\\\/?s={search_term_string}\"},\"query-input\":{\"@type\":\"PropertyValueSpecification\",\"valueRequired\":true,\"valueName\":\"search_term_string\"}}],\"inLanguage\":\"sq-AL\"},{\"@type\":\"Organization\",\"@id\":\"https:\\\/\\\/microbladingbyklaudia.al\\\/#organization\",\"name\":\"Klaudia's Aesthetics\",\"url\":\"https:\\\/\\\/microbladingbyklaudia.al\\\/\",\"logo\":{\"@type\":\"ImageObject\",\"inLanguage\":\"sq-AL\",\"@id\":\"https:\\\/\\\/microbladingbyklaudia.al\\\/#\\\/schema\\\/logo\\\/image\\\/\",\"url\":\"https:\\\/\\\/microbladingbyklaudia.al\\\/wp-content\\\/uploads\\\/2023\\\/02\\\/1-removebg-preview-e1676483562292.png\",\"contentUrl\":\"https:\\\/\\\/microbladingbyklaudia.al\\\/wp-content\\\/uploads\\\/2023\\\/02\\\/1-removebg-preview-e1676483562292.png\",\"width\":250,\"height\":250,\"caption\":\"Klaudia's Aesthetics\"},\"image\":{\"@id\":\"https:\\\/\\\/microbladingbyklaudia.al\\\/#\\\/schema\\\/logo\\\/image\\\/\"},\"sameAs\":[\"https:\\\/\\\/www.facebook.com\\\/klaudiasaesthetic\\\/\",\"https:\\\/\\\/www.instagram.com\\\/klaudias_aesthetic\\\/\"]}]}<\/script>\n<!-- \/ Yoast SEO plugin. -->","yoast_head_json":{"title":"Trajnimi Phibrows - Microblading By Klaudia","robots":{"index":"index","follow":"follow","max-snippet":"max-snippet:-1","max-image-preview":"max-image-preview:large","max-video-preview":"max-video-preview:-1"},"canonical":"https:\/\/microbladingbyklaudia.al\/?page_id=5776","og_locale":"sq_AL","og_type":"article","og_title":"Trajnimi Phibrows - Microblading By Klaudia","og_description":"[vc_row][vc_column][vc_empty_space height=&#8221;64px&#8221;][vc_column_text] Trajnimi Phibrows zgjat 2 dit\u00eb live dhe 4 muaj online me paket\u00ebn Standart Kit dhe 6 muaj online me Premium Kit Trajnimi p\u00ebrfshin: Trajnim live n\u00eb studio me m\u00ebsimin e teori, higjen\u00eb dhe gjith\u00e7ka mbi pigmentet dhe mjetet [&hellip;]","og_url":"https:\/\/microbladingbyklaudia.al\/?page_id=5776","og_site_name":"Microblading By Klaudia","article_publisher":"https:\/\/www.facebook.com\/klaudiasaesthetic\/","article_modified_time":"2023-02-27T18:53:00+00:00","twitter_card":"summary_large_image","twitter_misc":{"Est. reading time":"2 minutes"},"schema":{"@context":"https:\/\/schema.org","@graph":[{"@type":"WebPage","@id":"https:\/\/microbladingbyklaudia.al\/?page_id=5776","url":"https:\/\/microbladingbyklaudia.al\/?page_id=5776","name":"Trajnimi Phibrows - Microblading By Klaudia","isPartOf":{"@id":"https:\/\/microbladingbyklaudia.al\/#website"},"datePublished":"2023-01-29T16:57:14+00:00","dateModified":"2023-02-27T18:53:00+00:00","breadcrumb":{"@id":"https:\/\/microbladingbyklaudia.al\/?page_id=5776#breadcrumb"},"inLanguage":"sq-AL","potentialAction":[{"@type":"ReadAction","target":["https:\/\/microbladingbyklaudia.al\/?page_id=5776"]}]},{"@type":"BreadcrumbList","@id":"https:\/\/microbladingbyklaudia.al\/?page_id=5776#breadcrumb","itemListElement":[{"@type":"ListItem","position":1,"name":"Home","item":"https:\/\/microbladingbyklaudia.al\/"},{"@type":"ListItem","position":2,"name":"Trajnimi Phibrows"}]},{"@type":"WebSite","@id":"https:\/\/microbladingbyklaudia.al\/#website","url":"https:\/\/microbladingbyklaudia.al\/","name":"Klaudia's Aesthetics","description":"Microblading By Klaudia","publisher":{"@id":"https:\/\/microbladingbyklaudia.al\/#organization"},"potentialAction":[{"@type":"SearchAction","target":{"@type":"EntryPoint","urlTemplate":"https:\/\/microbladingbyklaudia.al\/?s={search_term_string}"},"query-input":{"@type":"PropertyValueSpecification","valueRequired":true,"valueName":"search_term_string"}}],"inLanguage":"sq-AL"},{"@type":"Organization","@id":"https:\/\/microbladingbyklaudia.al\/#organization","name":"Klaudia's Aesthetics","url":"https:\/\/microbladingbyklaudia.al\/","logo":{"@type":"ImageObject","inLanguage":"sq-AL","@id":"https:\/\/microbladingbyklaudia.al\/#\/schema\/logo\/image\/","url":"https:\/\/microbladingbyklaudia.al\/wp-content\/uploads\/2023\/02\/1-removebg-preview-e1676483562292.png","contentUrl":"https:\/\/microbladingbyklaudia.al\/wp-content\/uploads\/2023\/02\/1-removebg-preview-e1676483562292.png","width":250,"height":250,"caption":"Klaudia's Aesthetics"},"image":{"@id":"https:\/\/microbladingbyklaudia.al\/#\/schema\/logo\/image\/"},"sameAs":["https:\/\/www.facebook.com\/klaudiasaesthetic\/","https:\/\/www.instagram.com\/klaudias_aesthetic\/"]}]}},"_links":{"self":[{"href":"https:\/\/microbladingbyklaudia.al\/index.php?rest_route=\/wp\/v2\/pages\/5776","targetHints":{"allow":["GET"]}}],"collection":[{"href":"https:\/\/microbladingbyklaudia.al\/index.php?rest_route=\/wp\/v2\/pages"}],"about":[{"href":"https:\/\/microbladingbyklaudia.al\/index.php?rest_route=\/wp\/v2\/types\/page"}],"author":[{"embeddable":true,"href":"https:\/\/microbladingbyklaudia.al\/index.php?rest_route=\/wp\/v2\/users\/1"}],"replies":[{"embeddable":true,"href":"https:\/\/microbladingbyklaudia.al\/index.php?rest_route=%2Fwp%2Fv2%2Fcomments&post=5776"}],"version-history":[{"count":16,"href":"https:\/\/microbladingbyklaudia.al\/index.php?rest_route=\/wp\/v2\/pages\/5776\/revisions"}],"predecessor-version":[{"id":6581,"href":"https:\/\/microbladingbyklaudia.al\/index.php?rest_route=\/wp\/v2\/pages\/5776\/revisions\/6581"}],"wp:attachment":[{"href":"https:\/\/microbladingbyklaudia.al\/index.php?rest_route=%2Fwp%2Fv2%2Fmedia&parent=5776"}],"curies":[{"name":"wp","href":"https:\/\/api.w.org\/{rel}","templated":true}]}}