{"id":5870,"date":"2023-02-01T19:06:39","date_gmt":"2023-02-01T19:06:39","guid":{"rendered":"https:\/\/microbladingbyklaudia.al\/?page_id=5870"},"modified":"2024-03-10T18:38:01","modified_gmt":"2024-03-10T18:38:01","slug":"brows-lamination-2-2","status":"publish","type":"page","link":"https:\/\/microbladingbyklaudia.al\/?page_id=5870","title":{"rendered":"Prx &#8211; T33"},"content":{"rendered":"<div class=\"wpb-content-wrapper\"><p>[vc_row][vc_column width=&#8221;1\/6&#8243;][\/vc_column][vc_column width=&#8221;2\/3&#8243;]<div class=\"mkdf-elements-holder   mkdf-one-column  mkdf-responsive-mode-768 \" ><div class=\"mkdf-eh-item   mkdf-horizontal-alignment-center \"  data-item-class=\"mkdf-eh-custom-2370\">\n\t<div class=\"mkdf-eh-item-inner\">\n\t\t<div class=\"mkdf-eh-item-content mkdf-eh-custom-2370\" >\n\t\t\t<div class=\"mkdf-image-gallery  mkdf-ig-carousel-type mkdf-three-columns mkdf-huge-space  \">\n\t<div class=\"mkdf-ig-slider mkdf-owl-slider\" data-number-of-items=\"1\" data-enable-loop=\"yes\" data-enable-autoplay=\"yes\" data-slider-speed=\"5000\" data-slider-speed-animation=\"600\" data-slider-padding=\"no\" data-enable-navigation=\"yes\" data-enable-pagination=\"yes\">\n\t\t\t\t\t<div class=\"mkdf-ig-image\">\n\t\t\t\t\t\t\t\t\t<img loading=\"lazy\" decoding=\"async\" width=\"1080\" height=\"1278\" src=\"https:\/\/microbladingbyklaudia.al\/wp-content\/uploads\/2024\/03\/IMG_4637.jpeg\" class=\"attachment-full size-full\" alt=\"\" srcset=\"https:\/\/microbladingbyklaudia.al\/wp-content\/uploads\/2024\/03\/IMG_4637.jpeg 1080w, https:\/\/microbladingbyklaudia.al\/wp-content\/uploads\/2024\/03\/IMG_4637-254x300.jpeg 254w, https:\/\/microbladingbyklaudia.al\/wp-content\/uploads\/2024\/03\/IMG_4637-865x1024.jpeg 865w, https:\/\/microbladingbyklaudia.al\/wp-content\/uploads\/2024\/03\/IMG_4637-768x909.jpeg 768w\" sizes=\"auto, (max-width: 1080px) 100vw, 1080px\" \/>\t\t\t\t\t\t\t<\/div>\n\t\t\t\t\t<div class=\"mkdf-ig-image\">\n\t\t\t\t\t\t\t\t\t<img loading=\"lazy\" decoding=\"async\" width=\"500\" height=\"750\" src=\"https:\/\/microbladingbyklaudia.al\/wp-content\/uploads\/2024\/03\/IMG_4638.jpeg\" class=\"attachment-full size-full\" alt=\"\" srcset=\"https:\/\/microbladingbyklaudia.al\/wp-content\/uploads\/2024\/03\/IMG_4638.jpeg 500w, https:\/\/microbladingbyklaudia.al\/wp-content\/uploads\/2024\/03\/IMG_4638-200x300.jpeg 200w\" sizes=\"auto, (max-width: 500px) 100vw, 500px\" \/>\t\t\t\t\t\t\t<\/div>\n\t\t\t\t\t<div class=\"mkdf-ig-image\">\n\t\t\t\t\t\t\t\t\t<img loading=\"lazy\" decoding=\"async\" width=\"600\" height=\"450\" src=\"https:\/\/microbladingbyklaudia.al\/wp-content\/uploads\/2024\/03\/IMG_4639.jpeg\" class=\"attachment-full size-full\" alt=\"\" srcset=\"https:\/\/microbladingbyklaudia.al\/wp-content\/uploads\/2024\/03\/IMG_4639.jpeg 600w, https:\/\/microbladingbyklaudia.al\/wp-content\/uploads\/2024\/03\/IMG_4639-300x225.jpeg 300w\" sizes=\"auto, (max-width: 600px) 100vw, 600px\" \/>\t\t\t\t\t\t\t<\/div>\n\t\t\t\t\t<div class=\"mkdf-ig-image\">\n\t\t\t\t\t\t\t\t\t<img loading=\"lazy\" decoding=\"async\" width=\"2560\" height=\"2560\" src=\"https:\/\/microbladingbyklaudia.al\/wp-content\/uploads\/2023\/02\/7432C63A-4197-4BDE-AF3F-D28BC3AFA8DA-scaled.jpeg\" class=\"attachment-full size-full\" alt=\"\" srcset=\"https:\/\/microbladingbyklaudia.al\/wp-content\/uploads\/2023\/02\/7432C63A-4197-4BDE-AF3F-D28BC3AFA8DA-scaled.jpeg 2560w, https:\/\/microbladingbyklaudia.al\/wp-content\/uploads\/2023\/02\/7432C63A-4197-4BDE-AF3F-D28BC3AFA8DA-300x300.jpeg 300w, https:\/\/microbladingbyklaudia.al\/wp-content\/uploads\/2023\/02\/7432C63A-4197-4BDE-AF3F-D28BC3AFA8DA-1024x1024.jpeg 1024w, https:\/\/microbladingbyklaudia.al\/wp-content\/uploads\/2023\/02\/7432C63A-4197-4BDE-AF3F-D28BC3AFA8DA-150x150.jpeg 150w, https:\/\/microbladingbyklaudia.al\/wp-content\/uploads\/2023\/02\/7432C63A-4197-4BDE-AF3F-D28BC3AFA8DA-768x768.jpeg 768w, https:\/\/microbladingbyklaudia.al\/wp-content\/uploads\/2023\/02\/7432C63A-4197-4BDE-AF3F-D28BC3AFA8DA-1536x1536.jpeg 1536w, https:\/\/microbladingbyklaudia.al\/wp-content\/uploads\/2023\/02\/7432C63A-4197-4BDE-AF3F-D28BC3AFA8DA-650x650.jpeg 650w, https:\/\/microbladingbyklaudia.al\/wp-content\/uploads\/2023\/02\/7432C63A-4197-4BDE-AF3F-D28BC3AFA8DA-1300x1300.jpeg 1300w, https:\/\/microbladingbyklaudia.al\/wp-content\/uploads\/2023\/02\/7432C63A-4197-4BDE-AF3F-D28BC3AFA8DA-600x600.jpeg 600w, https:\/\/microbladingbyklaudia.al\/wp-content\/uploads\/2023\/02\/7432C63A-4197-4BDE-AF3F-D28BC3AFA8DA-100x100.jpeg 100w\" sizes=\"auto, (max-width: 2560px) 100vw, 2560px\" \/>\t\t\t\t\t\t\t<\/div>\n\t\t\t\t\t<div class=\"mkdf-ig-image\">\n\t\t\t\t\t\t\t\t\t<img loading=\"lazy\" decoding=\"async\" width=\"1200\" height=\"1200\" src=\"https:\/\/microbladingbyklaudia.al\/wp-content\/uploads\/2023\/02\/IMG_8440.jpg\" class=\"attachment-full size-full\" alt=\"\" srcset=\"https:\/\/microbladingbyklaudia.al\/wp-content\/uploads\/2023\/02\/IMG_8440.jpg 1200w, https:\/\/microbladingbyklaudia.al\/wp-content\/uploads\/2023\/02\/IMG_8440-300x300.jpg 300w, https:\/\/microbladingbyklaudia.al\/wp-content\/uploads\/2023\/02\/IMG_8440-1024x1024.jpg 1024w, https:\/\/microbladingbyklaudia.al\/wp-content\/uploads\/2023\/02\/IMG_8440-150x150.jpg 150w, https:\/\/microbladingbyklaudia.al\/wp-content\/uploads\/2023\/02\/IMG_8440-768x768.jpg 768w, https:\/\/microbladingbyklaudia.al\/wp-content\/uploads\/2023\/02\/IMG_8440-650x650.jpg 650w, https:\/\/microbladingbyklaudia.al\/wp-content\/uploads\/2023\/02\/IMG_8440-600x600.jpg 600w, https:\/\/microbladingbyklaudia.al\/wp-content\/uploads\/2023\/02\/IMG_8440-100x100.jpg 100w\" sizes=\"auto, (max-width: 1200px) 100vw, 1200px\" \/>\t\t\t\t\t\t\t<\/div>\n\t\t\t\t\t<div class=\"mkdf-ig-image\">\n\t\t\t\t\t\t\t\t\t<img loading=\"lazy\" decoding=\"async\" width=\"604\" height=\"594\" src=\"https:\/\/microbladingbyklaudia.al\/wp-content\/uploads\/2023\/02\/IMG_8441.jpg\" class=\"attachment-full size-full\" alt=\"\" srcset=\"https:\/\/microbladingbyklaudia.al\/wp-content\/uploads\/2023\/02\/IMG_8441.jpg 604w, https:\/\/microbladingbyklaudia.al\/wp-content\/uploads\/2023\/02\/IMG_8441-300x295.jpg 300w, https:\/\/microbladingbyklaudia.al\/wp-content\/uploads\/2023\/02\/IMG_8441-600x590.jpg 600w\" sizes=\"auto, (max-width: 604px) 100vw, 604px\" \/>\t\t\t\t\t\t\t<\/div>\n\t\t\t\t\t<div class=\"mkdf-ig-image\">\n\t\t\t\t\t\t\t\t\t<img loading=\"lazy\" decoding=\"async\" width=\"640\" height=\"640\" src=\"https:\/\/microbladingbyklaudia.al\/wp-content\/uploads\/2023\/02\/IMG_8442.jpg\" class=\"attachment-full size-full\" alt=\"\" srcset=\"https:\/\/microbladingbyklaudia.al\/wp-content\/uploads\/2023\/02\/IMG_8442.jpg 640w, https:\/\/microbladingbyklaudia.al\/wp-content\/uploads\/2023\/02\/IMG_8442-300x300.jpg 300w, https:\/\/microbladingbyklaudia.al\/wp-content\/uploads\/2023\/02\/IMG_8442-150x150.jpg 150w, https:\/\/microbladingbyklaudia.al\/wp-content\/uploads\/2023\/02\/IMG_8442-600x600.jpg 600w, https:\/\/microbladingbyklaudia.al\/wp-content\/uploads\/2023\/02\/IMG_8442-100x100.jpg 100w\" sizes=\"auto, (max-width: 640px) 100vw, 640px\" \/>\t\t\t\t\t\t\t<\/div>\n\t\t\t\t\t<div class=\"mkdf-ig-image\">\n\t\t\t\t\t\t\t\t\t<img loading=\"lazy\" decoding=\"async\" width=\"2560\" height=\"2560\" src=\"https:\/\/microbladingbyklaudia.al\/wp-content\/uploads\/2023\/02\/83EC2B0D-CE4B-46BD-A3A1-5963AF857C18-scaled.jpeg\" class=\"attachment-full size-full\" alt=\"\" srcset=\"https:\/\/microbladingbyklaudia.al\/wp-content\/uploads\/2023\/02\/83EC2B0D-CE4B-46BD-A3A1-5963AF857C18-scaled.jpeg 2560w, https:\/\/microbladingbyklaudia.al\/wp-content\/uploads\/2023\/02\/83EC2B0D-CE4B-46BD-A3A1-5963AF857C18-300x300.jpeg 300w, https:\/\/microbladingbyklaudia.al\/wp-content\/uploads\/2023\/02\/83EC2B0D-CE4B-46BD-A3A1-5963AF857C18-1024x1024.jpeg 1024w, https:\/\/microbladingbyklaudia.al\/wp-content\/uploads\/2023\/02\/83EC2B0D-CE4B-46BD-A3A1-5963AF857C18-150x150.jpeg 150w, https:\/\/microbladingbyklaudia.al\/wp-content\/uploads\/2023\/02\/83EC2B0D-CE4B-46BD-A3A1-5963AF857C18-768x768.jpeg 768w, https:\/\/microbladingbyklaudia.al\/wp-content\/uploads\/2023\/02\/83EC2B0D-CE4B-46BD-A3A1-5963AF857C18-1536x1536.jpeg 1536w, https:\/\/microbladingbyklaudia.al\/wp-content\/uploads\/2023\/02\/83EC2B0D-CE4B-46BD-A3A1-5963AF857C18-650x650.jpeg 650w, https:\/\/microbladingbyklaudia.al\/wp-content\/uploads\/2023\/02\/83EC2B0D-CE4B-46BD-A3A1-5963AF857C18-1300x1300.jpeg 1300w, https:\/\/microbladingbyklaudia.al\/wp-content\/uploads\/2023\/02\/83EC2B0D-CE4B-46BD-A3A1-5963AF857C18-600x600.jpeg 600w, https:\/\/microbladingbyklaudia.al\/wp-content\/uploads\/2023\/02\/83EC2B0D-CE4B-46BD-A3A1-5963AF857C18-100x100.jpeg 100w\" sizes=\"auto, (max-width: 2560px) 100vw, 2560px\" \/>\t\t\t\t\t\t\t<\/div>\n\t\t\t<\/div>\n<\/div>\t\t<\/div>\n\t<\/div>\n<\/div><\/div>[vc_empty_space height=&#8221;64px&#8221;][vc_column_text]<\/p>\n<div class=\"title-services\">\n<p>PRX &#8211; T33<\/p>\n<p>\u00cbsht\u00eb nj\u00eb trajtim i cili zhvillohet si peeling, i cili stimulon derm\u00ebn n\u00eb m\u00ebnyr\u00eb joinvazive, por nuk shkakton eksfolim agresiv n\u00eb epiderm\u00eb!<\/p>\n<p>Pa shpime, pa injeksione!<\/p>\n<p>P\u00ebrmban TCA (acid trikloracetik 33%), H2O2 (peroksid hidrogjeni) me p\u00ebrq\u00ebndrim t\u00eb ul\u00ebt dhe acid kojik.<\/p>\n<p>Biostimulues i l\u00ebkur\u00ebs !<\/p>\n<p>Zhvesh l\u00ebkur\u00ebn nga qelizat e vdekura ! Nuk eksfolion epiderm\u00ebn<\/p>\n<p>Stimulon aktivitetin e fibroblasteve<\/p>\n<p>Jo skuqje Jo rrjepje Jo dhimbje !<\/p>\n<p>P\u00ebrdoret p\u00ebr:<\/p>\n<p>-T\u00ebrheqjen e l\u00ebkur\u00ebs atonike( e varur) -P\u00ebrmir\u00ebsimin e rrudhave<\/p>\n<p>-D\u00ebmtime nga dielli<\/p>\n<p>-Shenjat e hiperpigmentimit, njollat kafe, melasma<\/p>\n<p>-Dehidratimin<\/p>\n<p>-P\u00ebrmir\u00ebsim estetik<\/p>\n<p>Koh\u00ebzgjatja e trajtimit &#8211; 30 minuta !<\/p>\n<p>Perfekt p\u00ebr t&#8217;u kombinuar dhe me trajtime t\u00eb tjera si Mezoterapi me injeksion apo Microneedling!<\/p>\n<\/div>\n<p>[\/vc_column_text][vc_empty_space height=&#8221;64px&#8221;][\/vc_column][vc_column width=&#8221;1\/6&#8243;][\/vc_column][\/vc_row]<\/p>\n<\/div>","protected":false},"excerpt":{"rendered":"<p>[vc_row][vc_column width=&#8221;1\/6&#8243;][\/vc_column][vc_column width=&#8221;2\/3&#8243;][vc_empty_space height=&#8221;64px&#8221;][vc_column_text] PRX &#8211; T33 \u00cbsht\u00eb nj\u00eb trajtim i cili zhvillohet si peeling, i cili stimulon derm\u00ebn n\u00eb m\u00ebnyr\u00eb joinvazive, por nuk shkakton eksfolim agresiv n\u00eb epiderm\u00eb! Pa shpime, pa injeksione! P\u00ebrmban TCA (acid trikloracetik 33%), H2O2 (peroksid [&hellip;]<\/p>\n","protected":false},"author":1,"featured_media":0,"parent":0,"menu_order":0,"comment_status":"closed","ping_status":"closed","template":"","meta":{"footnotes":""},"class_list":["post-5870","page","type-page","status-publish","hentry"],"yoast_head":"<!-- This site is optimized with the Yoast SEO plugin v27.3 - https:\/\/yoast.com\/product\/yoast-seo-wordpress\/ -->\n<title>Prx - T33 - Microblading By Klaudia<\/title>\n<meta name=\"robots\" content=\"index, follow, max-snippet:-1, max-image-preview:large, max-video-preview:-1\" \/>\n<link rel=\"canonical\" href=\"https:\/\/microbladingbyklaudia.al\/?page_id=5870\" \/>\n<meta property=\"og:locale\" content=\"sq_AL\" \/>\n<meta property=\"og:type\" content=\"article\" \/>\n<meta property=\"og:title\" content=\"Prx - T33 - Microblading By Klaudia\" \/>\n<meta property=\"og:description\" content=\"[vc_row][vc_column width=&#8221;1\/6&#8243;][\/vc_column][vc_column width=&#8221;2\/3&#8243;][vc_empty_space height=&#8221;64px&#8221;][vc_column_text] PRX &#8211; T33 \u00cbsht\u00eb nj\u00eb trajtim i cili zhvillohet si peeling, i cili stimulon derm\u00ebn n\u00eb m\u00ebnyr\u00eb joinvazive, por nuk shkakton eksfolim agresiv n\u00eb epiderm\u00eb! Pa shpime, pa injeksione! P\u00ebrmban TCA (acid trikloracetik 33%), H2O2 (peroksid [&hellip;]\" \/>\n<meta property=\"og:url\" content=\"https:\/\/microbladingbyklaudia.al\/?page_id=5870\" \/>\n<meta property=\"og:site_name\" content=\"Microblading By Klaudia\" \/>\n<meta property=\"article:publisher\" content=\"https:\/\/www.facebook.com\/klaudiasaesthetic\/\" \/>\n<meta property=\"article:modified_time\" content=\"2024-03-10T18:38:01+00:00\" \/>\n<meta name=\"twitter:card\" content=\"summary_large_image\" \/>\n<meta name=\"twitter:label1\" content=\"Est. reading time\" \/>\n\t<meta name=\"twitter:data1\" content=\"5 minutes\" \/>\n<script type=\"application\/ld+json\" class=\"yoast-schema-graph\">{\"@context\":\"https:\\\/\\\/schema.org\",\"@graph\":[{\"@type\":\"WebPage\",\"@id\":\"https:\\\/\\\/microbladingbyklaudia.al\\\/?page_id=5870\",\"url\":\"https:\\\/\\\/microbladingbyklaudia.al\\\/?page_id=5870\",\"name\":\"Prx - T33 - Microblading By Klaudia\",\"isPartOf\":{\"@id\":\"https:\\\/\\\/microbladingbyklaudia.al\\\/#website\"},\"datePublished\":\"2023-02-01T19:06:39+00:00\",\"dateModified\":\"2024-03-10T18:38:01+00:00\",\"breadcrumb\":{\"@id\":\"https:\\\/\\\/microbladingbyklaudia.al\\\/?page_id=5870#breadcrumb\"},\"inLanguage\":\"sq-AL\",\"potentialAction\":[{\"@type\":\"ReadAction\",\"target\":[\"https:\\\/\\\/microbladingbyklaudia.al\\\/?page_id=5870\"]}]},{\"@type\":\"BreadcrumbList\",\"@id\":\"https:\\\/\\\/microbladingbyklaudia.al\\\/?page_id=5870#breadcrumb\",\"itemListElement\":[{\"@type\":\"ListItem\",\"position\":1,\"name\":\"Home\",\"item\":\"https:\\\/\\\/microbladingbyklaudia.al\\\/\"},{\"@type\":\"ListItem\",\"position\":2,\"name\":\"Prx &#8211; T33\"}]},{\"@type\":\"WebSite\",\"@id\":\"https:\\\/\\\/microbladingbyklaudia.al\\\/#website\",\"url\":\"https:\\\/\\\/microbladingbyklaudia.al\\\/\",\"name\":\"Klaudia's Aesthetics\",\"description\":\"Microblading By Klaudia\",\"publisher\":{\"@id\":\"https:\\\/\\\/microbladingbyklaudia.al\\\/#organization\"},\"potentialAction\":[{\"@type\":\"SearchAction\",\"target\":{\"@type\":\"EntryPoint\",\"urlTemplate\":\"https:\\\/\\\/microbladingbyklaudia.al\\\/?s={search_term_string}\"},\"query-input\":{\"@type\":\"PropertyValueSpecification\",\"valueRequired\":true,\"valueName\":\"search_term_string\"}}],\"inLanguage\":\"sq-AL\"},{\"@type\":\"Organization\",\"@id\":\"https:\\\/\\\/microbladingbyklaudia.al\\\/#organization\",\"name\":\"Klaudia's Aesthetics\",\"url\":\"https:\\\/\\\/microbladingbyklaudia.al\\\/\",\"logo\":{\"@type\":\"ImageObject\",\"inLanguage\":\"sq-AL\",\"@id\":\"https:\\\/\\\/microbladingbyklaudia.al\\\/#\\\/schema\\\/logo\\\/image\\\/\",\"url\":\"https:\\\/\\\/microbladingbyklaudia.al\\\/wp-content\\\/uploads\\\/2023\\\/02\\\/1-removebg-preview-e1676483562292.png\",\"contentUrl\":\"https:\\\/\\\/microbladingbyklaudia.al\\\/wp-content\\\/uploads\\\/2023\\\/02\\\/1-removebg-preview-e1676483562292.png\",\"width\":250,\"height\":250,\"caption\":\"Klaudia's Aesthetics\"},\"image\":{\"@id\":\"https:\\\/\\\/microbladingbyklaudia.al\\\/#\\\/schema\\\/logo\\\/image\\\/\"},\"sameAs\":[\"https:\\\/\\\/www.facebook.com\\\/klaudiasaesthetic\\\/\",\"https:\\\/\\\/www.instagram.com\\\/klaudias_aesthetic\\\/\"]}]}<\/script>\n<!-- \/ Yoast SEO plugin. -->","yoast_head_json":{"title":"Prx - T33 - Microblading By Klaudia","robots":{"index":"index","follow":"follow","max-snippet":"max-snippet:-1","max-image-preview":"max-image-preview:large","max-video-preview":"max-video-preview:-1"},"canonical":"https:\/\/microbladingbyklaudia.al\/?page_id=5870","og_locale":"sq_AL","og_type":"article","og_title":"Prx - T33 - Microblading By Klaudia","og_description":"[vc_row][vc_column width=&#8221;1\/6&#8243;][\/vc_column][vc_column width=&#8221;2\/3&#8243;][vc_empty_space height=&#8221;64px&#8221;][vc_column_text] PRX &#8211; T33 \u00cbsht\u00eb nj\u00eb trajtim i cili zhvillohet si peeling, i cili stimulon derm\u00ebn n\u00eb m\u00ebnyr\u00eb joinvazive, por nuk shkakton eksfolim agresiv n\u00eb epiderm\u00eb! Pa shpime, pa injeksione! P\u00ebrmban TCA (acid trikloracetik 33%), H2O2 (peroksid [&hellip;]","og_url":"https:\/\/microbladingbyklaudia.al\/?page_id=5870","og_site_name":"Microblading By Klaudia","article_publisher":"https:\/\/www.facebook.com\/klaudiasaesthetic\/","article_modified_time":"2024-03-10T18:38:01+00:00","twitter_card":"summary_large_image","twitter_misc":{"Est. reading time":"5 minutes"},"schema":{"@context":"https:\/\/schema.org","@graph":[{"@type":"WebPage","@id":"https:\/\/microbladingbyklaudia.al\/?page_id=5870","url":"https:\/\/microbladingbyklaudia.al\/?page_id=5870","name":"Prx - T33 - Microblading By Klaudia","isPartOf":{"@id":"https:\/\/microbladingbyklaudia.al\/#website"},"datePublished":"2023-02-01T19:06:39+00:00","dateModified":"2024-03-10T18:38:01+00:00","breadcrumb":{"@id":"https:\/\/microbladingbyklaudia.al\/?page_id=5870#breadcrumb"},"inLanguage":"sq-AL","potentialAction":[{"@type":"ReadAction","target":["https:\/\/microbladingbyklaudia.al\/?page_id=5870"]}]},{"@type":"BreadcrumbList","@id":"https:\/\/microbladingbyklaudia.al\/?page_id=5870#breadcrumb","itemListElement":[{"@type":"ListItem","position":1,"name":"Home","item":"https:\/\/microbladingbyklaudia.al\/"},{"@type":"ListItem","position":2,"name":"Prx &#8211; T33"}]},{"@type":"WebSite","@id":"https:\/\/microbladingbyklaudia.al\/#website","url":"https:\/\/microbladingbyklaudia.al\/","name":"Klaudia's Aesthetics","description":"Microblading By Klaudia","publisher":{"@id":"https:\/\/microbladingbyklaudia.al\/#organization"},"potentialAction":[{"@type":"SearchAction","target":{"@type":"EntryPoint","urlTemplate":"https:\/\/microbladingbyklaudia.al\/?s={search_term_string}"},"query-input":{"@type":"PropertyValueSpecification","valueRequired":true,"valueName":"search_term_string"}}],"inLanguage":"sq-AL"},{"@type":"Organization","@id":"https:\/\/microbladingbyklaudia.al\/#organization","name":"Klaudia's Aesthetics","url":"https:\/\/microbladingbyklaudia.al\/","logo":{"@type":"ImageObject","inLanguage":"sq-AL","@id":"https:\/\/microbladingbyklaudia.al\/#\/schema\/logo\/image\/","url":"https:\/\/microbladingbyklaudia.al\/wp-content\/uploads\/2023\/02\/1-removebg-preview-e1676483562292.png","contentUrl":"https:\/\/microbladingbyklaudia.al\/wp-content\/uploads\/2023\/02\/1-removebg-preview-e1676483562292.png","width":250,"height":250,"caption":"Klaudia's Aesthetics"},"image":{"@id":"https:\/\/microbladingbyklaudia.al\/#\/schema\/logo\/image\/"},"sameAs":["https:\/\/www.facebook.com\/klaudiasaesthetic\/","https:\/\/www.instagram.com\/klaudias_aesthetic\/"]}]}},"_links":{"self":[{"href":"https:\/\/microbladingbyklaudia.al\/index.php?rest_route=\/wp\/v2\/pages\/5870","targetHints":{"allow":["GET"]}}],"collection":[{"href":"https:\/\/microbladingbyklaudia.al\/index.php?rest_route=\/wp\/v2\/pages"}],"about":[{"href":"https:\/\/microbladingbyklaudia.al\/index.php?rest_route=\/wp\/v2\/types\/page"}],"author":[{"embeddable":true,"href":"https:\/\/microbladingbyklaudia.al\/index.php?rest_route=\/wp\/v2\/users\/1"}],"replies":[{"embeddable":true,"href":"https:\/\/microbladingbyklaudia.al\/index.php?rest_route=%2Fwp%2Fv2%2Fcomments&post=5870"}],"version-history":[{"count":5,"href":"https:\/\/microbladingbyklaudia.al\/index.php?rest_route=\/wp\/v2\/pages\/5870\/revisions"}],"predecessor-version":[{"id":6791,"href":"https:\/\/microbladingbyklaudia.al\/index.php?rest_route=\/wp\/v2\/pages\/5870\/revisions\/6791"}],"wp:attachment":[{"href":"https:\/\/microbladingbyklaudia.al\/index.php?rest_route=%2Fwp%2Fv2%2Fmedia&parent=5870"}],"curies":[{"name":"wp","href":"https:\/\/api.w.org\/{rel}","templated":true}]}}