{"id":5894,"date":"2023-02-01T19:37:54","date_gmt":"2023-02-01T19:37:54","guid":{"rendered":"https:\/\/microbladingbyklaudia.al\/?page_id=5894"},"modified":"2024-04-13T10:33:01","modified_gmt":"2024-04-13T10:33:01","slug":"brows-lamination-2-3","status":"publish","type":"page","link":"https:\/\/microbladingbyklaudia.al\/?page_id=5894","title":{"rendered":"Hydrafacial"},"content":{"rendered":"<div class=\"wpb-content-wrapper\"><p>[vc_row][vc_column width=&#8221;1\/2&#8243;]<div class=\"mkdf-video-button-holder  mkdf-vb-has-img \">\n\t<div class=\"mkdf-video-button-image\">\n\t\t<img loading=\"lazy\" decoding=\"async\" width=\"1920\" height=\"614\" src=\"https:\/\/microbladingbyklaudia.al\/wp-content\/uploads\/2023\/02\/fotor_2023-2-15_23_2_48-1.jpg\" class=\"attachment-full size-full\" alt=\"\" srcset=\"https:\/\/microbladingbyklaudia.al\/wp-content\/uploads\/2023\/02\/fotor_2023-2-15_23_2_48-1.jpg 1920w, https:\/\/microbladingbyklaudia.al\/wp-content\/uploads\/2023\/02\/fotor_2023-2-15_23_2_48-1-300x96.jpg 300w, https:\/\/microbladingbyklaudia.al\/wp-content\/uploads\/2023\/02\/fotor_2023-2-15_23_2_48-1-1024x327.jpg 1024w, https:\/\/microbladingbyklaudia.al\/wp-content\/uploads\/2023\/02\/fotor_2023-2-15_23_2_48-1-768x246.jpg 768w, https:\/\/microbladingbyklaudia.al\/wp-content\/uploads\/2023\/02\/fotor_2023-2-15_23_2_48-1-1536x491.jpg 1536w\" sizes=\"auto, (max-width: 1920px) 100vw, 1920px\" \/>\t<\/div>\n\t\t\t<a class=\"mkdf-video-button-play\" href=\"https:\/\/microbladingbyklaudia.al\/wp-content\/uploads\/2024\/04\/HyrdaFacial.mp4\" data-rel=\"prettyPhoto[video_button_pretty_photo_114]\">\n\t\t\t<span class=\"mkdf-video-button-play-inner\">\n\t\t\t\t<span class=\"mkdf-video-button-play-bg\" >\n\t\t\t\t\t<span class=\"mkdf-video-button-play-icon icon-control-play\" ><\/span>\n\t\t\t\t<\/span>\n\t\t\t<\/span>\n\t\t<\/a>\n\t<\/div>[\/vc_column][vc_column width=&#8221;1\/2&#8243;]<div class=\"mkdf-video-button-holder  mkdf-vb-has-img \">\n\t<div class=\"mkdf-video-button-image\">\n\t\t<img loading=\"lazy\" decoding=\"async\" width=\"1920\" height=\"615\" src=\"https:\/\/microbladingbyklaudia.al\/wp-content\/uploads\/2023\/02\/fotor_2023-2-26_21_24_41.jpg\" class=\"attachment-full size-full\" alt=\"\" srcset=\"https:\/\/microbladingbyklaudia.al\/wp-content\/uploads\/2023\/02\/fotor_2023-2-26_21_24_41.jpg 1920w, https:\/\/microbladingbyklaudia.al\/wp-content\/uploads\/2023\/02\/fotor_2023-2-26_21_24_41-300x96.jpg 300w, https:\/\/microbladingbyklaudia.al\/wp-content\/uploads\/2023\/02\/fotor_2023-2-26_21_24_41-1024x328.jpg 1024w, https:\/\/microbladingbyklaudia.al\/wp-content\/uploads\/2023\/02\/fotor_2023-2-26_21_24_41-768x246.jpg 768w, https:\/\/microbladingbyklaudia.al\/wp-content\/uploads\/2023\/02\/fotor_2023-2-26_21_24_41-1536x492.jpg 1536w\" sizes=\"auto, (max-width: 1920px) 100vw, 1920px\" \/>\t<\/div>\n\t\t\t<a class=\"mkdf-video-button-play\" href=\"https:\/\/microbladingbyklaudia.al\/wp-content\/uploads\/2023\/02\/Hydrafacial.mp4\" data-rel=\"prettyPhoto[video_button_pretty_photo_288]\">\n\t\t\t<span class=\"mkdf-video-button-play-inner\">\n\t\t\t\t<span class=\"mkdf-video-button-play-bg\" >\n\t\t\t\t\t<span class=\"mkdf-video-button-play-icon icon-control-play\" ><\/span>\n\t\t\t\t<\/span>\n\t\t\t<\/span>\n\t\t<\/a>\n\t<\/div>[\/vc_column][\/vc_row][vc_row][vc_column width=&#8221;1\/6&#8243;][\/vc_column][vc_column width=&#8221;2\/3&#8243;][vc_empty_space height=&#8221;64px&#8221;][vc_column_text]<\/p>\n<div class=\"title-services\">\n<p>HydraFacial p\u00ebrmir\u00ebson struktur\u00ebn e p\u00ebrgjithshme, tonin dhe pamjen e l\u00ebkur\u00ebs s\u00eb fytyr\u00ebs. Kjo \u00ebsht\u00eb p\u00ebr shkak t\u00eb eksfolimit t\u00eb thell\u00eb q\u00eb pastron poret tuaja, duke hequr papast\u00ebrtit\u00eb dhe duke lejuar dep\u00ebrtimin m\u00eb t\u00eb mir\u00eb t\u00eb serumeve t\u00eb fytyr\u00ebs t\u00eb p\u00ebrshtatura p\u00ebr llojin e l\u00ebkur\u00ebs tuaj.<\/p>\n<\/div>\n<p>[\/vc_column_text][vc_empty_space height=&#8221;64px&#8221;]<div class=\"mkdf-elements-holder   mkdf-one-column  mkdf-responsive-mode-768 \" ><div class=\"mkdf-eh-item   mkdf-horizontal-alignment-center \"  data-item-class=\"mkdf-eh-custom-9309\">\n\t<div class=\"mkdf-eh-item-inner\">\n\t\t<div class=\"mkdf-eh-item-content mkdf-eh-custom-9309\" >\n\t\t\t<div class=\"mkdf-image-gallery mkdf-grid-list mkdf-disable-bottom-space  mkdf-ig-grid-type mkdf-three-columns mkdf-tiny-space  mkdf-image-behavior-lightbox\">\n\t<div class=\"mkdf-ig-inner mkdf-outer-space\">\n\t\t\t\t\t<div class=\"mkdf-ig-image mkdf-item-space\">\n\t\t\t\t<div class=\"mkdf-ig-image-inner\">\n\t\t\t\t\t\t\t\t\t\t\t<a itemprop=\"image\" class=\"mkdf-ig-lightbox\" href=\"https:\/\/microbladingbyklaudia.al\/wp-content\/uploads\/2023\/02\/IMG_3419.jpg\" data-rel=\"prettyPhoto[image_gallery_pretty_photo-663]\" title=\"IMG_3419\">\n\t\t\t\t\t\t\t\t\t\t\t<img loading=\"lazy\" decoding=\"async\" width=\"800\" height=\"800\" src=\"https:\/\/microbladingbyklaudia.al\/wp-content\/uploads\/2023\/02\/IMG_3419.jpg\" class=\"attachment-large size-large\" alt=\"\" srcset=\"https:\/\/microbladingbyklaudia.al\/wp-content\/uploads\/2023\/02\/IMG_3419.jpg 800w, https:\/\/microbladingbyklaudia.al\/wp-content\/uploads\/2023\/02\/IMG_3419-300x300.jpg 300w, https:\/\/microbladingbyklaudia.al\/wp-content\/uploads\/2023\/02\/IMG_3419-150x150.jpg 150w, https:\/\/microbladingbyklaudia.al\/wp-content\/uploads\/2023\/02\/IMG_3419-768x768.jpg 768w, https:\/\/microbladingbyklaudia.al\/wp-content\/uploads\/2023\/02\/IMG_3419-650x650.jpg 650w, https:\/\/microbladingbyklaudia.al\/wp-content\/uploads\/2023\/02\/IMG_3419-600x600.jpg 600w, https:\/\/microbladingbyklaudia.al\/wp-content\/uploads\/2023\/02\/IMG_3419-100x100.jpg 100w\" sizes=\"auto, (max-width: 800px) 100vw, 800px\" \/>\t\t\t\t\t\t\t\t\t\t\t<\/a>\n\t\t\t\t\t\t\t\t\t<\/div>\n\t\t\t<\/div>\n\t\t\t\t\t<div class=\"mkdf-ig-image mkdf-item-space\">\n\t\t\t\t<div class=\"mkdf-ig-image-inner\">\n\t\t\t\t\t\t\t\t\t\t\t<a itemprop=\"image\" class=\"mkdf-ig-lightbox\" href=\"https:\/\/microbladingbyklaudia.al\/wp-content\/uploads\/2023\/02\/IMG_3418.jpg\" data-rel=\"prettyPhoto[image_gallery_pretty_photo-663]\" title=\"IMG_3418\">\n\t\t\t\t\t\t\t\t\t\t\t<img loading=\"lazy\" decoding=\"async\" width=\"1024\" height=\"714\" src=\"https:\/\/microbladingbyklaudia.al\/wp-content\/uploads\/2023\/02\/IMG_3418-1024x714.jpg\" class=\"attachment-large size-large\" alt=\"\" srcset=\"https:\/\/microbladingbyklaudia.al\/wp-content\/uploads\/2023\/02\/IMG_3418-1024x714.jpg 1024w, https:\/\/microbladingbyklaudia.al\/wp-content\/uploads\/2023\/02\/IMG_3418-300x209.jpg 300w, https:\/\/microbladingbyklaudia.al\/wp-content\/uploads\/2023\/02\/IMG_3418-768x535.jpg 768w, https:\/\/microbladingbyklaudia.al\/wp-content\/uploads\/2023\/02\/IMG_3418-600x418.jpg 600w, https:\/\/microbladingbyklaudia.al\/wp-content\/uploads\/2023\/02\/IMG_3418.jpg 1440w\" sizes=\"auto, (max-width: 1024px) 100vw, 1024px\" \/>\t\t\t\t\t\t\t\t\t\t\t<\/a>\n\t\t\t\t\t\t\t\t\t<\/div>\n\t\t\t<\/div>\n\t\t\t\t\t<div class=\"mkdf-ig-image mkdf-item-space\">\n\t\t\t\t<div class=\"mkdf-ig-image-inner\">\n\t\t\t\t\t\t\t\t\t\t\t<a itemprop=\"image\" class=\"mkdf-ig-lightbox\" href=\"https:\/\/microbladingbyklaudia.al\/wp-content\/uploads\/2023\/02\/IMG_3393.jpg\" data-rel=\"prettyPhoto[image_gallery_pretty_photo-663]\" title=\"IMG_3393\">\n\t\t\t\t\t\t\t\t\t\t\t<img loading=\"lazy\" decoding=\"async\" width=\"1024\" height=\"1024\" src=\"https:\/\/microbladingbyklaudia.al\/wp-content\/uploads\/2023\/02\/IMG_3393-1024x1024.jpg\" class=\"attachment-large size-large\" alt=\"\" srcset=\"https:\/\/microbladingbyklaudia.al\/wp-content\/uploads\/2023\/02\/IMG_3393-1024x1024.jpg 1024w, https:\/\/microbladingbyklaudia.al\/wp-content\/uploads\/2023\/02\/IMG_3393-300x300.jpg 300w, https:\/\/microbladingbyklaudia.al\/wp-content\/uploads\/2023\/02\/IMG_3393-150x150.jpg 150w, https:\/\/microbladingbyklaudia.al\/wp-content\/uploads\/2023\/02\/IMG_3393-768x769.jpg 768w, https:\/\/microbladingbyklaudia.al\/wp-content\/uploads\/2023\/02\/IMG_3393-650x650.jpg 650w, https:\/\/microbladingbyklaudia.al\/wp-content\/uploads\/2023\/02\/IMG_3393-600x600.jpg 600w, https:\/\/microbladingbyklaudia.al\/wp-content\/uploads\/2023\/02\/IMG_3393-100x100.jpg 100w, https:\/\/microbladingbyklaudia.al\/wp-content\/uploads\/2023\/02\/IMG_3393.jpg 1284w\" sizes=\"auto, (max-width: 1024px) 100vw, 1024px\" \/>\t\t\t\t\t\t\t\t\t\t\t<\/a>\n\t\t\t\t\t\t\t\t\t<\/div>\n\t\t\t<\/div>\n\t\t\t<\/div>\n<\/div>\t\t<\/div>\n\t<\/div>\n<\/div><\/div>[\/vc_column][vc_column width=&#8221;1\/6&#8243;][\/vc_column][\/vc_row]<\/p>\n<\/div>","protected":false},"excerpt":{"rendered":"<p>[vc_row][vc_column width=&#8221;1\/2&#8243;][\/vc_column][vc_column width=&#8221;1\/2&#8243;][\/vc_column][\/vc_row][vc_row][vc_column width=&#8221;1\/6&#8243;][\/vc_column][vc_column width=&#8221;2\/3&#8243;][vc_empty_space height=&#8221;64px&#8221;][vc_column_text] HydraFacial p\u00ebrmir\u00ebson struktur\u00ebn e p\u00ebrgjithshme, tonin dhe pamjen e l\u00ebkur\u00ebs s\u00eb fytyr\u00ebs. Kjo \u00ebsht\u00eb p\u00ebr shkak t\u00eb eksfolimit t\u00eb thell\u00eb q\u00eb pastron poret tuaja, duke hequr papast\u00ebrtit\u00eb dhe duke lejuar dep\u00ebrtimin m\u00eb t\u00eb mir\u00eb [&hellip;]<\/p>\n","protected":false},"author":1,"featured_media":0,"parent":0,"menu_order":0,"comment_status":"closed","ping_status":"closed","template":"","meta":{"footnotes":""},"class_list":["post-5894","page","type-page","status-publish","hentry"],"yoast_head":"<!-- This site is optimized with the Yoast SEO plugin v27.3 - https:\/\/yoast.com\/product\/yoast-seo-wordpress\/ -->\n<title>Hydrafacial - Microblading By Klaudia<\/title>\n<meta name=\"robots\" content=\"index, follow, max-snippet:-1, max-image-preview:large, max-video-preview:-1\" \/>\n<link rel=\"canonical\" href=\"https:\/\/microbladingbyklaudia.al\/?page_id=5894\" \/>\n<meta property=\"og:locale\" content=\"sq_AL\" \/>\n<meta property=\"og:type\" content=\"article\" \/>\n<meta property=\"og:title\" content=\"Hydrafacial - Microblading By Klaudia\" \/>\n<meta property=\"og:description\" content=\"[vc_row][vc_column width=&#8221;1\/2&#8243;][\/vc_column][vc_column width=&#8221;1\/2&#8243;][\/vc_column][\/vc_row][vc_row][vc_column width=&#8221;1\/6&#8243;][\/vc_column][vc_column width=&#8221;2\/3&#8243;][vc_empty_space height=&#8221;64px&#8221;][vc_column_text] HydraFacial p\u00ebrmir\u00ebson struktur\u00ebn e p\u00ebrgjithshme, tonin dhe pamjen e l\u00ebkur\u00ebs s\u00eb fytyr\u00ebs. Kjo \u00ebsht\u00eb p\u00ebr shkak t\u00eb eksfolimit t\u00eb thell\u00eb q\u00eb pastron poret tuaja, duke hequr papast\u00ebrtit\u00eb dhe duke lejuar dep\u00ebrtimin m\u00eb t\u00eb mir\u00eb [&hellip;]\" \/>\n<meta property=\"og:url\" content=\"https:\/\/microbladingbyklaudia.al\/?page_id=5894\" \/>\n<meta property=\"og:site_name\" content=\"Microblading By Klaudia\" \/>\n<meta property=\"article:publisher\" content=\"https:\/\/www.facebook.com\/klaudiasaesthetic\/\" \/>\n<meta property=\"article:modified_time\" content=\"2024-04-13T10:33:01+00:00\" \/>\n<meta name=\"twitter:card\" content=\"summary_large_image\" \/>\n<meta name=\"twitter:label1\" content=\"Est. reading time\" \/>\n\t<meta name=\"twitter:data1\" content=\"2 minutes\" \/>\n<script type=\"application\/ld+json\" class=\"yoast-schema-graph\">{\"@context\":\"https:\\\/\\\/schema.org\",\"@graph\":[{\"@type\":\"WebPage\",\"@id\":\"https:\\\/\\\/microbladingbyklaudia.al\\\/?page_id=5894\",\"url\":\"https:\\\/\\\/microbladingbyklaudia.al\\\/?page_id=5894\",\"name\":\"Hydrafacial - Microblading By Klaudia\",\"isPartOf\":{\"@id\":\"https:\\\/\\\/microbladingbyklaudia.al\\\/#website\"},\"datePublished\":\"2023-02-01T19:37:54+00:00\",\"dateModified\":\"2024-04-13T10:33:01+00:00\",\"breadcrumb\":{\"@id\":\"https:\\\/\\\/microbladingbyklaudia.al\\\/?page_id=5894#breadcrumb\"},\"inLanguage\":\"sq-AL\",\"potentialAction\":[{\"@type\":\"ReadAction\",\"target\":[\"https:\\\/\\\/microbladingbyklaudia.al\\\/?page_id=5894\"]}]},{\"@type\":\"BreadcrumbList\",\"@id\":\"https:\\\/\\\/microbladingbyklaudia.al\\\/?page_id=5894#breadcrumb\",\"itemListElement\":[{\"@type\":\"ListItem\",\"position\":1,\"name\":\"Home\",\"item\":\"https:\\\/\\\/microbladingbyklaudia.al\\\/\"},{\"@type\":\"ListItem\",\"position\":2,\"name\":\"Hydrafacial\"}]},{\"@type\":\"WebSite\",\"@id\":\"https:\\\/\\\/microbladingbyklaudia.al\\\/#website\",\"url\":\"https:\\\/\\\/microbladingbyklaudia.al\\\/\",\"name\":\"Klaudia's Aesthetics\",\"description\":\"Microblading By Klaudia\",\"publisher\":{\"@id\":\"https:\\\/\\\/microbladingbyklaudia.al\\\/#organization\"},\"potentialAction\":[{\"@type\":\"SearchAction\",\"target\":{\"@type\":\"EntryPoint\",\"urlTemplate\":\"https:\\\/\\\/microbladingbyklaudia.al\\\/?s={search_term_string}\"},\"query-input\":{\"@type\":\"PropertyValueSpecification\",\"valueRequired\":true,\"valueName\":\"search_term_string\"}}],\"inLanguage\":\"sq-AL\"},{\"@type\":\"Organization\",\"@id\":\"https:\\\/\\\/microbladingbyklaudia.al\\\/#organization\",\"name\":\"Klaudia's Aesthetics\",\"url\":\"https:\\\/\\\/microbladingbyklaudia.al\\\/\",\"logo\":{\"@type\":\"ImageObject\",\"inLanguage\":\"sq-AL\",\"@id\":\"https:\\\/\\\/microbladingbyklaudia.al\\\/#\\\/schema\\\/logo\\\/image\\\/\",\"url\":\"https:\\\/\\\/microbladingbyklaudia.al\\\/wp-content\\\/uploads\\\/2023\\\/02\\\/1-removebg-preview-e1676483562292.png\",\"contentUrl\":\"https:\\\/\\\/microbladingbyklaudia.al\\\/wp-content\\\/uploads\\\/2023\\\/02\\\/1-removebg-preview-e1676483562292.png\",\"width\":250,\"height\":250,\"caption\":\"Klaudia's Aesthetics\"},\"image\":{\"@id\":\"https:\\\/\\\/microbladingbyklaudia.al\\\/#\\\/schema\\\/logo\\\/image\\\/\"},\"sameAs\":[\"https:\\\/\\\/www.facebook.com\\\/klaudiasaesthetic\\\/\",\"https:\\\/\\\/www.instagram.com\\\/klaudias_aesthetic\\\/\"]}]}<\/script>\n<!-- \/ Yoast SEO plugin. -->","yoast_head_json":{"title":"Hydrafacial - Microblading By Klaudia","robots":{"index":"index","follow":"follow","max-snippet":"max-snippet:-1","max-image-preview":"max-image-preview:large","max-video-preview":"max-video-preview:-1"},"canonical":"https:\/\/microbladingbyklaudia.al\/?page_id=5894","og_locale":"sq_AL","og_type":"article","og_title":"Hydrafacial - Microblading By Klaudia","og_description":"[vc_row][vc_column width=&#8221;1\/2&#8243;][\/vc_column][vc_column width=&#8221;1\/2&#8243;][\/vc_column][\/vc_row][vc_row][vc_column width=&#8221;1\/6&#8243;][\/vc_column][vc_column width=&#8221;2\/3&#8243;][vc_empty_space height=&#8221;64px&#8221;][vc_column_text] HydraFacial p\u00ebrmir\u00ebson struktur\u00ebn e p\u00ebrgjithshme, tonin dhe pamjen e l\u00ebkur\u00ebs s\u00eb fytyr\u00ebs. Kjo \u00ebsht\u00eb p\u00ebr shkak t\u00eb eksfolimit t\u00eb thell\u00eb q\u00eb pastron poret tuaja, duke hequr papast\u00ebrtit\u00eb dhe duke lejuar dep\u00ebrtimin m\u00eb t\u00eb mir\u00eb [&hellip;]","og_url":"https:\/\/microbladingbyklaudia.al\/?page_id=5894","og_site_name":"Microblading By Klaudia","article_publisher":"https:\/\/www.facebook.com\/klaudiasaesthetic\/","article_modified_time":"2024-04-13T10:33:01+00:00","twitter_card":"summary_large_image","twitter_misc":{"Est. reading time":"2 minutes"},"schema":{"@context":"https:\/\/schema.org","@graph":[{"@type":"WebPage","@id":"https:\/\/microbladingbyklaudia.al\/?page_id=5894","url":"https:\/\/microbladingbyklaudia.al\/?page_id=5894","name":"Hydrafacial - Microblading By Klaudia","isPartOf":{"@id":"https:\/\/microbladingbyklaudia.al\/#website"},"datePublished":"2023-02-01T19:37:54+00:00","dateModified":"2024-04-13T10:33:01+00:00","breadcrumb":{"@id":"https:\/\/microbladingbyklaudia.al\/?page_id=5894#breadcrumb"},"inLanguage":"sq-AL","potentialAction":[{"@type":"ReadAction","target":["https:\/\/microbladingbyklaudia.al\/?page_id=5894"]}]},{"@type":"BreadcrumbList","@id":"https:\/\/microbladingbyklaudia.al\/?page_id=5894#breadcrumb","itemListElement":[{"@type":"ListItem","position":1,"name":"Home","item":"https:\/\/microbladingbyklaudia.al\/"},{"@type":"ListItem","position":2,"name":"Hydrafacial"}]},{"@type":"WebSite","@id":"https:\/\/microbladingbyklaudia.al\/#website","url":"https:\/\/microbladingbyklaudia.al\/","name":"Klaudia's Aesthetics","description":"Microblading By Klaudia","publisher":{"@id":"https:\/\/microbladingbyklaudia.al\/#organization"},"potentialAction":[{"@type":"SearchAction","target":{"@type":"EntryPoint","urlTemplate":"https:\/\/microbladingbyklaudia.al\/?s={search_term_string}"},"query-input":{"@type":"PropertyValueSpecification","valueRequired":true,"valueName":"search_term_string"}}],"inLanguage":"sq-AL"},{"@type":"Organization","@id":"https:\/\/microbladingbyklaudia.al\/#organization","name":"Klaudia's Aesthetics","url":"https:\/\/microbladingbyklaudia.al\/","logo":{"@type":"ImageObject","inLanguage":"sq-AL","@id":"https:\/\/microbladingbyklaudia.al\/#\/schema\/logo\/image\/","url":"https:\/\/microbladingbyklaudia.al\/wp-content\/uploads\/2023\/02\/1-removebg-preview-e1676483562292.png","contentUrl":"https:\/\/microbladingbyklaudia.al\/wp-content\/uploads\/2023\/02\/1-removebg-preview-e1676483562292.png","width":250,"height":250,"caption":"Klaudia's Aesthetics"},"image":{"@id":"https:\/\/microbladingbyklaudia.al\/#\/schema\/logo\/image\/"},"sameAs":["https:\/\/www.facebook.com\/klaudiasaesthetic\/","https:\/\/www.instagram.com\/klaudias_aesthetic\/"]}]}},"_links":{"self":[{"href":"https:\/\/microbladingbyklaudia.al\/index.php?rest_route=\/wp\/v2\/pages\/5894","targetHints":{"allow":["GET"]}}],"collection":[{"href":"https:\/\/microbladingbyklaudia.al\/index.php?rest_route=\/wp\/v2\/pages"}],"about":[{"href":"https:\/\/microbladingbyklaudia.al\/index.php?rest_route=\/wp\/v2\/types\/page"}],"author":[{"embeddable":true,"href":"https:\/\/microbladingbyklaudia.al\/index.php?rest_route=\/wp\/v2\/users\/1"}],"replies":[{"embeddable":true,"href":"https:\/\/microbladingbyklaudia.al\/index.php?rest_route=%2Fwp%2Fv2%2Fcomments&post=5894"}],"version-history":[{"count":8,"href":"https:\/\/microbladingbyklaudia.al\/index.php?rest_route=\/wp\/v2\/pages\/5894\/revisions"}],"predecessor-version":[{"id":6854,"href":"https:\/\/microbladingbyklaudia.al\/index.php?rest_route=\/wp\/v2\/pages\/5894\/revisions\/6854"}],"wp:attachment":[{"href":"https:\/\/microbladingbyklaudia.al\/index.php?rest_route=%2Fwp%2Fv2%2Fmedia&parent=5894"}],"curies":[{"name":"wp","href":"https:\/\/api.w.org\/{rel}","templated":true}]}}