{"id":6250,"date":"2023-02-15T20:21:24","date_gmt":"2023-02-15T20:21:24","guid":{"rendered":"https:\/\/microbladingbyklaudia.al\/?page_id=6250"},"modified":"2026-01-22T16:00:07","modified_gmt":"2026-01-22T16:00:07","slug":"brows-lamination-2-5","status":"publish","type":"page","link":"https:\/\/microbladingbyklaudia.al\/?page_id=6250","title":{"rendered":"Mesoterapia"},"content":{"rendered":"<div class=\"wpb-content-wrapper\"><p>[vc_row][vc_column width=&#8221;1\/6&#8243;][\/vc_column][vc_column width=&#8221;2\/3&#8243;]<div class=\"mkdf-elements-holder   mkdf-one-column  mkdf-responsive-mode-768 \" ><div class=\"mkdf-eh-item   mkdf-horizontal-alignment-center \"  data-item-class=\"mkdf-eh-custom-1168\">\n\t<div class=\"mkdf-eh-item-inner\">\n\t\t<div class=\"mkdf-eh-item-content mkdf-eh-custom-1168\" >\n\t\t\t<div class=\"mkdf-image-gallery  mkdf-ig-carousel-type mkdf-three-columns mkdf-huge-space  \">\n\t<div class=\"mkdf-ig-slider mkdf-owl-slider\" data-number-of-items=\"1\" data-enable-loop=\"yes\" data-enable-autoplay=\"yes\" data-slider-speed=\"5000\" data-slider-speed-animation=\"600\" data-slider-padding=\"no\" data-enable-navigation=\"yes\" data-enable-pagination=\"yes\">\n\t\t\t\t\t<div class=\"mkdf-ig-image\">\n\t\t\t\t\t\t\t\t\t<img loading=\"lazy\" decoding=\"async\" width=\"1228\" height=\"1293\" src=\"https:\/\/microbladingbyklaudia.al\/wp-content\/uploads\/2023\/02\/IMG_3869.jpg\" class=\"attachment-full size-full\" alt=\"\" srcset=\"https:\/\/microbladingbyklaudia.al\/wp-content\/uploads\/2023\/02\/IMG_3869.jpg 1228w, https:\/\/microbladingbyklaudia.al\/wp-content\/uploads\/2023\/02\/IMG_3869-285x300.jpg 285w, https:\/\/microbladingbyklaudia.al\/wp-content\/uploads\/2023\/02\/IMG_3869-973x1024.jpg 973w, https:\/\/microbladingbyklaudia.al\/wp-content\/uploads\/2023\/02\/IMG_3869-768x809.jpg 768w\" sizes=\"auto, (max-width: 1228px) 100vw, 1228px\" \/>\t\t\t\t\t\t\t<\/div>\n\t\t\t<\/div>\n<\/div>\t\t<\/div>\n\t<\/div>\n<\/div><\/div>[vc_empty_space height=&#8221;64px&#8221;][vc_column_text css=&#8221;&#8221;]<\/p>\n<div class=\"title-services\">\n<p>Mezoterapia \u00ebsht\u00eb nj\u00eb metod\u00eb, e cila aplikohet n\u00eb mjek\u00ebsin\u00eb estetike me q\u00ebllim t\u00eb rigjenerimit t\u00eb l\u00ebkur\u00ebs, hidratimit intensiv, kthimin e elasticitetit, tonusit dhe shk\u00eblqimit.<\/p>\n<p>Gjat\u00eb mezoterapis\u00eb mikroinjektohen p\u00ebrb\u00ebr\u00ebsit, si: vitamina, minerale, aminoacide, acidi hialuronik, antioksidante dhe t\u00eb tjera, n\u00eb mezoderm\u00eb, duke nxitur qarkullimin e gjakut dhe sistemin imunitar q\u00eb t\u00eb krijojn\u00eb efekt pozitiv biologjik dhe t\u00eb eliminojn\u00eb \u00e7rregullimet fiziologjike<\/p>\n<p>Mezoterapia aplikohet p\u00ebr rigjenerimin e fytyr\u00ebs, qaf\u00ebs, dekolte dhe rrath\u00ebt e zi t\u00eb syve.<\/p>\n<p>Studio punon me linjat:<\/p>\n<ul>\n<li>Phibright &amp;Toskani<\/li>\n<li>Susselle<\/li>\n<li>Skintech<\/li>\n<li>Long Lasting Lola<\/li>\n<li>Proflihlo<\/li>\n<\/ul>\n<p>dhe shum\u00eb linja t\u00eb tjera profesionale dermoestetike.<\/p>\n<\/div>\n<p>[\/vc_column_text][vc_empty_space height=&#8221;64px&#8221;][\/vc_column][vc_column width=&#8221;1\/6&#8243;][\/vc_column][\/vc_row]<\/p>\n<\/div>","protected":false},"excerpt":{"rendered":"<p>[vc_row][vc_column width=&#8221;1\/6&#8243;][\/vc_column][vc_column width=&#8221;2\/3&#8243;][vc_empty_space height=&#8221;64px&#8221;][vc_column_text css=&#8221;&#8221;] Mezoterapia \u00ebsht\u00eb nj\u00eb metod\u00eb, e cila aplikohet n\u00eb mjek\u00ebsin\u00eb estetike me q\u00ebllim t\u00eb rigjenerimit t\u00eb l\u00ebkur\u00ebs, hidratimit intensiv, kthimin e elasticitetit, tonusit dhe shk\u00eblqimit. Gjat\u00eb mezoterapis\u00eb mikroinjektohen p\u00ebrb\u00ebr\u00ebsit, si: vitamina, minerale, aminoacide, acidi hialuronik, antioksidante [&hellip;]<\/p>\n","protected":false},"author":1,"featured_media":0,"parent":0,"menu_order":0,"comment_status":"closed","ping_status":"closed","template":"","meta":{"footnotes":""},"class_list":["post-6250","page","type-page","status-publish","hentry"],"yoast_head":"<!-- This site is optimized with the Yoast SEO plugin v27.3 - https:\/\/yoast.com\/product\/yoast-seo-wordpress\/ -->\n<title>Mesoterapia - Microblading By Klaudia<\/title>\n<meta name=\"robots\" content=\"index, follow, max-snippet:-1, max-image-preview:large, max-video-preview:-1\" \/>\n<link rel=\"canonical\" href=\"https:\/\/microbladingbyklaudia.al\/?page_id=6250\" \/>\n<meta property=\"og:locale\" content=\"sq_AL\" \/>\n<meta property=\"og:type\" content=\"article\" \/>\n<meta property=\"og:title\" content=\"Mesoterapia - Microblading By Klaudia\" \/>\n<meta property=\"og:description\" content=\"[vc_row][vc_column width=&#8221;1\/6&#8243;][\/vc_column][vc_column width=&#8221;2\/3&#8243;][vc_empty_space height=&#8221;64px&#8221;][vc_column_text css=&#8221;&#8221;] Mezoterapia \u00ebsht\u00eb nj\u00eb metod\u00eb, e cila aplikohet n\u00eb mjek\u00ebsin\u00eb estetike me q\u00ebllim t\u00eb rigjenerimit t\u00eb l\u00ebkur\u00ebs, hidratimit intensiv, kthimin e elasticitetit, tonusit dhe shk\u00eblqimit. Gjat\u00eb mezoterapis\u00eb mikroinjektohen p\u00ebrb\u00ebr\u00ebsit, si: vitamina, minerale, aminoacide, acidi hialuronik, antioksidante [&hellip;]\" \/>\n<meta property=\"og:url\" content=\"https:\/\/microbladingbyklaudia.al\/?page_id=6250\" \/>\n<meta property=\"og:site_name\" content=\"Microblading By Klaudia\" \/>\n<meta property=\"article:publisher\" content=\"https:\/\/www.facebook.com\/klaudiasaesthetic\/\" \/>\n<meta property=\"article:modified_time\" content=\"2026-01-22T16:00:07+00:00\" \/>\n<meta name=\"twitter:card\" content=\"summary_large_image\" \/>\n<meta name=\"twitter:label1\" content=\"Est. reading time\" \/>\n\t<meta name=\"twitter:data1\" content=\"1 minute\" \/>\n<script type=\"application\/ld+json\" class=\"yoast-schema-graph\">{\"@context\":\"https:\\\/\\\/schema.org\",\"@graph\":[{\"@type\":\"WebPage\",\"@id\":\"https:\\\/\\\/microbladingbyklaudia.al\\\/?page_id=6250\",\"url\":\"https:\\\/\\\/microbladingbyklaudia.al\\\/?page_id=6250\",\"name\":\"Mesoterapia - Microblading By Klaudia\",\"isPartOf\":{\"@id\":\"https:\\\/\\\/microbladingbyklaudia.al\\\/#website\"},\"datePublished\":\"2023-02-15T20:21:24+00:00\",\"dateModified\":\"2026-01-22T16:00:07+00:00\",\"breadcrumb\":{\"@id\":\"https:\\\/\\\/microbladingbyklaudia.al\\\/?page_id=6250#breadcrumb\"},\"inLanguage\":\"sq-AL\",\"potentialAction\":[{\"@type\":\"ReadAction\",\"target\":[\"https:\\\/\\\/microbladingbyklaudia.al\\\/?page_id=6250\"]}]},{\"@type\":\"BreadcrumbList\",\"@id\":\"https:\\\/\\\/microbladingbyklaudia.al\\\/?page_id=6250#breadcrumb\",\"itemListElement\":[{\"@type\":\"ListItem\",\"position\":1,\"name\":\"Home\",\"item\":\"https:\\\/\\\/microbladingbyklaudia.al\\\/\"},{\"@type\":\"ListItem\",\"position\":2,\"name\":\"Mesoterapia\"}]},{\"@type\":\"WebSite\",\"@id\":\"https:\\\/\\\/microbladingbyklaudia.al\\\/#website\",\"url\":\"https:\\\/\\\/microbladingbyklaudia.al\\\/\",\"name\":\"Klaudia's Aesthetics\",\"description\":\"Microblading By Klaudia\",\"publisher\":{\"@id\":\"https:\\\/\\\/microbladingbyklaudia.al\\\/#organization\"},\"potentialAction\":[{\"@type\":\"SearchAction\",\"target\":{\"@type\":\"EntryPoint\",\"urlTemplate\":\"https:\\\/\\\/microbladingbyklaudia.al\\\/?s={search_term_string}\"},\"query-input\":{\"@type\":\"PropertyValueSpecification\",\"valueRequired\":true,\"valueName\":\"search_term_string\"}}],\"inLanguage\":\"sq-AL\"},{\"@type\":\"Organization\",\"@id\":\"https:\\\/\\\/microbladingbyklaudia.al\\\/#organization\",\"name\":\"Klaudia's Aesthetics\",\"url\":\"https:\\\/\\\/microbladingbyklaudia.al\\\/\",\"logo\":{\"@type\":\"ImageObject\",\"inLanguage\":\"sq-AL\",\"@id\":\"https:\\\/\\\/microbladingbyklaudia.al\\\/#\\\/schema\\\/logo\\\/image\\\/\",\"url\":\"https:\\\/\\\/microbladingbyklaudia.al\\\/wp-content\\\/uploads\\\/2023\\\/02\\\/1-removebg-preview-e1676483562292.png\",\"contentUrl\":\"https:\\\/\\\/microbladingbyklaudia.al\\\/wp-content\\\/uploads\\\/2023\\\/02\\\/1-removebg-preview-e1676483562292.png\",\"width\":250,\"height\":250,\"caption\":\"Klaudia's Aesthetics\"},\"image\":{\"@id\":\"https:\\\/\\\/microbladingbyklaudia.al\\\/#\\\/schema\\\/logo\\\/image\\\/\"},\"sameAs\":[\"https:\\\/\\\/www.facebook.com\\\/klaudiasaesthetic\\\/\",\"https:\\\/\\\/www.instagram.com\\\/klaudias_aesthetic\\\/\"]}]}<\/script>\n<!-- \/ Yoast SEO plugin. -->","yoast_head_json":{"title":"Mesoterapia - Microblading By Klaudia","robots":{"index":"index","follow":"follow","max-snippet":"max-snippet:-1","max-image-preview":"max-image-preview:large","max-video-preview":"max-video-preview:-1"},"canonical":"https:\/\/microbladingbyklaudia.al\/?page_id=6250","og_locale":"sq_AL","og_type":"article","og_title":"Mesoterapia - Microblading By Klaudia","og_description":"[vc_row][vc_column width=&#8221;1\/6&#8243;][\/vc_column][vc_column width=&#8221;2\/3&#8243;][vc_empty_space height=&#8221;64px&#8221;][vc_column_text css=&#8221;&#8221;] Mezoterapia \u00ebsht\u00eb nj\u00eb metod\u00eb, e cila aplikohet n\u00eb mjek\u00ebsin\u00eb estetike me q\u00ebllim t\u00eb rigjenerimit t\u00eb l\u00ebkur\u00ebs, hidratimit intensiv, kthimin e elasticitetit, tonusit dhe shk\u00eblqimit. Gjat\u00eb mezoterapis\u00eb mikroinjektohen p\u00ebrb\u00ebr\u00ebsit, si: vitamina, minerale, aminoacide, acidi hialuronik, antioksidante [&hellip;]","og_url":"https:\/\/microbladingbyklaudia.al\/?page_id=6250","og_site_name":"Microblading By Klaudia","article_publisher":"https:\/\/www.facebook.com\/klaudiasaesthetic\/","article_modified_time":"2026-01-22T16:00:07+00:00","twitter_card":"summary_large_image","twitter_misc":{"Est. reading time":"1 minute"},"schema":{"@context":"https:\/\/schema.org","@graph":[{"@type":"WebPage","@id":"https:\/\/microbladingbyklaudia.al\/?page_id=6250","url":"https:\/\/microbladingbyklaudia.al\/?page_id=6250","name":"Mesoterapia - Microblading By Klaudia","isPartOf":{"@id":"https:\/\/microbladingbyklaudia.al\/#website"},"datePublished":"2023-02-15T20:21:24+00:00","dateModified":"2026-01-22T16:00:07+00:00","breadcrumb":{"@id":"https:\/\/microbladingbyklaudia.al\/?page_id=6250#breadcrumb"},"inLanguage":"sq-AL","potentialAction":[{"@type":"ReadAction","target":["https:\/\/microbladingbyklaudia.al\/?page_id=6250"]}]},{"@type":"BreadcrumbList","@id":"https:\/\/microbladingbyklaudia.al\/?page_id=6250#breadcrumb","itemListElement":[{"@type":"ListItem","position":1,"name":"Home","item":"https:\/\/microbladingbyklaudia.al\/"},{"@type":"ListItem","position":2,"name":"Mesoterapia"}]},{"@type":"WebSite","@id":"https:\/\/microbladingbyklaudia.al\/#website","url":"https:\/\/microbladingbyklaudia.al\/","name":"Klaudia's Aesthetics","description":"Microblading By Klaudia","publisher":{"@id":"https:\/\/microbladingbyklaudia.al\/#organization"},"potentialAction":[{"@type":"SearchAction","target":{"@type":"EntryPoint","urlTemplate":"https:\/\/microbladingbyklaudia.al\/?s={search_term_string}"},"query-input":{"@type":"PropertyValueSpecification","valueRequired":true,"valueName":"search_term_string"}}],"inLanguage":"sq-AL"},{"@type":"Organization","@id":"https:\/\/microbladingbyklaudia.al\/#organization","name":"Klaudia's Aesthetics","url":"https:\/\/microbladingbyklaudia.al\/","logo":{"@type":"ImageObject","inLanguage":"sq-AL","@id":"https:\/\/microbladingbyklaudia.al\/#\/schema\/logo\/image\/","url":"https:\/\/microbladingbyklaudia.al\/wp-content\/uploads\/2023\/02\/1-removebg-preview-e1676483562292.png","contentUrl":"https:\/\/microbladingbyklaudia.al\/wp-content\/uploads\/2023\/02\/1-removebg-preview-e1676483562292.png","width":250,"height":250,"caption":"Klaudia's Aesthetics"},"image":{"@id":"https:\/\/microbladingbyklaudia.al\/#\/schema\/logo\/image\/"},"sameAs":["https:\/\/www.facebook.com\/klaudiasaesthetic\/","https:\/\/www.instagram.com\/klaudias_aesthetic\/"]}]}},"_links":{"self":[{"href":"https:\/\/microbladingbyklaudia.al\/index.php?rest_route=\/wp\/v2\/pages\/6250","targetHints":{"allow":["GET"]}}],"collection":[{"href":"https:\/\/microbladingbyklaudia.al\/index.php?rest_route=\/wp\/v2\/pages"}],"about":[{"href":"https:\/\/microbladingbyklaudia.al\/index.php?rest_route=\/wp\/v2\/types\/page"}],"author":[{"embeddable":true,"href":"https:\/\/microbladingbyklaudia.al\/index.php?rest_route=\/wp\/v2\/users\/1"}],"replies":[{"embeddable":true,"href":"https:\/\/microbladingbyklaudia.al\/index.php?rest_route=%2Fwp%2Fv2%2Fcomments&post=6250"}],"version-history":[{"count":2,"href":"https:\/\/microbladingbyklaudia.al\/index.php?rest_route=\/wp\/v2\/pages\/6250\/revisions"}],"predecessor-version":[{"id":7055,"href":"https:\/\/microbladingbyklaudia.al\/index.php?rest_route=\/wp\/v2\/pages\/6250\/revisions\/7055"}],"wp:attachment":[{"href":"https:\/\/microbladingbyklaudia.al\/index.php?rest_route=%2Fwp%2Fv2%2Fmedia&parent=6250"}],"curies":[{"name":"wp","href":"https:\/\/api.w.org\/{rel}","templated":true}]}}