{"id":6644,"date":"2023-03-02T14:58:39","date_gmt":"2023-03-02T14:58:39","guid":{"rendered":"https:\/\/microbladingbyklaudia.al\/?page_id=6644"},"modified":"2023-03-02T14:58:39","modified_gmt":"2023-03-02T14:58:39","slug":"brows-lamination-2-5-2","status":"publish","type":"page","link":"https:\/\/microbladingbyklaudia.al\/?page_id=6644","title":{"rendered":"Delphi Brows"},"content":{"rendered":"<div class=\"wpb-content-wrapper\"><p>[vc_row][vc_column width=&#8221;1\/6&#8243;][\/vc_column][vc_column width=&#8221;2\/3&#8243;]<div class=\"mkdf-elements-holder   mkdf-one-column  mkdf-responsive-mode-768 \" ><div class=\"mkdf-eh-item   mkdf-horizontal-alignment-center \"  data-item-class=\"mkdf-eh-custom-1179\">\n\t<div class=\"mkdf-eh-item-inner\">\n\t\t<div class=\"mkdf-eh-item-content mkdf-eh-custom-1179\" >\n\t\t\t<div class=\"mkdf-image-gallery  mkdf-ig-carousel-type mkdf-three-columns mkdf-huge-space  \">\n\t<div class=\"mkdf-ig-slider mkdf-owl-slider\" data-number-of-items=\"1\" data-enable-loop=\"yes\" data-enable-autoplay=\"yes\" data-slider-speed=\"5000\" data-slider-speed-animation=\"600\" data-slider-padding=\"no\" data-enable-navigation=\"yes\" data-enable-pagination=\"yes\">\n\t\t\t\t\t<div class=\"mkdf-ig-image\">\n\t\t\t\t\t\t\t\t\t<img loading=\"lazy\" decoding=\"async\" width=\"1080\" height=\"1080\" src=\"https:\/\/microbladingbyklaudia.al\/wp-content\/uploads\/2023\/03\/IMG_4507.png\" class=\"attachment-full size-full\" alt=\"\" srcset=\"https:\/\/microbladingbyklaudia.al\/wp-content\/uploads\/2023\/03\/IMG_4507.png 1080w, https:\/\/microbladingbyklaudia.al\/wp-content\/uploads\/2023\/03\/IMG_4507-300x300.png 300w, https:\/\/microbladingbyklaudia.al\/wp-content\/uploads\/2023\/03\/IMG_4507-1024x1024.png 1024w, https:\/\/microbladingbyklaudia.al\/wp-content\/uploads\/2023\/03\/IMG_4507-150x150.png 150w, https:\/\/microbladingbyklaudia.al\/wp-content\/uploads\/2023\/03\/IMG_4507-768x768.png 768w, https:\/\/microbladingbyklaudia.al\/wp-content\/uploads\/2023\/03\/IMG_4507-650x650.png 650w\" sizes=\"auto, (max-width: 1080px) 100vw, 1080px\" \/>\t\t\t\t\t\t\t<\/div>\n\t\t\t\t\t<div class=\"mkdf-ig-image\">\n\t\t\t\t\t\t\t\t\t<img loading=\"lazy\" decoding=\"async\" width=\"2049\" height=\"2560\" src=\"https:\/\/microbladingbyklaudia.al\/wp-content\/uploads\/2023\/03\/8CD519EB-5C3F-424E-8E1C-92F2B990CBAB-scaled.jpeg\" class=\"attachment-full size-full\" alt=\"\" srcset=\"https:\/\/microbladingbyklaudia.al\/wp-content\/uploads\/2023\/03\/8CD519EB-5C3F-424E-8E1C-92F2B990CBAB-scaled.jpeg 2049w, https:\/\/microbladingbyklaudia.al\/wp-content\/uploads\/2023\/03\/8CD519EB-5C3F-424E-8E1C-92F2B990CBAB-240x300.jpeg 240w, https:\/\/microbladingbyklaudia.al\/wp-content\/uploads\/2023\/03\/8CD519EB-5C3F-424E-8E1C-92F2B990CBAB-820x1024.jpeg 820w, https:\/\/microbladingbyklaudia.al\/wp-content\/uploads\/2023\/03\/8CD519EB-5C3F-424E-8E1C-92F2B990CBAB-768x960.jpeg 768w, https:\/\/microbladingbyklaudia.al\/wp-content\/uploads\/2023\/03\/8CD519EB-5C3F-424E-8E1C-92F2B990CBAB-1229x1536.jpeg 1229w, https:\/\/microbladingbyklaudia.al\/wp-content\/uploads\/2023\/03\/8CD519EB-5C3F-424E-8E1C-92F2B990CBAB-1639x2048.jpeg 1639w\" sizes=\"auto, (max-width: 2049px) 100vw, 2049px\" \/>\t\t\t\t\t\t\t<\/div>\n\t\t\t\t\t<div class=\"mkdf-ig-image\">\n\t\t\t\t\t\t\t\t\t<img loading=\"lazy\" decoding=\"async\" width=\"2048\" height=\"2560\" src=\"https:\/\/microbladingbyklaudia.al\/wp-content\/uploads\/2023\/03\/42B7F138-6305-4BA6-82AF-BA0FF2C10220-scaled.jpeg\" class=\"attachment-full size-full\" alt=\"\" srcset=\"https:\/\/microbladingbyklaudia.al\/wp-content\/uploads\/2023\/03\/42B7F138-6305-4BA6-82AF-BA0FF2C10220-scaled.jpeg 2048w, https:\/\/microbladingbyklaudia.al\/wp-content\/uploads\/2023\/03\/42B7F138-6305-4BA6-82AF-BA0FF2C10220-240x300.jpeg 240w, https:\/\/microbladingbyklaudia.al\/wp-content\/uploads\/2023\/03\/42B7F138-6305-4BA6-82AF-BA0FF2C10220-819x1024.jpeg 819w, https:\/\/microbladingbyklaudia.al\/wp-content\/uploads\/2023\/03\/42B7F138-6305-4BA6-82AF-BA0FF2C10220-768x960.jpeg 768w, https:\/\/microbladingbyklaudia.al\/wp-content\/uploads\/2023\/03\/42B7F138-6305-4BA6-82AF-BA0FF2C10220-1229x1536.jpeg 1229w, https:\/\/microbladingbyklaudia.al\/wp-content\/uploads\/2023\/03\/42B7F138-6305-4BA6-82AF-BA0FF2C10220-1638x2048.jpeg 1638w\" sizes=\"auto, (max-width: 2048px) 100vw, 2048px\" \/>\t\t\t\t\t\t\t<\/div>\n\t\t\t<\/div>\n<\/div>\t\t<\/div>\n\t<\/div>\n<\/div><\/div>[vc_empty_space height=&#8221;64px&#8221;][vc_column_text]<\/p>\n<div class=\"title-services\">\n<p>Delphi brows \u00ebsht\u00eb nj\u00eb teknik\u00eb e re n\u00eb fush\u00ebn e PMU dhe studioja jon\u00eb \u00ebsht\u00eb e vetmja n\u00eb Shqip\u00ebri q\u00eb e aplikon.<\/p>\n<div>\u00cbsht\u00eb metod\u00eb shum\u00eb natyrale e punimit t\u00eb vetull\u00ebs vet\u00ebm me makin\u00eb tattoo dhe kjo metod\u00eb quhet e &#8216;ardhmja e PMU&#8217;.<\/div>\n<\/div>\n<p>[\/vc_column_text][vc_empty_space height=&#8221;64px&#8221;][\/vc_column][vc_column width=&#8221;1\/6&#8243;][\/vc_column][\/vc_row]<\/p>\n<\/div>","protected":false},"excerpt":{"rendered":"<p>[vc_row][vc_column width=&#8221;1\/6&#8243;][\/vc_column][vc_column width=&#8221;2\/3&#8243;][vc_empty_space height=&#8221;64px&#8221;][vc_column_text] Delphi brows \u00ebsht\u00eb nj\u00eb teknik\u00eb e re n\u00eb fush\u00ebn e PMU dhe studioja jon\u00eb \u00ebsht\u00eb e vetmja n\u00eb Shqip\u00ebri q\u00eb e aplikon. \u00cbsht\u00eb metod\u00eb shum\u00eb natyrale e punimit t\u00eb vetull\u00ebs vet\u00ebm me makin\u00eb tattoo dhe kjo [&hellip;]<\/p>\n","protected":false},"author":1,"featured_media":0,"parent":0,"menu_order":0,"comment_status":"closed","ping_status":"closed","template":"","meta":{"footnotes":""},"class_list":["post-6644","page","type-page","status-publish","hentry"],"yoast_head":"<!-- This site is optimized with the Yoast SEO plugin v27.3 - https:\/\/yoast.com\/product\/yoast-seo-wordpress\/ -->\n<title>Delphi Brows - Microblading By Klaudia<\/title>\n<meta name=\"robots\" content=\"index, follow, max-snippet:-1, max-image-preview:large, max-video-preview:-1\" \/>\n<link rel=\"canonical\" href=\"https:\/\/microbladingbyklaudia.al\/?page_id=6644\" \/>\n<meta property=\"og:locale\" content=\"sq_AL\" \/>\n<meta property=\"og:type\" content=\"article\" \/>\n<meta property=\"og:title\" content=\"Delphi Brows - Microblading By Klaudia\" \/>\n<meta property=\"og:description\" content=\"[vc_row][vc_column width=&#8221;1\/6&#8243;][\/vc_column][vc_column width=&#8221;2\/3&#8243;][vc_empty_space height=&#8221;64px&#8221;][vc_column_text] Delphi brows \u00ebsht\u00eb nj\u00eb teknik\u00eb e re n\u00eb fush\u00ebn e PMU dhe studioja jon\u00eb \u00ebsht\u00eb e vetmja n\u00eb Shqip\u00ebri q\u00eb e aplikon. \u00cbsht\u00eb metod\u00eb shum\u00eb natyrale e punimit t\u00eb vetull\u00ebs vet\u00ebm me makin\u00eb tattoo dhe kjo [&hellip;]\" \/>\n<meta property=\"og:url\" content=\"https:\/\/microbladingbyklaudia.al\/?page_id=6644\" \/>\n<meta property=\"og:site_name\" content=\"Microblading By Klaudia\" \/>\n<meta property=\"article:publisher\" content=\"https:\/\/www.facebook.com\/klaudiasaesthetic\/\" \/>\n<meta name=\"twitter:card\" content=\"summary_large_image\" \/>\n<meta name=\"twitter:label1\" content=\"Est. reading time\" \/>\n\t<meta name=\"twitter:data1\" content=\"1 minute\" \/>\n<script type=\"application\/ld+json\" class=\"yoast-schema-graph\">{\"@context\":\"https:\\\/\\\/schema.org\",\"@graph\":[{\"@type\":\"WebPage\",\"@id\":\"https:\\\/\\\/microbladingbyklaudia.al\\\/?page_id=6644\",\"url\":\"https:\\\/\\\/microbladingbyklaudia.al\\\/?page_id=6644\",\"name\":\"Delphi Brows - Microblading By Klaudia\",\"isPartOf\":{\"@id\":\"https:\\\/\\\/microbladingbyklaudia.al\\\/#website\"},\"datePublished\":\"2023-03-02T14:58:39+00:00\",\"breadcrumb\":{\"@id\":\"https:\\\/\\\/microbladingbyklaudia.al\\\/?page_id=6644#breadcrumb\"},\"inLanguage\":\"sq-AL\",\"potentialAction\":[{\"@type\":\"ReadAction\",\"target\":[\"https:\\\/\\\/microbladingbyklaudia.al\\\/?page_id=6644\"]}]},{\"@type\":\"BreadcrumbList\",\"@id\":\"https:\\\/\\\/microbladingbyklaudia.al\\\/?page_id=6644#breadcrumb\",\"itemListElement\":[{\"@type\":\"ListItem\",\"position\":1,\"name\":\"Home\",\"item\":\"https:\\\/\\\/microbladingbyklaudia.al\\\/\"},{\"@type\":\"ListItem\",\"position\":2,\"name\":\"Delphi Brows\"}]},{\"@type\":\"WebSite\",\"@id\":\"https:\\\/\\\/microbladingbyklaudia.al\\\/#website\",\"url\":\"https:\\\/\\\/microbladingbyklaudia.al\\\/\",\"name\":\"Klaudia's Aesthetics\",\"description\":\"Microblading By Klaudia\",\"publisher\":{\"@id\":\"https:\\\/\\\/microbladingbyklaudia.al\\\/#organization\"},\"potentialAction\":[{\"@type\":\"SearchAction\",\"target\":{\"@type\":\"EntryPoint\",\"urlTemplate\":\"https:\\\/\\\/microbladingbyklaudia.al\\\/?s={search_term_string}\"},\"query-input\":{\"@type\":\"PropertyValueSpecification\",\"valueRequired\":true,\"valueName\":\"search_term_string\"}}],\"inLanguage\":\"sq-AL\"},{\"@type\":\"Organization\",\"@id\":\"https:\\\/\\\/microbladingbyklaudia.al\\\/#organization\",\"name\":\"Klaudia's Aesthetics\",\"url\":\"https:\\\/\\\/microbladingbyklaudia.al\\\/\",\"logo\":{\"@type\":\"ImageObject\",\"inLanguage\":\"sq-AL\",\"@id\":\"https:\\\/\\\/microbladingbyklaudia.al\\\/#\\\/schema\\\/logo\\\/image\\\/\",\"url\":\"https:\\\/\\\/microbladingbyklaudia.al\\\/wp-content\\\/uploads\\\/2023\\\/02\\\/1-removebg-preview-e1676483562292.png\",\"contentUrl\":\"https:\\\/\\\/microbladingbyklaudia.al\\\/wp-content\\\/uploads\\\/2023\\\/02\\\/1-removebg-preview-e1676483562292.png\",\"width\":250,\"height\":250,\"caption\":\"Klaudia's Aesthetics\"},\"image\":{\"@id\":\"https:\\\/\\\/microbladingbyklaudia.al\\\/#\\\/schema\\\/logo\\\/image\\\/\"},\"sameAs\":[\"https:\\\/\\\/www.facebook.com\\\/klaudiasaesthetic\\\/\",\"https:\\\/\\\/www.instagram.com\\\/klaudias_aesthetic\\\/\"]}]}<\/script>\n<!-- \/ Yoast SEO plugin. -->","yoast_head_json":{"title":"Delphi Brows - Microblading By Klaudia","robots":{"index":"index","follow":"follow","max-snippet":"max-snippet:-1","max-image-preview":"max-image-preview:large","max-video-preview":"max-video-preview:-1"},"canonical":"https:\/\/microbladingbyklaudia.al\/?page_id=6644","og_locale":"sq_AL","og_type":"article","og_title":"Delphi Brows - Microblading By Klaudia","og_description":"[vc_row][vc_column width=&#8221;1\/6&#8243;][\/vc_column][vc_column width=&#8221;2\/3&#8243;][vc_empty_space height=&#8221;64px&#8221;][vc_column_text] Delphi brows \u00ebsht\u00eb nj\u00eb teknik\u00eb e re n\u00eb fush\u00ebn e PMU dhe studioja jon\u00eb \u00ebsht\u00eb e vetmja n\u00eb Shqip\u00ebri q\u00eb e aplikon. \u00cbsht\u00eb metod\u00eb shum\u00eb natyrale e punimit t\u00eb vetull\u00ebs vet\u00ebm me makin\u00eb tattoo dhe kjo [&hellip;]","og_url":"https:\/\/microbladingbyklaudia.al\/?page_id=6644","og_site_name":"Microblading By Klaudia","article_publisher":"https:\/\/www.facebook.com\/klaudiasaesthetic\/","twitter_card":"summary_large_image","twitter_misc":{"Est. reading time":"1 minute"},"schema":{"@context":"https:\/\/schema.org","@graph":[{"@type":"WebPage","@id":"https:\/\/microbladingbyklaudia.al\/?page_id=6644","url":"https:\/\/microbladingbyklaudia.al\/?page_id=6644","name":"Delphi Brows - Microblading By Klaudia","isPartOf":{"@id":"https:\/\/microbladingbyklaudia.al\/#website"},"datePublished":"2023-03-02T14:58:39+00:00","breadcrumb":{"@id":"https:\/\/microbladingbyklaudia.al\/?page_id=6644#breadcrumb"},"inLanguage":"sq-AL","potentialAction":[{"@type":"ReadAction","target":["https:\/\/microbladingbyklaudia.al\/?page_id=6644"]}]},{"@type":"BreadcrumbList","@id":"https:\/\/microbladingbyklaudia.al\/?page_id=6644#breadcrumb","itemListElement":[{"@type":"ListItem","position":1,"name":"Home","item":"https:\/\/microbladingbyklaudia.al\/"},{"@type":"ListItem","position":2,"name":"Delphi Brows"}]},{"@type":"WebSite","@id":"https:\/\/microbladingbyklaudia.al\/#website","url":"https:\/\/microbladingbyklaudia.al\/","name":"Klaudia's Aesthetics","description":"Microblading By Klaudia","publisher":{"@id":"https:\/\/microbladingbyklaudia.al\/#organization"},"potentialAction":[{"@type":"SearchAction","target":{"@type":"EntryPoint","urlTemplate":"https:\/\/microbladingbyklaudia.al\/?s={search_term_string}"},"query-input":{"@type":"PropertyValueSpecification","valueRequired":true,"valueName":"search_term_string"}}],"inLanguage":"sq-AL"},{"@type":"Organization","@id":"https:\/\/microbladingbyklaudia.al\/#organization","name":"Klaudia's Aesthetics","url":"https:\/\/microbladingbyklaudia.al\/","logo":{"@type":"ImageObject","inLanguage":"sq-AL","@id":"https:\/\/microbladingbyklaudia.al\/#\/schema\/logo\/image\/","url":"https:\/\/microbladingbyklaudia.al\/wp-content\/uploads\/2023\/02\/1-removebg-preview-e1676483562292.png","contentUrl":"https:\/\/microbladingbyklaudia.al\/wp-content\/uploads\/2023\/02\/1-removebg-preview-e1676483562292.png","width":250,"height":250,"caption":"Klaudia's Aesthetics"},"image":{"@id":"https:\/\/microbladingbyklaudia.al\/#\/schema\/logo\/image\/"},"sameAs":["https:\/\/www.facebook.com\/klaudiasaesthetic\/","https:\/\/www.instagram.com\/klaudias_aesthetic\/"]}]}},"_links":{"self":[{"href":"https:\/\/microbladingbyklaudia.al\/index.php?rest_route=\/wp\/v2\/pages\/6644","targetHints":{"allow":["GET"]}}],"collection":[{"href":"https:\/\/microbladingbyklaudia.al\/index.php?rest_route=\/wp\/v2\/pages"}],"about":[{"href":"https:\/\/microbladingbyklaudia.al\/index.php?rest_route=\/wp\/v2\/types\/page"}],"author":[{"embeddable":true,"href":"https:\/\/microbladingbyklaudia.al\/index.php?rest_route=\/wp\/v2\/users\/1"}],"replies":[{"embeddable":true,"href":"https:\/\/microbladingbyklaudia.al\/index.php?rest_route=%2Fwp%2Fv2%2Fcomments&post=6644"}],"version-history":[{"count":1,"href":"https:\/\/microbladingbyklaudia.al\/index.php?rest_route=\/wp\/v2\/pages\/6644\/revisions"}],"predecessor-version":[{"id":6654,"href":"https:\/\/microbladingbyklaudia.al\/index.php?rest_route=\/wp\/v2\/pages\/6644\/revisions\/6654"}],"wp:attachment":[{"href":"https:\/\/microbladingbyklaudia.al\/index.php?rest_route=%2Fwp%2Fv2%2Fmedia&parent=6644"}],"curies":[{"name":"wp","href":"https:\/\/api.w.org\/{rel}","templated":true}]}}