{"id":6867,"date":"2024-04-20T17:06:05","date_gmt":"2024-04-20T17:06:05","guid":{"rendered":"https:\/\/microbladingbyklaudia.al\/?page_id=6867"},"modified":"2026-01-22T16:27:51","modified_gmt":"2026-01-22T16:27:51","slug":"chemical-peeling","status":"publish","type":"page","link":"https:\/\/microbladingbyklaudia.al\/?page_id=6867","title":{"rendered":"CO2 Laser"},"content":{"rendered":"<div class=\"wpb-content-wrapper\"><p>[vc_row][vc_column width=&#8221;1\/6&#8243;][\/vc_column][vc_column width=&#8221;2\/3&#8243;]<div class=\"mkdf-elements-holder   mkdf-one-column  mkdf-responsive-mode-768 \" ><div class=\"mkdf-eh-item   mkdf-horizontal-alignment-center \"  data-item-class=\"mkdf-eh-custom-9829\">\n\t<div class=\"mkdf-eh-item-inner\">\n\t\t<div class=\"mkdf-eh-item-content mkdf-eh-custom-9829\" >\n\t\t\t<div class=\"mkdf-image-gallery  mkdf-ig-carousel-type mkdf-three-columns mkdf-huge-space  \">\n\t<div class=\"mkdf-ig-slider mkdf-owl-slider\" data-number-of-items=\"1\" data-enable-loop=\"yes\" data-enable-autoplay=\"yes\" data-slider-speed=\"5000\" data-slider-speed-animation=\"600\" data-slider-padding=\"no\" data-enable-navigation=\"yes\" data-enable-pagination=\"yes\">\n\t\t\t\t\t<div class=\"mkdf-ig-image\">\n\t\t\t\t\t\t\t\t\t<img loading=\"lazy\" decoding=\"async\" width=\"1600\" height=\"1600\" src=\"https:\/\/microbladingbyklaudia.al\/wp-content\/uploads\/2026\/01\/WhatsApp-Image-2026-01-21-at-8.38.00-PM-fotor-20260122172145.jpg\" class=\"attachment-full size-full\" alt=\"\" srcset=\"https:\/\/microbladingbyklaudia.al\/wp-content\/uploads\/2026\/01\/WhatsApp-Image-2026-01-21-at-8.38.00-PM-fotor-20260122172145.jpg 1600w, https:\/\/microbladingbyklaudia.al\/wp-content\/uploads\/2026\/01\/WhatsApp-Image-2026-01-21-at-8.38.00-PM-fotor-20260122172145-300x300.jpg 300w, https:\/\/microbladingbyklaudia.al\/wp-content\/uploads\/2026\/01\/WhatsApp-Image-2026-01-21-at-8.38.00-PM-fotor-20260122172145-1024x1024.jpg 1024w, https:\/\/microbladingbyklaudia.al\/wp-content\/uploads\/2026\/01\/WhatsApp-Image-2026-01-21-at-8.38.00-PM-fotor-20260122172145-150x150.jpg 150w, https:\/\/microbladingbyklaudia.al\/wp-content\/uploads\/2026\/01\/WhatsApp-Image-2026-01-21-at-8.38.00-PM-fotor-20260122172145-768x768.jpg 768w, https:\/\/microbladingbyklaudia.al\/wp-content\/uploads\/2026\/01\/WhatsApp-Image-2026-01-21-at-8.38.00-PM-fotor-20260122172145-1536x1536.jpg 1536w, https:\/\/microbladingbyklaudia.al\/wp-content\/uploads\/2026\/01\/WhatsApp-Image-2026-01-21-at-8.38.00-PM-fotor-20260122172145-650x650.jpg 650w, https:\/\/microbladingbyklaudia.al\/wp-content\/uploads\/2026\/01\/WhatsApp-Image-2026-01-21-at-8.38.00-PM-fotor-20260122172145-1300x1300.jpg 1300w\" sizes=\"auto, (max-width: 1600px) 100vw, 1600px\" \/>\t\t\t\t\t\t\t<\/div>\n\t\t\t\t\t<div class=\"mkdf-ig-image\">\n\t\t\t\t\t\t\t\t\t<img loading=\"lazy\" decoding=\"async\" width=\"2560\" height=\"2560\" src=\"https:\/\/microbladingbyklaudia.al\/wp-content\/uploads\/2026\/01\/IMG_4167-scaled.jpeg\" class=\"attachment-full size-full\" alt=\"\" srcset=\"https:\/\/microbladingbyklaudia.al\/wp-content\/uploads\/2026\/01\/IMG_4167-scaled.jpeg 2560w, https:\/\/microbladingbyklaudia.al\/wp-content\/uploads\/2026\/01\/IMG_4167-300x300.jpeg 300w, https:\/\/microbladingbyklaudia.al\/wp-content\/uploads\/2026\/01\/IMG_4167-1024x1024.jpeg 1024w, https:\/\/microbladingbyklaudia.al\/wp-content\/uploads\/2026\/01\/IMG_4167-150x150.jpeg 150w, https:\/\/microbladingbyklaudia.al\/wp-content\/uploads\/2026\/01\/IMG_4167-768x768.jpeg 768w, https:\/\/microbladingbyklaudia.al\/wp-content\/uploads\/2026\/01\/IMG_4167-1536x1536.jpeg 1536w, https:\/\/microbladingbyklaudia.al\/wp-content\/uploads\/2026\/01\/IMG_4167-650x650.jpeg 650w, https:\/\/microbladingbyklaudia.al\/wp-content\/uploads\/2026\/01\/IMG_4167-1300x1300.jpeg 1300w\" sizes=\"auto, (max-width: 2560px) 100vw, 2560px\" \/>\t\t\t\t\t\t\t<\/div>\n\t\t\t\t\t<div class=\"mkdf-ig-image\">\n\t\t\t\t\t\t\t\t\t<img loading=\"lazy\" decoding=\"async\" width=\"2560\" height=\"2560\" src=\"https:\/\/microbladingbyklaudia.al\/wp-content\/uploads\/2026\/01\/IMG_4164-fotor-20260122172040-scaled.jpg\" class=\"attachment-full size-full\" alt=\"\" srcset=\"https:\/\/microbladingbyklaudia.al\/wp-content\/uploads\/2026\/01\/IMG_4164-fotor-20260122172040-scaled.jpg 2560w, https:\/\/microbladingbyklaudia.al\/wp-content\/uploads\/2026\/01\/IMG_4164-fotor-20260122172040-300x300.jpg 300w, https:\/\/microbladingbyklaudia.al\/wp-content\/uploads\/2026\/01\/IMG_4164-fotor-20260122172040-1024x1024.jpg 1024w, https:\/\/microbladingbyklaudia.al\/wp-content\/uploads\/2026\/01\/IMG_4164-fotor-20260122172040-150x150.jpg 150w, https:\/\/microbladingbyklaudia.al\/wp-content\/uploads\/2026\/01\/IMG_4164-fotor-20260122172040-768x768.jpg 768w, https:\/\/microbladingbyklaudia.al\/wp-content\/uploads\/2026\/01\/IMG_4164-fotor-20260122172040-1536x1536.jpg 1536w, https:\/\/microbladingbyklaudia.al\/wp-content\/uploads\/2026\/01\/IMG_4164-fotor-20260122172040-650x650.jpg 650w, https:\/\/microbladingbyklaudia.al\/wp-content\/uploads\/2026\/01\/IMG_4164-fotor-20260122172040-1300x1300.jpg 1300w\" sizes=\"auto, (max-width: 2560px) 100vw, 2560px\" \/>\t\t\t\t\t\t\t<\/div>\n\t\t\t\t\t<div class=\"mkdf-ig-image\">\n\t\t\t\t\t\t\t\t\t<img loading=\"lazy\" decoding=\"async\" width=\"2560\" height=\"2560\" src=\"https:\/\/microbladingbyklaudia.al\/wp-content\/uploads\/2026\/01\/IMG_4163-fotor-20260122171937-scaled.jpg\" class=\"attachment-full size-full\" alt=\"\" srcset=\"https:\/\/microbladingbyklaudia.al\/wp-content\/uploads\/2026\/01\/IMG_4163-fotor-20260122171937-scaled.jpg 2560w, https:\/\/microbladingbyklaudia.al\/wp-content\/uploads\/2026\/01\/IMG_4163-fotor-20260122171937-300x300.jpg 300w, https:\/\/microbladingbyklaudia.al\/wp-content\/uploads\/2026\/01\/IMG_4163-fotor-20260122171937-1024x1024.jpg 1024w, https:\/\/microbladingbyklaudia.al\/wp-content\/uploads\/2026\/01\/IMG_4163-fotor-20260122171937-150x150.jpg 150w, https:\/\/microbladingbyklaudia.al\/wp-content\/uploads\/2026\/01\/IMG_4163-fotor-20260122171937-768x768.jpg 768w, https:\/\/microbladingbyklaudia.al\/wp-content\/uploads\/2026\/01\/IMG_4163-fotor-20260122171937-1536x1536.jpg 1536w, https:\/\/microbladingbyklaudia.al\/wp-content\/uploads\/2026\/01\/IMG_4163-fotor-20260122171937-650x650.jpg 650w, https:\/\/microbladingbyklaudia.al\/wp-content\/uploads\/2026\/01\/IMG_4163-fotor-20260122171937-1300x1300.jpg 1300w\" sizes=\"auto, (max-width: 2560px) 100vw, 2560px\" \/>\t\t\t\t\t\t\t<\/div>\n\t\t\t\t\t<div class=\"mkdf-ig-image\">\n\t\t\t\t\t\t\t\t\t<img loading=\"lazy\" decoding=\"async\" width=\"2560\" height=\"2560\" src=\"https:\/\/microbladingbyklaudia.al\/wp-content\/uploads\/2026\/01\/IMG_4161-1-fotor-20260122171748-scaled.jpg\" class=\"attachment-full size-full\" alt=\"\" srcset=\"https:\/\/microbladingbyklaudia.al\/wp-content\/uploads\/2026\/01\/IMG_4161-1-fotor-20260122171748-scaled.jpg 2560w, https:\/\/microbladingbyklaudia.al\/wp-content\/uploads\/2026\/01\/IMG_4161-1-fotor-20260122171748-300x300.jpg 300w, https:\/\/microbladingbyklaudia.al\/wp-content\/uploads\/2026\/01\/IMG_4161-1-fotor-20260122171748-1024x1024.jpg 1024w, https:\/\/microbladingbyklaudia.al\/wp-content\/uploads\/2026\/01\/IMG_4161-1-fotor-20260122171748-150x150.jpg 150w, https:\/\/microbladingbyklaudia.al\/wp-content\/uploads\/2026\/01\/IMG_4161-1-fotor-20260122171748-768x768.jpg 768w, https:\/\/microbladingbyklaudia.al\/wp-content\/uploads\/2026\/01\/IMG_4161-1-fotor-20260122171748-1536x1536.jpg 1536w, https:\/\/microbladingbyklaudia.al\/wp-content\/uploads\/2026\/01\/IMG_4161-1-fotor-20260122171748-650x650.jpg 650w, https:\/\/microbladingbyklaudia.al\/wp-content\/uploads\/2026\/01\/IMG_4161-1-fotor-20260122171748-1300x1300.jpg 1300w\" sizes=\"auto, (max-width: 2560px) 100vw, 2560px\" \/>\t\t\t\t\t\t\t<\/div>\n\t\t\t\t\t<div class=\"mkdf-ig-image\">\n\t\t\t\t\t\t\t\t\t<img loading=\"lazy\" decoding=\"async\" width=\"1079\" height=\"1010\" src=\"https:\/\/microbladingbyklaudia.al\/wp-content\/uploads\/2024\/04\/IMG_5508.jpeg\" class=\"attachment-full size-full\" alt=\"\" srcset=\"https:\/\/microbladingbyklaudia.al\/wp-content\/uploads\/2024\/04\/IMG_5508.jpeg 1079w, https:\/\/microbladingbyklaudia.al\/wp-content\/uploads\/2024\/04\/IMG_5508-300x281.jpeg 300w, https:\/\/microbladingbyklaudia.al\/wp-content\/uploads\/2024\/04\/IMG_5508-1024x959.jpeg 1024w, https:\/\/microbladingbyklaudia.al\/wp-content\/uploads\/2024\/04\/IMG_5508-768x719.jpeg 768w\" sizes=\"auto, (max-width: 1079px) 100vw, 1079px\" \/>\t\t\t\t\t\t\t<\/div>\n\t\t\t\t\t<div class=\"mkdf-ig-image\">\n\t\t\t\t\t\t\t\t\t<img loading=\"lazy\" decoding=\"async\" width=\"577\" height=\"537\" src=\"https:\/\/microbladingbyklaudia.al\/wp-content\/uploads\/2024\/04\/IMG_5512.jpeg\" class=\"attachment-full size-full\" alt=\"\" srcset=\"https:\/\/microbladingbyklaudia.al\/wp-content\/uploads\/2024\/04\/IMG_5512.jpeg 577w, https:\/\/microbladingbyklaudia.al\/wp-content\/uploads\/2024\/04\/IMG_5512-300x279.jpeg 300w\" sizes=\"auto, (max-width: 577px) 100vw, 577px\" \/>\t\t\t\t\t\t\t<\/div>\n\t\t\t<\/div>\n<\/div>\t\t<\/div>\n\t<\/div>\n<\/div><\/div>[vc_empty_space height=&#8221;64px&#8221;][vc_column_text]<\/p>\n<div class=\"title-services\">\n<p>Laseri CO2 p\u00ebrdoret p\u00ebr trajtimin e linjave t\u00eb shprehjes, rrudhave, d\u00ebmtimin nga dielli (p\u00ebrfshir\u00eb njollat nga dielli), cikatricet nga aknet, strijat dhe tekstur\u00eb johomogjene t\u00eb fytyr\u00ebs, qaf\u00ebs dhe dekoltes\u00eb dhe gjithashtu per minimizimin e rudhave poshte syve dhe lifting e qepallave dhe shenjat nga operacionet.<\/p>\n<p>Ky trajtim shtr\u00ebngon l\u00ebkur\u00ebn dhe stimulon prodhimin natyror t\u00eb kolagjenit.<\/p>\n<p>Gjithashtu p\u00ebrmir\u00ebson tonin dhe struktur\u00ebn e l\u00ebkur\u00ebs duke zvog\u00ebluar rrudhat, poret e m\u00ebdha, shenjat e akneve t\u00eb vogla dhe t\u00eb m\u00ebdha dhe shenjat e mosh\u00ebs n\u00eb duar dhe fytyr\u00eb.<\/p>\n<p>Lazeri fraksional CO2 kombinuar me radiofrekuenc\u00eb bipolare p\u00ebrdoret p\u00ebr:<\/p>\n<p>* Trajtimin e rrudhave n\u00eb zon\u00ebn an\u00ebsore t\u00eb syve<\/p>\n<p>* Rigjenerimin e l\u00ebkur\u00ebs s\u00eb fytyr\u00ebs, qaf\u00ebs, dekoltes\u00eb, duarve etj.<\/p>\n<p>* Trajtimin e cikatriceve post operatore dhe shenjave nga aknet<\/p>\n<p>* Trajtimin e l\u00ebkur\u00ebs s\u00eb d\u00ebmtuar nga dielli<\/p>\n<p>* Reduktimin e poreve<\/p>\n<p>* Korrigjimin e njollave t\u00eb l\u00ebkur\u00ebs<\/p>\n<p>* Eleminimin e strijave<\/p>\n<\/div>\n<p>[\/vc_column_text][vc_empty_space height=&#8221;64px&#8221;]<div class=\"mkdf-elements-holder   mkdf-one-column  mkdf-responsive-mode-768 \" ><div class=\"mkdf-eh-item   mkdf-horizontal-alignment-center \"  data-item-class=\"mkdf-eh-custom-8024\">\n\t<div class=\"mkdf-eh-item-inner\">\n\t\t<div class=\"mkdf-eh-item-content mkdf-eh-custom-8024\" >\n\t\t\t<div class=\"mkdf-image-gallery  mkdf-ig-carousel-type mkdf-three-columns mkdf-huge-space  \">\n\t<div class=\"mkdf-ig-slider mkdf-owl-slider\" data-number-of-items=\"1\" data-enable-loop=\"yes\" data-enable-autoplay=\"yes\" data-slider-speed=\"5000\" data-slider-speed-animation=\"600\" data-slider-padding=\"no\" data-enable-navigation=\"yes\" data-enable-pagination=\"yes\">\n\t\t\t\t\t<div class=\"mkdf-ig-image\">\n\t\t\t\t\t\t\t\t\t<img loading=\"lazy\" decoding=\"async\" width=\"1080\" height=\"1350\" src=\"https:\/\/microbladingbyklaudia.al\/wp-content\/uploads\/2026\/01\/IMG_4151.png\" class=\"attachment-full size-full\" alt=\"\" srcset=\"https:\/\/microbladingbyklaudia.al\/wp-content\/uploads\/2026\/01\/IMG_4151.png 1080w, https:\/\/microbladingbyklaudia.al\/wp-content\/uploads\/2026\/01\/IMG_4151-240x300.png 240w, https:\/\/microbladingbyklaudia.al\/wp-content\/uploads\/2026\/01\/IMG_4151-819x1024.png 819w, https:\/\/microbladingbyklaudia.al\/wp-content\/uploads\/2026\/01\/IMG_4151-768x960.png 768w\" sizes=\"auto, (max-width: 1080px) 100vw, 1080px\" \/>\t\t\t\t\t\t\t<\/div>\n\t\t\t\t\t<div class=\"mkdf-ig-image\">\n\t\t\t\t\t\t\t\t\t<img loading=\"lazy\" decoding=\"async\" width=\"1080\" height=\"1350\" src=\"https:\/\/microbladingbyklaudia.al\/wp-content\/uploads\/2026\/01\/IMG_4157-1.png\" class=\"attachment-full size-full\" alt=\"\" srcset=\"https:\/\/microbladingbyklaudia.al\/wp-content\/uploads\/2026\/01\/IMG_4157-1.png 1080w, https:\/\/microbladingbyklaudia.al\/wp-content\/uploads\/2026\/01\/IMG_4157-1-240x300.png 240w, https:\/\/microbladingbyklaudia.al\/wp-content\/uploads\/2026\/01\/IMG_4157-1-819x1024.png 819w, https:\/\/microbladingbyklaudia.al\/wp-content\/uploads\/2026\/01\/IMG_4157-1-768x960.png 768w\" sizes=\"auto, (max-width: 1080px) 100vw, 1080px\" \/>\t\t\t\t\t\t\t<\/div>\n\t\t\t\t\t<div class=\"mkdf-ig-image\">\n\t\t\t\t\t\t\t\t\t<img loading=\"lazy\" decoding=\"async\" width=\"1080\" height=\"1350\" src=\"https:\/\/microbladingbyklaudia.al\/wp-content\/uploads\/2026\/01\/IMG_4158.png\" class=\"attachment-full size-full\" alt=\"\" srcset=\"https:\/\/microbladingbyklaudia.al\/wp-content\/uploads\/2026\/01\/IMG_4158.png 1080w, https:\/\/microbladingbyklaudia.al\/wp-content\/uploads\/2026\/01\/IMG_4158-240x300.png 240w, https:\/\/microbladingbyklaudia.al\/wp-content\/uploads\/2026\/01\/IMG_4158-819x1024.png 819w, https:\/\/microbladingbyklaudia.al\/wp-content\/uploads\/2026\/01\/IMG_4158-768x960.png 768w\" sizes=\"auto, (max-width: 1080px) 100vw, 1080px\" \/>\t\t\t\t\t\t\t<\/div>\n\t\t\t\t\t<div class=\"mkdf-ig-image\">\n\t\t\t\t\t\t\t\t\t<img loading=\"lazy\" decoding=\"async\" width=\"1080\" height=\"1350\" src=\"https:\/\/microbladingbyklaudia.al\/wp-content\/uploads\/2026\/01\/IMG_4159.png\" class=\"attachment-full size-full\" alt=\"\" srcset=\"https:\/\/microbladingbyklaudia.al\/wp-content\/uploads\/2026\/01\/IMG_4159.png 1080w, https:\/\/microbladingbyklaudia.al\/wp-content\/uploads\/2026\/01\/IMG_4159-240x300.png 240w, https:\/\/microbladingbyklaudia.al\/wp-content\/uploads\/2026\/01\/IMG_4159-819x1024.png 819w, https:\/\/microbladingbyklaudia.al\/wp-content\/uploads\/2026\/01\/IMG_4159-768x960.png 768w\" sizes=\"auto, (max-width: 1080px) 100vw, 1080px\" \/>\t\t\t\t\t\t\t<\/div>\n\t\t\t\t\t<div class=\"mkdf-ig-image\">\n\t\t\t\t\t\t\t\t\t<img loading=\"lazy\" decoding=\"async\" width=\"1080\" height=\"1350\" src=\"https:\/\/microbladingbyklaudia.al\/wp-content\/uploads\/2026\/01\/IMG_4160.png\" class=\"attachment-full size-full\" alt=\"\" srcset=\"https:\/\/microbladingbyklaudia.al\/wp-content\/uploads\/2026\/01\/IMG_4160.png 1080w, https:\/\/microbladingbyklaudia.al\/wp-content\/uploads\/2026\/01\/IMG_4160-240x300.png 240w, https:\/\/microbladingbyklaudia.al\/wp-content\/uploads\/2026\/01\/IMG_4160-819x1024.png 819w, https:\/\/microbladingbyklaudia.al\/wp-content\/uploads\/2026\/01\/IMG_4160-768x960.png 768w\" sizes=\"auto, (max-width: 1080px) 100vw, 1080px\" \/>\t\t\t\t\t\t\t<\/div>\n\t\t\t<\/div>\n<\/div>\t\t<\/div>\n\t<\/div>\n<\/div><\/div>[\/vc_column][vc_column width=&#8221;1\/6&#8243;][\/vc_column][\/vc_row]<\/p>\n<\/div>","protected":false},"excerpt":{"rendered":"<p>[vc_row][vc_column width=&#8221;1\/6&#8243;][\/vc_column][vc_column width=&#8221;2\/3&#8243;][vc_empty_space height=&#8221;64px&#8221;][vc_column_text] Laseri CO2 p\u00ebrdoret p\u00ebr trajtimin e linjave t\u00eb shprehjes, rrudhave, d\u00ebmtimin nga dielli (p\u00ebrfshir\u00eb njollat nga dielli), cikatricet nga aknet, strijat dhe tekstur\u00eb johomogjene t\u00eb fytyr\u00ebs, qaf\u00ebs dhe dekoltes\u00eb dhe gjithashtu per minimizimin e rudhave poshte [&hellip;]<\/p>\n","protected":false},"author":1,"featured_media":0,"parent":0,"menu_order":0,"comment_status":"closed","ping_status":"closed","template":"","meta":{"footnotes":""},"class_list":["post-6867","page","type-page","status-publish","hentry"],"yoast_head":"<!-- This site is optimized with the Yoast SEO plugin v27.3 - https:\/\/yoast.com\/product\/yoast-seo-wordpress\/ -->\n<title>CO2 Laser - Microblading By Klaudia<\/title>\n<meta name=\"robots\" content=\"index, follow, max-snippet:-1, max-image-preview:large, max-video-preview:-1\" \/>\n<link rel=\"canonical\" href=\"https:\/\/microbladingbyklaudia.al\/?page_id=6867\" \/>\n<meta property=\"og:locale\" content=\"sq_AL\" \/>\n<meta property=\"og:type\" content=\"article\" \/>\n<meta property=\"og:title\" content=\"CO2 Laser - Microblading By Klaudia\" \/>\n<meta property=\"og:description\" content=\"[vc_row][vc_column width=&#8221;1\/6&#8243;][\/vc_column][vc_column width=&#8221;2\/3&#8243;][vc_empty_space height=&#8221;64px&#8221;][vc_column_text] Laseri CO2 p\u00ebrdoret p\u00ebr trajtimin e linjave t\u00eb shprehjes, rrudhave, d\u00ebmtimin nga dielli (p\u00ebrfshir\u00eb njollat nga dielli), cikatricet nga aknet, strijat dhe tekstur\u00eb johomogjene t\u00eb fytyr\u00ebs, qaf\u00ebs dhe dekoltes\u00eb dhe gjithashtu per minimizimin e rudhave poshte [&hellip;]\" \/>\n<meta property=\"og:url\" content=\"https:\/\/microbladingbyklaudia.al\/?page_id=6867\" \/>\n<meta property=\"og:site_name\" content=\"Microblading By Klaudia\" \/>\n<meta property=\"article:publisher\" content=\"https:\/\/www.facebook.com\/klaudiasaesthetic\/\" \/>\n<meta property=\"article:modified_time\" content=\"2026-01-22T16:27:51+00:00\" \/>\n<meta name=\"twitter:card\" content=\"summary_large_image\" \/>\n<meta name=\"twitter:label1\" content=\"Est. reading time\" \/>\n\t<meta name=\"twitter:data1\" content=\"4 minutes\" \/>\n<script type=\"application\/ld+json\" class=\"yoast-schema-graph\">{\"@context\":\"https:\\\/\\\/schema.org\",\"@graph\":[{\"@type\":\"WebPage\",\"@id\":\"https:\\\/\\\/microbladingbyklaudia.al\\\/?page_id=6867\",\"url\":\"https:\\\/\\\/microbladingbyklaudia.al\\\/?page_id=6867\",\"name\":\"CO2 Laser - Microblading By Klaudia\",\"isPartOf\":{\"@id\":\"https:\\\/\\\/microbladingbyklaudia.al\\\/#website\"},\"datePublished\":\"2024-04-20T17:06:05+00:00\",\"dateModified\":\"2026-01-22T16:27:51+00:00\",\"breadcrumb\":{\"@id\":\"https:\\\/\\\/microbladingbyklaudia.al\\\/?page_id=6867#breadcrumb\"},\"inLanguage\":\"sq-AL\",\"potentialAction\":[{\"@type\":\"ReadAction\",\"target\":[\"https:\\\/\\\/microbladingbyklaudia.al\\\/?page_id=6867\"]}]},{\"@type\":\"BreadcrumbList\",\"@id\":\"https:\\\/\\\/microbladingbyklaudia.al\\\/?page_id=6867#breadcrumb\",\"itemListElement\":[{\"@type\":\"ListItem\",\"position\":1,\"name\":\"Home\",\"item\":\"https:\\\/\\\/microbladingbyklaudia.al\\\/\"},{\"@type\":\"ListItem\",\"position\":2,\"name\":\"CO2 Laser\"}]},{\"@type\":\"WebSite\",\"@id\":\"https:\\\/\\\/microbladingbyklaudia.al\\\/#website\",\"url\":\"https:\\\/\\\/microbladingbyklaudia.al\\\/\",\"name\":\"Klaudia's Aesthetics\",\"description\":\"Microblading By Klaudia\",\"publisher\":{\"@id\":\"https:\\\/\\\/microbladingbyklaudia.al\\\/#organization\"},\"potentialAction\":[{\"@type\":\"SearchAction\",\"target\":{\"@type\":\"EntryPoint\",\"urlTemplate\":\"https:\\\/\\\/microbladingbyklaudia.al\\\/?s={search_term_string}\"},\"query-input\":{\"@type\":\"PropertyValueSpecification\",\"valueRequired\":true,\"valueName\":\"search_term_string\"}}],\"inLanguage\":\"sq-AL\"},{\"@type\":\"Organization\",\"@id\":\"https:\\\/\\\/microbladingbyklaudia.al\\\/#organization\",\"name\":\"Klaudia's Aesthetics\",\"url\":\"https:\\\/\\\/microbladingbyklaudia.al\\\/\",\"logo\":{\"@type\":\"ImageObject\",\"inLanguage\":\"sq-AL\",\"@id\":\"https:\\\/\\\/microbladingbyklaudia.al\\\/#\\\/schema\\\/logo\\\/image\\\/\",\"url\":\"https:\\\/\\\/microbladingbyklaudia.al\\\/wp-content\\\/uploads\\\/2023\\\/02\\\/1-removebg-preview-e1676483562292.png\",\"contentUrl\":\"https:\\\/\\\/microbladingbyklaudia.al\\\/wp-content\\\/uploads\\\/2023\\\/02\\\/1-removebg-preview-e1676483562292.png\",\"width\":250,\"height\":250,\"caption\":\"Klaudia's Aesthetics\"},\"image\":{\"@id\":\"https:\\\/\\\/microbladingbyklaudia.al\\\/#\\\/schema\\\/logo\\\/image\\\/\"},\"sameAs\":[\"https:\\\/\\\/www.facebook.com\\\/klaudiasaesthetic\\\/\",\"https:\\\/\\\/www.instagram.com\\\/klaudias_aesthetic\\\/\"]}]}<\/script>\n<!-- \/ Yoast SEO plugin. -->","yoast_head_json":{"title":"CO2 Laser - Microblading By Klaudia","robots":{"index":"index","follow":"follow","max-snippet":"max-snippet:-1","max-image-preview":"max-image-preview:large","max-video-preview":"max-video-preview:-1"},"canonical":"https:\/\/microbladingbyklaudia.al\/?page_id=6867","og_locale":"sq_AL","og_type":"article","og_title":"CO2 Laser - Microblading By Klaudia","og_description":"[vc_row][vc_column width=&#8221;1\/6&#8243;][\/vc_column][vc_column width=&#8221;2\/3&#8243;][vc_empty_space height=&#8221;64px&#8221;][vc_column_text] Laseri CO2 p\u00ebrdoret p\u00ebr trajtimin e linjave t\u00eb shprehjes, rrudhave, d\u00ebmtimin nga dielli (p\u00ebrfshir\u00eb njollat nga dielli), cikatricet nga aknet, strijat dhe tekstur\u00eb johomogjene t\u00eb fytyr\u00ebs, qaf\u00ebs dhe dekoltes\u00eb dhe gjithashtu per minimizimin e rudhave poshte [&hellip;]","og_url":"https:\/\/microbladingbyklaudia.al\/?page_id=6867","og_site_name":"Microblading By Klaudia","article_publisher":"https:\/\/www.facebook.com\/klaudiasaesthetic\/","article_modified_time":"2026-01-22T16:27:51+00:00","twitter_card":"summary_large_image","twitter_misc":{"Est. reading time":"4 minutes"},"schema":{"@context":"https:\/\/schema.org","@graph":[{"@type":"WebPage","@id":"https:\/\/microbladingbyklaudia.al\/?page_id=6867","url":"https:\/\/microbladingbyklaudia.al\/?page_id=6867","name":"CO2 Laser - Microblading By Klaudia","isPartOf":{"@id":"https:\/\/microbladingbyklaudia.al\/#website"},"datePublished":"2024-04-20T17:06:05+00:00","dateModified":"2026-01-22T16:27:51+00:00","breadcrumb":{"@id":"https:\/\/microbladingbyklaudia.al\/?page_id=6867#breadcrumb"},"inLanguage":"sq-AL","potentialAction":[{"@type":"ReadAction","target":["https:\/\/microbladingbyklaudia.al\/?page_id=6867"]}]},{"@type":"BreadcrumbList","@id":"https:\/\/microbladingbyklaudia.al\/?page_id=6867#breadcrumb","itemListElement":[{"@type":"ListItem","position":1,"name":"Home","item":"https:\/\/microbladingbyklaudia.al\/"},{"@type":"ListItem","position":2,"name":"CO2 Laser"}]},{"@type":"WebSite","@id":"https:\/\/microbladingbyklaudia.al\/#website","url":"https:\/\/microbladingbyklaudia.al\/","name":"Klaudia's Aesthetics","description":"Microblading By Klaudia","publisher":{"@id":"https:\/\/microbladingbyklaudia.al\/#organization"},"potentialAction":[{"@type":"SearchAction","target":{"@type":"EntryPoint","urlTemplate":"https:\/\/microbladingbyklaudia.al\/?s={search_term_string}"},"query-input":{"@type":"PropertyValueSpecification","valueRequired":true,"valueName":"search_term_string"}}],"inLanguage":"sq-AL"},{"@type":"Organization","@id":"https:\/\/microbladingbyklaudia.al\/#organization","name":"Klaudia's Aesthetics","url":"https:\/\/microbladingbyklaudia.al\/","logo":{"@type":"ImageObject","inLanguage":"sq-AL","@id":"https:\/\/microbladingbyklaudia.al\/#\/schema\/logo\/image\/","url":"https:\/\/microbladingbyklaudia.al\/wp-content\/uploads\/2023\/02\/1-removebg-preview-e1676483562292.png","contentUrl":"https:\/\/microbladingbyklaudia.al\/wp-content\/uploads\/2023\/02\/1-removebg-preview-e1676483562292.png","width":250,"height":250,"caption":"Klaudia's Aesthetics"},"image":{"@id":"https:\/\/microbladingbyklaudia.al\/#\/schema\/logo\/image\/"},"sameAs":["https:\/\/www.facebook.com\/klaudiasaesthetic\/","https:\/\/www.instagram.com\/klaudias_aesthetic\/"]}]}},"_links":{"self":[{"href":"https:\/\/microbladingbyklaudia.al\/index.php?rest_route=\/wp\/v2\/pages\/6867","targetHints":{"allow":["GET"]}}],"collection":[{"href":"https:\/\/microbladingbyklaudia.al\/index.php?rest_route=\/wp\/v2\/pages"}],"about":[{"href":"https:\/\/microbladingbyklaudia.al\/index.php?rest_route=\/wp\/v2\/types\/page"}],"author":[{"embeddable":true,"href":"https:\/\/microbladingbyklaudia.al\/index.php?rest_route=\/wp\/v2\/users\/1"}],"replies":[{"embeddable":true,"href":"https:\/\/microbladingbyklaudia.al\/index.php?rest_route=%2Fwp%2Fv2%2Fcomments&post=6867"}],"version-history":[{"count":2,"href":"https:\/\/microbladingbyklaudia.al\/index.php?rest_route=\/wp\/v2\/pages\/6867\/revisions"}],"predecessor-version":[{"id":7097,"href":"https:\/\/microbladingbyklaudia.al\/index.php?rest_route=\/wp\/v2\/pages\/6867\/revisions\/7097"}],"wp:attachment":[{"href":"https:\/\/microbladingbyklaudia.al\/index.php?rest_route=%2Fwp%2Fv2%2Fmedia&parent=6867"}],"curies":[{"name":"wp","href":"https:\/\/api.w.org\/{rel}","templated":true}]}}