{"id":723,"date":"2019-01-10T10:42:16","date_gmt":"2019-01-10T10:42:16","guid":{"rendered":"https:\/\/oaza.mikado-themes.com\/?page_id=723"},"modified":"2026-01-20T20:56:47","modified_gmt":"2026-01-20T20:56:47","slug":"about-us","status":"publish","type":"page","link":"https:\/\/microbladingbyklaudia.al\/?page_id=723","title":{"rendered":"Rreth Nesh"},"content":{"rendered":"<div class=\"wpb-content-wrapper\"><p>[vc_row content_placement=&#8221;top&#8221; row_content_width=&#8221;grid&#8221;][vc_column offset=&#8221;vc_col-lg-6 vc_col-md-12 vc_col-xs-12&#8243;]<div class=\"mkdf-elements-holder   mkdf-one-column  mkdf-responsive-mode-768 \" ><div class=\"mkdf-eh-item   mkdf-horizontal-alignment-center \"  data-item-class=\"mkdf-eh-custom-5451\" data-1367-1600=\"140px 0 150px 0\" data-1025-1366=\"140px 20px 150px 0\" data-769-1024=\"110px 21% 0px 0px\" data-681-768=\"90px 0 0 0\" data-680=\"80px 0 0 0\">\n\t<div class=\"mkdf-eh-item-inner\">\n\t\t<div class=\"mkdf-eh-item-content mkdf-eh-custom-5451\" style=\"padding: 140px 0 150px 0\">\n\t\t\t<div class=\"mkdf-section-title-holder \" style=\"padding: 0 0%;text-align: center\">\n\t<div class=\"mkdf-st-inner\">\n\t\t\t\t\t<span class=\"mkdf-st-subtitle\" >\n\t\t\tMir\u00eb se vini n\u00eb\t\t\t<\/span>\n\t\t\t\t\t\t\t<h2 class=\"mkdf-st-title\" style=\"margin-top: 3px\">\n\t\t\t\tKlaudia's Aesthetics\t\t\t<\/h2>\n\t\t\t\t\t\t\t<p class=\"mkdf-st-text\" style=\"margin-top: 1px\">\n\t\t\t\tNjihuni m\u00eb tep\u00ebr me Klaudia's Aesthetics\t\t\t<\/p>\n\t\t\t<\/div>\n<\/div>[vc_empty_space]<a itemprop=\"url\" href=\"https:\/\/microbladingbyklaudia.al\/?page_id=1088\" target=\"_self\" style=\"border-color: #f8b0b0;padding: 13px 44px\" class=\"mkdf-btn mkdf-btn-medium mkdf-btn-solid mkdf-btn-custom-hover-bg mkdf-btn-custom-border-hover mkdf-btn-custom-hover-color\" data-hover-color=\"#ffffff\" data-hover-bg-color=\"#f8b0b0\" data-hover-border-color=\"#f8b0b0\" >\n    <span class=\"mkdf-btn-text\">SHIKO M\u00cb SHUM\u00cb<\/span>\n    <\/a>\t\t<\/div>\n\t<\/div>\n<\/div><\/div>[\/vc_column][vc_column offset=&#8221;vc_col-lg-6 vc_col-md-12 vc_col-xs-12&#8243;]<div class=\"mkdf-elements-holder   mkdf-one-column  mkdf-responsive-mode-768 mkdf-one-column-alignment-center\" ><div class=\"mkdf-eh-item   mkdf-horizontal-alignment-center \"  data-item-class=\"mkdf-eh-custom-6982\">\n\t<div class=\"mkdf-eh-item-inner\">\n\t\t<div class=\"mkdf-eh-item-content mkdf-eh-custom-6982\" >\n\t\t\t[vc_single_image image=&#8221;6987&#8243; img_size=&#8221;large&#8221; alignment=&#8221;center&#8221; css=&#8221;&#8221;]\t\t<\/div>\n\t<\/div>\n<\/div><\/div>[\/vc_column][\/vc_row][vc_row][vc_column width=&#8221;1\/6&#8243;][\/vc_column][vc_column width=&#8221;2\/3&#8243;][vc_column_text css=&#8221;&#8221;]<\/p>\n<p align=\"justify\">Klaudia&#8217;s Aesthetics \u00ebsht\u00eb Studio m\u00eb e madhe n\u00eb territorin e Shqip\u00ebris\u00eb e llojit t\u00eb saj.<\/p>\n<p align=\"justify\">Ne ofrojm\u00eb p\u00ebr ju sh\u00ebrbimet me standartet m\u00eb t\u00eb larta n\u00eb tipologjin\u00eb e PMU. Stafi yn\u00eb dermoestetik p\u00ebrb\u00ebhet nga specialist\u00ebt m\u00eb t\u00eb mir\u00eb n\u00eb fushat t\u00eb cilat ata mbulojn\u00eb.<\/p>\n<p align=\"justify\">Klaudia \u00ebsht\u00eb e trajnuar nga trainer\u00eb nd\u00ebrkombetar\u00eb dhe ka fituar titullin Master.<\/p>\n<p align=\"justify\">Gjithashtu vlen t\u00eb p\u00ebrmenden\u00a0 trajnimet e kryera nga:<\/p>\n<ul>\n<li>PhiAcademy,<\/li>\n<li>Sviato Academy,<\/li>\n<li>Abbi Academy,<\/li>\n<li>Akademi Ruse<\/li>\n<\/ul>\n<p align=\"justify\">Trajnime p\u00ebr fusha t\u00eb tjera p\u00ebrfshijn\u00eb:<\/p>\n<ul>\n<li>Laser Tattoo Removal nga Phiacademy dhe Quanta System.<\/li>\n<li>Epilimi Laser nga Deka Laser Milano<\/li>\n<\/ul>\n<p align=\"justify\">10 vite lider n\u00eb tregun shqiptar tregon q\u00eb\u00a0 kemi treguar aftesit\u00eb\u00a0 dhe profesionalizmin ton\u00eb n\u00eb sh\u00ebrbimet q\u00eb ofrojm\u00eb.<\/p>\n<p align=\"justify\">Ne kemi kuruar me sherbim\u00ebt tona PMU disa nga personazhet m\u00eb t\u00eb njohura t\u00eb televizioneve shqiptare.<\/p>\n<p>[\/vc_column_text][\/vc_column][vc_column width=&#8221;1\/6&#8243;][\/vc_column][\/vc_row][vc_row][vc_column]<div class=\"mkdf-elements-holder   mkdf-one-column  mkdf-responsive-mode-768 \" ><div class=\"mkdf-eh-item    \"  data-item-class=\"mkdf-eh-custom-4141\">\n\t<div class=\"mkdf-eh-item-inner\">\n\t\t<div class=\"mkdf-eh-item-content mkdf-eh-custom-4141\" >\n\t\t\t[vc_empty_space][vc_empty_space]<div class=\"mkdf-section-title-holder \" >\n\t<div class=\"mkdf-st-inner\">\n\t\t\t\t\t\t\t<h2 class=\"mkdf-st-title\" >\n\t\t\t\tStafi Yn\u00eb\t\t\t<\/h2>\n\t\t\t\t\t<\/div>\n<\/div>\t\t<\/div>\n\t<\/div>\n<\/div><\/div>[\/vc_column][\/vc_row][vc_row][vc_column width=&#8221;1\/2&#8243;][vc_empty_space]<div class=\"mkdf-team-holder mkdf-team-info-below-image\">\n\t<div class=\"mkdf-team-inner\">\n\t\t\t\t\t<div class=\"mkdf-team-image\">\n                <img loading=\"lazy\" decoding=\"async\" width=\"1502\" height=\"1501\" src=\"https:\/\/microbladingbyklaudia.al\/wp-content\/uploads\/2023\/02\/Team-1.png\" class=\"attachment-full size-full\" alt=\"\" srcset=\"https:\/\/microbladingbyklaudia.al\/wp-content\/uploads\/2023\/02\/Team-1.png 1502w, https:\/\/microbladingbyklaudia.al\/wp-content\/uploads\/2023\/02\/Team-1-300x300.png 300w, https:\/\/microbladingbyklaudia.al\/wp-content\/uploads\/2023\/02\/Team-1-1024x1024.png 1024w, https:\/\/microbladingbyklaudia.al\/wp-content\/uploads\/2023\/02\/Team-1-150x150.png 150w, https:\/\/microbladingbyklaudia.al\/wp-content\/uploads\/2023\/02\/Team-1-768x767.png 768w, https:\/\/microbladingbyklaudia.al\/wp-content\/uploads\/2023\/02\/Team-1-650x650.png 650w, https:\/\/microbladingbyklaudia.al\/wp-content\/uploads\/2023\/02\/Team-1-1300x1300.png 1300w, https:\/\/microbladingbyklaudia.al\/wp-content\/uploads\/2023\/02\/Team-1-600x600.png 600w, https:\/\/microbladingbyklaudia.al\/wp-content\/uploads\/2023\/02\/Team-1-100x100.png 100w\" sizes=\"auto, (max-width: 1502px) 100vw, 1502px\" \/>\t\t\t<\/div>\n\t\t\t\t<div class=\"mkdf-team-info\">\n\t\t\t\t\t\t\t<span class=\"mkdf-h7 mkdf-team-position\" >Master Technician<\/span>\n\t\t\t\t\t\t\t\t\t\t<h5 class=\"mkdf-team-name\" >Erald Isufaj<\/h5>\n\t\t\t\t\t\t\t\t\t\t<p class=\"mkdf-team-text\" >Master teknik i li\u00e7ensuar laseri<\/p>\n\t\t\t\t\t\t\t\t\t\t<div class=\"mkdf-team-social-holder\">\n\t\t\t\t\t\t\t\t\t\t\t<span class=\"mkdf-team-icon\">    <span class=\"mkdf-icon-shortcode mkdf-normal   \">\n                    <span aria-hidden=\"true\" class=\"mkdf-icon-font-elegant social_facebook mkdf-icon-element\"><\/span>            <\/span>\n<\/span>\n\t\t\t\t\t\t\t\t\t\t\t<span class=\"mkdf-team-icon\">    <span class=\"mkdf-icon-shortcode mkdf-normal   \">\n                    <span aria-hidden=\"true\" class=\"mkdf-icon-font-elegant social_instagram mkdf-icon-element\"><\/span>            <\/span>\n<\/span>\n\t\t\t\t\t\t\t\t\t\t\t<span class=\"mkdf-team-icon\">    <span class=\"mkdf-icon-shortcode mkdf-normal   \">\n                    <span aria-hidden=\"true\" class=\"mkdf-icon-font-elegant social_twitter mkdf-icon-element\"><\/span>            <\/span>\n<\/span>\n\t\t\t\t\t\t\t\t\t\t\t<span class=\"mkdf-team-icon\">    <span class=\"mkdf-icon-shortcode mkdf-normal   \">\n                    <span aria-hidden=\"true\" class=\"mkdf-icon-font-elegant social_linkedin mkdf-icon-element\"><\/span>            <\/span>\n<\/span>\n\t\t\t\t\t\t\t\t\t<\/div>\n\t\t\t\t\t<\/div>\n\t<\/div>\n<\/div>[\/vc_column][vc_column width=&#8221;1\/2&#8243;][vc_empty_space]<div class=\"mkdf-team-holder mkdf-team-info-below-image\">\n\t<div class=\"mkdf-team-inner\">\n\t\t\t\t\t<div class=\"mkdf-team-image\">\n                <img loading=\"lazy\" decoding=\"async\" width=\"3187\" height=\"3187\" src=\"https:\/\/microbladingbyklaudia.al\/wp-content\/uploads\/2023\/02\/Team-2.png\" class=\"attachment-full size-full\" alt=\"\" srcset=\"https:\/\/microbladingbyklaudia.al\/wp-content\/uploads\/2023\/02\/Team-2.png 3187w, https:\/\/microbladingbyklaudia.al\/wp-content\/uploads\/2023\/02\/Team-2-300x300.png 300w, https:\/\/microbladingbyklaudia.al\/wp-content\/uploads\/2023\/02\/Team-2-1024x1024.png 1024w, https:\/\/microbladingbyklaudia.al\/wp-content\/uploads\/2023\/02\/Team-2-150x150.png 150w, https:\/\/microbladingbyklaudia.al\/wp-content\/uploads\/2023\/02\/Team-2-768x768.png 768w, https:\/\/microbladingbyklaudia.al\/wp-content\/uploads\/2023\/02\/Team-2-1536x1536.png 1536w, https:\/\/microbladingbyklaudia.al\/wp-content\/uploads\/2023\/02\/Team-2-650x650.png 650w, https:\/\/microbladingbyklaudia.al\/wp-content\/uploads\/2023\/02\/Team-2-1300x1300.png 1300w, https:\/\/microbladingbyklaudia.al\/wp-content\/uploads\/2023\/02\/Team-2-600x600.png 600w, https:\/\/microbladingbyklaudia.al\/wp-content\/uploads\/2023\/02\/Team-2-100x100.png 100w\" sizes=\"auto, (max-width: 3187px) 100vw, 3187px\" \/>\t\t\t<\/div>\n\t\t\t\t<div class=\"mkdf-team-info\">\n\t\t\t\t\t\t\t<span class=\"mkdf-h7 mkdf-team-position\" >Master<\/span>\n\t\t\t\t\t\t\t\t\t\t<h5 class=\"mkdf-team-name\" >Klaudja Gjikolaj Isufaj<\/h5>\n\t\t\t\t\t\t\t\t\t\t<p class=\"mkdf-team-text\" >Titulli m\u00eb i lart\u00eb nd\u00ebrkomb\u00ebtar n\u00eb fush\u00ebn e Permanent Make Up<\/p>\n\t\t\t\t\t\t\t\t\t\t<div class=\"mkdf-team-social-holder\">\n\t\t\t\t\t\t\t\t\t\t\t<span class=\"mkdf-team-icon\">    <span class=\"mkdf-icon-shortcode mkdf-normal   \">\n                    <span aria-hidden=\"true\" class=\"mkdf-icon-font-elegant social_facebook mkdf-icon-element\"><\/span>            <\/span>\n<\/span>\n\t\t\t\t\t\t\t\t\t\t\t<span class=\"mkdf-team-icon\">    <span class=\"mkdf-icon-shortcode mkdf-normal   \">\n                    <span aria-hidden=\"true\" class=\"mkdf-icon-font-elegant social_instagram mkdf-icon-element\"><\/span>            <\/span>\n<\/span>\n\t\t\t\t\t\t\t\t\t\t\t<span class=\"mkdf-team-icon\">    <span class=\"mkdf-icon-shortcode mkdf-normal   \">\n                    <span aria-hidden=\"true\" class=\"mkdf-icon-font-elegant social_twitter mkdf-icon-element\"><\/span>            <\/span>\n<\/span>\n\t\t\t\t\t\t\t\t\t\t\t<span class=\"mkdf-team-icon\">    <span class=\"mkdf-icon-shortcode mkdf-normal   \">\n                    <span aria-hidden=\"true\" class=\"mkdf-icon-font-elegant social_linkedin mkdf-icon-element\"><\/span>            <\/span>\n<\/span>\n\t\t\t\t\t\t\t\t\t<\/div>\n\t\t\t\t\t<\/div>\n\t<\/div>\n<\/div>[\/vc_column][vc_column][\/vc_column][\/vc_row]<\/p>\n<\/div>","protected":false},"excerpt":{"rendered":"<p>[vc_row content_placement=&#8221;top&#8221; row_content_width=&#8221;grid&#8221;][vc_column offset=&#8221;vc_col-lg-6 vc_col-md-12 vc_col-xs-12&#8243;][\/vc_column][vc_column offset=&#8221;vc_col-lg-6 vc_col-md-12 vc_col-xs-12&#8243;][\/vc_column][\/vc_row][vc_row][vc_column width=&#8221;1\/6&#8243;][\/vc_column][vc_column width=&#8221;2\/3&#8243;][vc_column_text css=&#8221;&#8221;] Klaudia&#8217;s Aesthetics \u00ebsht\u00eb Studio m\u00eb e madhe n\u00eb territorin e Shqip\u00ebris\u00eb e llojit t\u00eb saj. Ne ofrojm\u00eb p\u00ebr ju sh\u00ebrbimet me standartet m\u00eb t\u00eb larta n\u00eb tipologjin\u00eb e [&hellip;]<\/p>\n","protected":false},"author":1,"featured_media":0,"parent":0,"menu_order":0,"comment_status":"closed","ping_status":"closed","template":"full-width.php","meta":{"footnotes":""},"class_list":["post-723","page","type-page","status-publish","hentry"],"yoast_head":"<!-- This site is optimized with the Yoast SEO plugin v27.3 - https:\/\/yoast.com\/product\/yoast-seo-wordpress\/ -->\n<title>Rreth Nesh - Microblading By Klaudia<\/title>\n<meta name=\"robots\" content=\"index, follow, max-snippet:-1, max-image-preview:large, max-video-preview:-1\" \/>\n<link rel=\"canonical\" href=\"https:\/\/microbladingbyklaudia.al\/?page_id=723\" \/>\n<meta property=\"og:locale\" content=\"sq_AL\" \/>\n<meta property=\"og:type\" content=\"article\" \/>\n<meta property=\"og:title\" content=\"Rreth Nesh - Microblading By Klaudia\" \/>\n<meta property=\"og:description\" content=\"[vc_row content_placement=&#8221;top&#8221; row_content_width=&#8221;grid&#8221;][vc_column offset=&#8221;vc_col-lg-6 vc_col-md-12 vc_col-xs-12&#8243;][\/vc_column][vc_column offset=&#8221;vc_col-lg-6 vc_col-md-12 vc_col-xs-12&#8243;][\/vc_column][\/vc_row][vc_row][vc_column width=&#8221;1\/6&#8243;][\/vc_column][vc_column width=&#8221;2\/3&#8243;][vc_column_text css=&#8221;&#8221;] Klaudia&#8217;s Aesthetics \u00ebsht\u00eb Studio m\u00eb e madhe n\u00eb territorin e Shqip\u00ebris\u00eb e llojit t\u00eb saj. Ne ofrojm\u00eb p\u00ebr ju sh\u00ebrbimet me standartet m\u00eb t\u00eb larta n\u00eb tipologjin\u00eb e [&hellip;]\" \/>\n<meta property=\"og:url\" content=\"https:\/\/microbladingbyklaudia.al\/?page_id=723\" \/>\n<meta property=\"og:site_name\" content=\"Microblading By Klaudia\" \/>\n<meta property=\"article:publisher\" content=\"https:\/\/www.facebook.com\/klaudiasaesthetic\/\" \/>\n<meta property=\"article:modified_time\" content=\"2026-01-20T20:56:47+00:00\" \/>\n<meta name=\"twitter:card\" content=\"summary_large_image\" \/>\n<meta name=\"twitter:label1\" content=\"Est. reading time\" \/>\n\t<meta name=\"twitter:data1\" content=\"3 minutes\" \/>\n<script type=\"application\/ld+json\" class=\"yoast-schema-graph\">{\"@context\":\"https:\\\/\\\/schema.org\",\"@graph\":[{\"@type\":\"WebPage\",\"@id\":\"https:\\\/\\\/microbladingbyklaudia.al\\\/?page_id=723\",\"url\":\"https:\\\/\\\/microbladingbyklaudia.al\\\/?page_id=723\",\"name\":\"Rreth Nesh - Microblading By Klaudia\",\"isPartOf\":{\"@id\":\"https:\\\/\\\/microbladingbyklaudia.al\\\/#website\"},\"datePublished\":\"2019-01-10T10:42:16+00:00\",\"dateModified\":\"2026-01-20T20:56:47+00:00\",\"breadcrumb\":{\"@id\":\"https:\\\/\\\/microbladingbyklaudia.al\\\/?page_id=723#breadcrumb\"},\"inLanguage\":\"sq-AL\",\"potentialAction\":[{\"@type\":\"ReadAction\",\"target\":[\"https:\\\/\\\/microbladingbyklaudia.al\\\/?page_id=723\"]}]},{\"@type\":\"BreadcrumbList\",\"@id\":\"https:\\\/\\\/microbladingbyklaudia.al\\\/?page_id=723#breadcrumb\",\"itemListElement\":[{\"@type\":\"ListItem\",\"position\":1,\"name\":\"Home\",\"item\":\"https:\\\/\\\/microbladingbyklaudia.al\\\/\"},{\"@type\":\"ListItem\",\"position\":2,\"name\":\"Rreth Nesh\"}]},{\"@type\":\"WebSite\",\"@id\":\"https:\\\/\\\/microbladingbyklaudia.al\\\/#website\",\"url\":\"https:\\\/\\\/microbladingbyklaudia.al\\\/\",\"name\":\"Klaudia's Aesthetics\",\"description\":\"Microblading By Klaudia\",\"publisher\":{\"@id\":\"https:\\\/\\\/microbladingbyklaudia.al\\\/#organization\"},\"potentialAction\":[{\"@type\":\"SearchAction\",\"target\":{\"@type\":\"EntryPoint\",\"urlTemplate\":\"https:\\\/\\\/microbladingbyklaudia.al\\\/?s={search_term_string}\"},\"query-input\":{\"@type\":\"PropertyValueSpecification\",\"valueRequired\":true,\"valueName\":\"search_term_string\"}}],\"inLanguage\":\"sq-AL\"},{\"@type\":\"Organization\",\"@id\":\"https:\\\/\\\/microbladingbyklaudia.al\\\/#organization\",\"name\":\"Klaudia's Aesthetics\",\"url\":\"https:\\\/\\\/microbladingbyklaudia.al\\\/\",\"logo\":{\"@type\":\"ImageObject\",\"inLanguage\":\"sq-AL\",\"@id\":\"https:\\\/\\\/microbladingbyklaudia.al\\\/#\\\/schema\\\/logo\\\/image\\\/\",\"url\":\"https:\\\/\\\/microbladingbyklaudia.al\\\/wp-content\\\/uploads\\\/2023\\\/02\\\/1-removebg-preview-e1676483562292.png\",\"contentUrl\":\"https:\\\/\\\/microbladingbyklaudia.al\\\/wp-content\\\/uploads\\\/2023\\\/02\\\/1-removebg-preview-e1676483562292.png\",\"width\":250,\"height\":250,\"caption\":\"Klaudia's Aesthetics\"},\"image\":{\"@id\":\"https:\\\/\\\/microbladingbyklaudia.al\\\/#\\\/schema\\\/logo\\\/image\\\/\"},\"sameAs\":[\"https:\\\/\\\/www.facebook.com\\\/klaudiasaesthetic\\\/\",\"https:\\\/\\\/www.instagram.com\\\/klaudias_aesthetic\\\/\"]}]}<\/script>\n<!-- \/ Yoast SEO plugin. -->","yoast_head_json":{"title":"Rreth Nesh - Microblading By Klaudia","robots":{"index":"index","follow":"follow","max-snippet":"max-snippet:-1","max-image-preview":"max-image-preview:large","max-video-preview":"max-video-preview:-1"},"canonical":"https:\/\/microbladingbyklaudia.al\/?page_id=723","og_locale":"sq_AL","og_type":"article","og_title":"Rreth Nesh - Microblading By Klaudia","og_description":"[vc_row content_placement=&#8221;top&#8221; row_content_width=&#8221;grid&#8221;][vc_column offset=&#8221;vc_col-lg-6 vc_col-md-12 vc_col-xs-12&#8243;][\/vc_column][vc_column offset=&#8221;vc_col-lg-6 vc_col-md-12 vc_col-xs-12&#8243;][\/vc_column][\/vc_row][vc_row][vc_column width=&#8221;1\/6&#8243;][\/vc_column][vc_column width=&#8221;2\/3&#8243;][vc_column_text css=&#8221;&#8221;] Klaudia&#8217;s Aesthetics \u00ebsht\u00eb Studio m\u00eb e madhe n\u00eb territorin e Shqip\u00ebris\u00eb e llojit t\u00eb saj. Ne ofrojm\u00eb p\u00ebr ju sh\u00ebrbimet me standartet m\u00eb t\u00eb larta n\u00eb tipologjin\u00eb e [&hellip;]","og_url":"https:\/\/microbladingbyklaudia.al\/?page_id=723","og_site_name":"Microblading By Klaudia","article_publisher":"https:\/\/www.facebook.com\/klaudiasaesthetic\/","article_modified_time":"2026-01-20T20:56:47+00:00","twitter_card":"summary_large_image","twitter_misc":{"Est. reading time":"3 minutes"},"schema":{"@context":"https:\/\/schema.org","@graph":[{"@type":"WebPage","@id":"https:\/\/microbladingbyklaudia.al\/?page_id=723","url":"https:\/\/microbladingbyklaudia.al\/?page_id=723","name":"Rreth Nesh - Microblading By Klaudia","isPartOf":{"@id":"https:\/\/microbladingbyklaudia.al\/#website"},"datePublished":"2019-01-10T10:42:16+00:00","dateModified":"2026-01-20T20:56:47+00:00","breadcrumb":{"@id":"https:\/\/microbladingbyklaudia.al\/?page_id=723#breadcrumb"},"inLanguage":"sq-AL","potentialAction":[{"@type":"ReadAction","target":["https:\/\/microbladingbyklaudia.al\/?page_id=723"]}]},{"@type":"BreadcrumbList","@id":"https:\/\/microbladingbyklaudia.al\/?page_id=723#breadcrumb","itemListElement":[{"@type":"ListItem","position":1,"name":"Home","item":"https:\/\/microbladingbyklaudia.al\/"},{"@type":"ListItem","position":2,"name":"Rreth Nesh"}]},{"@type":"WebSite","@id":"https:\/\/microbladingbyklaudia.al\/#website","url":"https:\/\/microbladingbyklaudia.al\/","name":"Klaudia's Aesthetics","description":"Microblading By Klaudia","publisher":{"@id":"https:\/\/microbladingbyklaudia.al\/#organization"},"potentialAction":[{"@type":"SearchAction","target":{"@type":"EntryPoint","urlTemplate":"https:\/\/microbladingbyklaudia.al\/?s={search_term_string}"},"query-input":{"@type":"PropertyValueSpecification","valueRequired":true,"valueName":"search_term_string"}}],"inLanguage":"sq-AL"},{"@type":"Organization","@id":"https:\/\/microbladingbyklaudia.al\/#organization","name":"Klaudia's Aesthetics","url":"https:\/\/microbladingbyklaudia.al\/","logo":{"@type":"ImageObject","inLanguage":"sq-AL","@id":"https:\/\/microbladingbyklaudia.al\/#\/schema\/logo\/image\/","url":"https:\/\/microbladingbyklaudia.al\/wp-content\/uploads\/2023\/02\/1-removebg-preview-e1676483562292.png","contentUrl":"https:\/\/microbladingbyklaudia.al\/wp-content\/uploads\/2023\/02\/1-removebg-preview-e1676483562292.png","width":250,"height":250,"caption":"Klaudia's Aesthetics"},"image":{"@id":"https:\/\/microbladingbyklaudia.al\/#\/schema\/logo\/image\/"},"sameAs":["https:\/\/www.facebook.com\/klaudiasaesthetic\/","https:\/\/www.instagram.com\/klaudias_aesthetic\/"]}]}},"_links":{"self":[{"href":"https:\/\/microbladingbyklaudia.al\/index.php?rest_route=\/wp\/v2\/pages\/723","targetHints":{"allow":["GET"]}}],"collection":[{"href":"https:\/\/microbladingbyklaudia.al\/index.php?rest_route=\/wp\/v2\/pages"}],"about":[{"href":"https:\/\/microbladingbyklaudia.al\/index.php?rest_route=\/wp\/v2\/types\/page"}],"author":[{"embeddable":true,"href":"https:\/\/microbladingbyklaudia.al\/index.php?rest_route=\/wp\/v2\/users\/1"}],"replies":[{"embeddable":true,"href":"https:\/\/microbladingbyklaudia.al\/index.php?rest_route=%2Fwp%2Fv2%2Fcomments&post=723"}],"version-history":[{"count":44,"href":"https:\/\/microbladingbyklaudia.al\/index.php?rest_route=\/wp\/v2\/pages\/723\/revisions"}],"predecessor-version":[{"id":7009,"href":"https:\/\/microbladingbyklaudia.al\/index.php?rest_route=\/wp\/v2\/pages\/723\/revisions\/7009"}],"wp:attachment":[{"href":"https:\/\/microbladingbyklaudia.al\/index.php?rest_route=%2Fwp%2Fv2%2Fmedia&parent=723"}],"curies":[{"name":"wp","href":"https:\/\/api.w.org\/{rel}","templated":true}]}}